{"id":95,"date":"2016-11-22T21:35:31","date_gmt":"2016-11-22T20:35:31","guid":{"rendered":"https:\/\/uf-mi.u-bordeaux.fr\/road\/?page_id=95"},"modified":"2023-10-09T09:03:39","modified_gmt":"2023-10-09T07:03:39","slug":"contact","status":"publish","type":"page","link":"https:\/\/uf-mi.u-bordeaux.fr\/road\/contact\/","title":{"rendered":"Contact"},"content":{"rendered":"<p><strong>Secr\u00e9tariat p\u00e9dagogique<\/strong><\/p>\n<p>Caroline Petit<br \/>\nUniversit\u00e9 de Bordeaux-Coll\u00e8ge Sciences et Technologie &#8211; UF Math\u00e9matiques et Interactions<br \/>\n351, Cours de la Lib\u00e9ration &#8211; 33405 TALENCE CEDEX<br \/>\ncourriel :\u00a0<a class=\"urllink\" href=\"mailto:caroline.petit&lt;AT&gt;u-bordeaux.fr\" rel=\"nofollow\">caroline.petit&lt;AT&gt;u-bordeaux.fr<br \/>\n<\/a>t\u00e9l : 05 40 00 61 08<br \/>\nB\u00e2t A33, Porte 111<\/p>\n<p><strong>Responsable du parcours<\/strong><\/p>\n<p>Fran\u00e7ois Clautiaux<br \/>\ncourriel : francois.clautiaux&lt;-AT-&gt;u-bordeaux.fr<\/p>\n","protected":false},"excerpt":{"rendered":"<p>Secr\u00e9tariat p\u00e9dagogique Caroline Petit Universit\u00e9 de Bordeaux-Coll\u00e8ge Sciences et Technologie &#8211; UF Math\u00e9matiques et Interactions 351, Cours de la Lib\u00e9ration &#8211; 33405 TALENCE CEDEX courriel :\u00a0caroline.petit&lt;AT&gt;u-bordeaux.fr t\u00e9l : 05 40 &#8230;<\/p>\n","protected":false},"author":4,"featured_media":0,"parent":0,"menu_order":0,"comment_status":"closed","ping_status":"closed","template":"","meta":{"footnotes":""},"class_list":["post-95","page","type-page","status-publish","hentry"],"_links":{"self":[{"href":"https:\/\/uf-mi.u-bordeaux.fr\/road\/wp-json\/wp\/v2\/pages\/95","targetHints":{"allow":["GET"]}}],"collection":[{"href":"https:\/\/uf-mi.u-bordeaux.fr\/road\/wp-json\/wp\/v2\/pages"}],"about":[{"href":"https:\/\/uf-mi.u-bordeaux.fr\/road\/wp-json\/wp\/v2\/types\/page"}],"author":[{"embeddable":true,"href":"https:\/\/uf-mi.u-bordeaux.fr\/road\/wp-json\/wp\/v2\/users\/4"}],"replies":[{"embeddable":true,"href":"https:\/\/uf-mi.u-bordeaux.fr\/road\/wp-json\/wp\/v2\/comments?post=95"}],"version-history":[{"count":4,"href":"https:\/\/uf-mi.u-bordeaux.fr\/road\/wp-json\/wp\/v2\/pages\/95\/revisions"}],"predecessor-version":[{"id":552,"href":"https:\/\/uf-mi.u-bordeaux.fr\/road\/wp-json\/wp\/v2\/pages\/95\/revisions\/552"}],"wp:attachment":[{"href":"https:\/\/uf-mi.u-bordeaux.fr\/road\/wp-json\/wp\/v2\/media?parent=95"}],"curies":[{"name":"wp","href":"https:\/\/api.w.org\/{rel}","templated":true}]}}