{"id":535,"date":"2023-09-11T14:44:06","date_gmt":"2023-09-11T12:44:06","guid":{"rendered":"https:\/\/uf-mi.u-bordeaux.fr\/road\/?page_id=535"},"modified":"2023-09-18T09:06:53","modified_gmt":"2023-09-18T07:06:53","slug":"parcours-en-alternance-2023-2024","status":"publish","type":"page","link":"https:\/\/uf-mi.u-bordeaux.fr\/road\/parcours-en-alternance-2023-2024\/","title":{"rendered":"Liste des cours du parcours en alternance, 2023 &#8211; 2024"},"content":{"rendered":"\n<p>Voici la liste des cours du parcours en alternance.<\/p>\n\n\n\n<p><a href=\"https:\/\/uf-mi.u-bordeaux.fr\/road\/liste-des-cours-du-parcours-classique-2023-2024\/\">Voir la liste des cours dans le parcours classique.<\/a><\/p>\n\n\n\n<h2 class=\"wp-block-heading\">Semestre 1<\/h2>\n\n\n\n<h6 class=\"wp-block-heading\">Rem\u00e9diation (6 ECTS) : 2 UE au choix parmi<\/h6>\n\n\n\n\n\n<h6 class=\"wp-block-heading\">Optimisation &amp; algorithmique (9 ECTS)<\/h6>\n\n\n\n<figure class=\"wp-block-table\"><table><tbody><tr><td>Introduction \u00e0 la programmation en variables enti\u00e8res<\/td><td>3 ECTS<\/td><td>24 h<\/td><\/tr><tr><td>Graphes et algorithmes<\/td><td>6 ECTS<\/td><td>48 h<\/td><\/tr><\/tbody><\/table><\/figure>\n\n\n\n<h6 class=\"wp-block-heading\">Programmation &amp; outils informatiques (6 ECTS)<\/h6>\n\n\n\n<figure class=\"wp-block-table\"><table><tbody><tr><td>Outils informatiques pour le traitement des donn\u00e9es<\/td><td>6 ECTS<\/td><td>50 h<\/td><\/tr><\/tbody><\/table><\/figure>\n\n\n\n<h6 class=\"wp-block-heading\">Statistiques &amp; data (6 ECTS)<br><\/h6>\n\n\n\n<figure class=\"wp-block-table\"><table><tbody><tr><td>Repr\u00e9sentation de donn\u00e9es et statistique multidimensionnelle<\/td><td>3 ECTS<\/td><td>24 h<\/td><\/tr><tr><td>Statistiques inf\u00e9rentielles &amp; langage R<\/td><td>3 ECTS<\/td><td>21 h<\/td><\/tr><\/tbody><\/table><\/figure>\n\n\n\n<h6 class=\"wp-block-heading\">LANGUES (3 ECTS)<br><\/h6>\n\n\n\n<figure class=\"wp-block-table\"><table><tbody><tr><td>Anglais<\/td><td>3 ECTS<\/td><td>21 h<\/td><\/tr><\/tbody><\/table><\/figure>\n\n\n\n<h2 class=\"wp-block-heading\">Semestre 2<\/h2>\n\n\n\n<h6 class=\"wp-block-heading\">Optimisation et algorithmique (12 ECTS)<\/h6>\n\n\n\n<figure class=\"wp-block-table\"><table><tbody><tr><td>Algorithmes pour l&rsquo;optimisation en nombres entiers<\/td><td>3 ECTS<\/td><td>24 h<\/td><\/tr><tr><td>Complexit\u00e9 des probl\u00e8mes<\/td><td>3 ECTS<\/td><td>24 h<\/td><\/tr><tr><td>M\u00e9taheuristiques<\/td><td>3 ECTS<\/td><td>24 h<\/td><\/tr><tr><td>Optimisation continue sous contraintes<\/td><td>3 ECTS<\/td><td>24 h<\/td><\/tr><\/tbody><\/table><\/figure>\n\n\n\n<h6 class=\"wp-block-heading\"><strong>PROGRAMMATION &amp; OUTILS INFORMATIQUES<\/strong> (3 ECTS)<\/h6>\n\n\n\n<figure class=\"wp-block-table\"><table><tbody><tr><td>Programmation objet et g\u00e9nie logiciel<\/td><td>3 ECTS<\/td><td>24 h<\/td><\/tr><\/tbody><\/table><\/figure>\n\n\n\n<h6 class=\"wp-block-heading\">Statistiques &amp; Data (3 ECTS)<\/h6>\n\n\n\n<figure class=\"wp-block-table\"><table><tbody><tr><td>Statistique computationnelle pour l&rsquo;exploration de donn\u00e9es<\/td><td>3 ECTS<\/td><td>24 h<\/td><\/tr><\/tbody><\/table><\/figure>\n\n\n\n<h6 class=\"wp-block-heading\">Professionnalisation (12 ECTS)<\/h6>\n\n\n\n<figure class=\"wp-block-table\"><table><tbody><tr><td>Etudes de cas industriels<\/td><td>3 ECTS<\/td><td>24 h<\/td><\/tr><tr><td>Etude bibliographique et veille documentaire 1<\/td><td>9 ECTS<\/td><td>54 h<\/td><\/tr><\/tbody><\/table><\/figure>\n\n\n\n<h2 class=\"wp-block-heading\">Semestre 3<\/h2>\n\n\n\n<h6 class=\"wp-block-heading\">Optimisation et algorithmique (18 ECTS)<\/h6>\n\n\n\n<figure class=\"wp-block-table\"><table><tbody><tr><td>Gestion des op\u00e9rations et planification de la production<\/td><td>6 ECTS<\/td><td>48 h<\/td><\/tr><tr><td>Integer Programming<\/td><td>6 ECTS<\/td><td>48 h<\/td><\/tr><tr><td>Optimisation dans l&rsquo;incertain<\/td><td>6 ECTS<\/td><td>48 h<\/td><\/tr><\/tbody><\/table><\/figure>\n\n\n\n<h6 class=\"wp-block-heading\">Ouverture : 12 ects au choix<\/h6>\n\n\n\n<figure class=\"wp-block-table\"><table><tbody><tr><td>Anglais<\/td><td>3 ECTS<\/td><td>18 h<\/td><\/tr><tr><td>Classification supervis\u00e9e<\/td><td>6 ECTS<\/td><td>48 h<\/td><\/tr><tr><td>Approximation and Big Data<\/td><td>3 ECTS<\/td><td>24 h<\/td><\/tr><tr><td>Etude bibliographique et veille documentaire 2<\/td><td>3 ECTS<\/td><td>24 h<\/td><\/tr><tr><td>Files d&rsquo;attente<\/td><td>3 ECTS<\/td><td>24 h<\/td><\/tr><tr><td>Introduction \u00e0 l&rsquo;apprentissage profond et <br>D\u00e9fi Science des donn\u00e9es<\/td><td>3 ECTS<\/td><td>24 h<\/td><\/tr><tr><td>Projet d&rsquo;optimisation et solveurs<br>[Programmation par contraintes]<\/td><td>3 ECTS<\/td><td>24 h<\/td><\/tr><\/tbody><\/table><\/figure>\n\n\n\n<h2 class=\"wp-block-heading\">Semestre 4<\/h2>\n\n\n\n<h6 class=\"wp-block-heading\">Professionnalisation (30 ECTS)<\/h6>\n\n\n\n<figure class=\"wp-block-table\"><table><tbody><tr><td>Stage<\/td><td>24 ECTS<\/td><td><\/td><\/tr><tr><td>Projet d&rsquo;optimisation en entreprise<\/td><td>6 ECTS<\/td><td>273 h<\/td><\/tr><\/tbody><\/table><\/figure>\n","protected":false},"excerpt":{"rendered":"<p>Voici la liste des cours du parcours en alternance. Voir la liste des cours dans le parcours classique. Semestre 1 Rem\u00e9diation (6 ECTS) : 2 UE au choix parmi Optimisation &#8230;<\/p>\n","protected":false},"author":20,"featured_media":0,"parent":0,"menu_order":0,"comment_status":"closed","ping_status":"closed","template":"","meta":{"footnotes":""},"class_list":["post-535","page","type-page","status-publish","hentry"],"_links":{"self":[{"href":"https:\/\/uf-mi.u-bordeaux.fr\/road\/wp-json\/wp\/v2\/pages\/535","targetHints":{"allow":["GET"]}}],"collection":[{"href":"https:\/\/uf-mi.u-bordeaux.fr\/road\/wp-json\/wp\/v2\/pages"}],"about":[{"href":"https:\/\/uf-mi.u-bordeaux.fr\/road\/wp-json\/wp\/v2\/types\/page"}],"author":[{"embeddable":true,"href":"https:\/\/uf-mi.u-bordeaux.fr\/road\/wp-json\/wp\/v2\/users\/20"}],"replies":[{"embeddable":true,"href":"https:\/\/uf-mi.u-bordeaux.fr\/road\/wp-json\/wp\/v2\/comments?post=535"}],"version-history":[{"count":6,"href":"https:\/\/uf-mi.u-bordeaux.fr\/road\/wp-json\/wp\/v2\/pages\/535\/revisions"}],"predecessor-version":[{"id":551,"href":"https:\/\/uf-mi.u-bordeaux.fr\/road\/wp-json\/wp\/v2\/pages\/535\/revisions\/551"}],"wp:attachment":[{"href":"https:\/\/uf-mi.u-bordeaux.fr\/road\/wp-json\/wp\/v2\/media?parent=535"}],"curies":[{"name":"wp","href":"https:\/\/api.w.org\/{rel}","templated":true}]}}