{"id":46,"date":"2016-11-22T14:12:10","date_gmt":"2016-11-22T13:12:10","guid":{"rendered":"https:\/\/uf-mi.u-bordeaux.fr\/road\/?page_id=46"},"modified":"2023-06-19T14:34:40","modified_gmt":"2023-06-19T12:34:40","slug":"projets","status":"publish","type":"page","link":"https:\/\/uf-mi.u-bordeaux.fr\/road\/projets\/","title":{"rendered":"Projets"},"content":{"rendered":"<p>Les \u00e9tudiants de master ROAD doivent r\u00e9aliser deux projets durant leur cursus.<\/p>\n<h3>Projet de master 1 (Travaux d&rsquo;\u00e9tude et de recherche, TER)<\/h3>\n<p>Le projet de master 1 se d\u00e9roule par groupes de deux \u00e0 trois personnes. Chaque groupe travaille sur un sujet diff\u00e9rent. Il correspond au minimum \u00e0 une journ\u00e9e de travail par personne pendant environ trois mois.<\/p>\n<p>D\u00e9but du projet : fin janvier<\/p>\n<p>Fin du projet : d\u00e9but mai<\/p>\n<p>Les \u00e9tudiants doivent pr\u00e9senter les r\u00e9sultats de leur projet dans un rapport et une pr\u00e9sentation orale.<\/p>\n<p>Les sujets peuvent \u00eatre acad\u00e9miques ou provenir d&rsquo;une entreprise. <strong>Dans le cas d&rsquo;un sujet entreprise, il est possible de poursuivre le travail au cours d&rsquo;un <a href=\"https:\/\/uf-mi.u-bordeaux.fr\/road\/stages\/\">stage d&rsquo;\u00e9t\u00e9<\/a> (de mi-mai jusqu&rsquo;au 31 ao\u00fbt).<\/strong><\/p>\n<p><strong>Pour envoyer un sujet de projet, ou prendre des renseignements, adressez-vous au responsable des projets : pierre.pesneau&lt;-AT-&gt;math.u-bordeaux.fr<\/strong><\/p>\n<h3>Projet de master 2 (projet d&rsquo;optimisation pour la professionnalisation)<\/h3>\n<p>Le projet de master 2 se d\u00e9roule individuellement ou en bin\u00f4me. Tous les groupes travaillent sur le m\u00eame sujet. Il correspond \u00e0 quelques heures au premier semestre, puis <strong>un mois \u00e0 plein temps<\/strong> au deuxi\u00e8me.<\/p>\n<p>D\u00e9but du projet : courant novembre<\/p>\n<p>Fin du projet : fin f\u00e9vrier<\/p>\n<p>Les \u00e9tudiants doivent pr\u00e9senter les r\u00e9sultats de leur projet dans un rapport et une pr\u00e9sentation orale.<\/p>\n<p>Les sujets proviennent tous d&rsquo;une entreprise. Le suivi est r\u00e9alis\u00e9 par l&rsquo;\u00e9quipe enseignante et le cas \u00e9ch\u00e9ant par une entreprise.<\/p>\n<p><strong>Pour envoyer un sujet de projet, ou prendre des renseignements, adressez-vous au responsable de la mati\u00e8re : francois.clautiaux&lt;-AT-&gt;math.u-bordeaux.fr<\/strong><\/p>\n<p><a href=\"https:\/\/uf-mi.u-bordeaux.fr\/road\/liste-des-sujets-de-projet-m2\/\">Liste de projets propos\u00e9s r\u00e9cemment<\/a><\/p>\n","protected":false},"excerpt":{"rendered":"<p>Les \u00e9tudiants de master ROAD doivent r\u00e9aliser deux projets durant leur cursus. Projet de master 1 (Travaux d&rsquo;\u00e9tude et de recherche, TER) Le projet de master 1 se d\u00e9roule par &#8230;<\/p>\n","protected":false},"author":4,"featured_media":0,"parent":0,"menu_order":0,"comment_status":"closed","ping_status":"closed","template":"","meta":{"footnotes":""},"class_list":["post-46","page","type-page","status-publish","hentry"],"_links":{"self":[{"href":"https:\/\/uf-mi.u-bordeaux.fr\/road\/wp-json\/wp\/v2\/pages\/46","targetHints":{"allow":["GET"]}}],"collection":[{"href":"https:\/\/uf-mi.u-bordeaux.fr\/road\/wp-json\/wp\/v2\/pages"}],"about":[{"href":"https:\/\/uf-mi.u-bordeaux.fr\/road\/wp-json\/wp\/v2\/types\/page"}],"author":[{"embeddable":true,"href":"https:\/\/uf-mi.u-bordeaux.fr\/road\/wp-json\/wp\/v2\/users\/4"}],"replies":[{"embeddable":true,"href":"https:\/\/uf-mi.u-bordeaux.fr\/road\/wp-json\/wp\/v2\/comments?post=46"}],"version-history":[{"count":14,"href":"https:\/\/uf-mi.u-bordeaux.fr\/road\/wp-json\/wp\/v2\/pages\/46\/revisions"}],"predecessor-version":[{"id":516,"href":"https:\/\/uf-mi.u-bordeaux.fr\/road\/wp-json\/wp\/v2\/pages\/46\/revisions\/516"}],"wp:attachment":[{"href":"https:\/\/uf-mi.u-bordeaux.fr\/road\/wp-json\/wp\/v2\/media?parent=46"}],"curies":[{"name":"wp","href":"https:\/\/api.w.org\/{rel}","templated":true}]}}