{"id":456,"date":"2022-06-22T10:58:21","date_gmt":"2022-06-22T08:58:21","guid":{"rendered":"https:\/\/uf-mi.u-bordeaux.fr\/road\/?page_id=456"},"modified":"2023-06-19T14:20:48","modified_gmt":"2023-06-19T12:20:48","slug":"liste-des-cours-2022-2023","status":"publish","type":"page","link":"https:\/\/uf-mi.u-bordeaux.fr\/road\/liste-des-cours-2022-2023\/","title":{"rendered":"Liste des cours 2022-2023"},"content":{"rendered":"\n<p>Voici la liste des cours du parcours classique.<\/p>\n\n\n\n<p><a href=\"https:\/\/uf-mi.u-bordeaux.fr\/road\/parcours-en-alternance-2022-2023\/\">Voir le parcours en alternance<\/a><\/p>\n\n\n\n<h2 class=\"wp-block-heading\">Semestre 1<\/h2>\n\n\n\n<h6 class=\"wp-block-heading\">Rem\u00e9diation (6 ECTS) : 2 UE au choix parmi<\/h6>\n\n\n\n\n\n<h6 class=\"wp-block-heading\">Optimisation &amp; algorithmique (12 ECTS)<\/h6>\n\n\n\n<figure class=\"wp-block-table\"><table><tbody><tr><td>Introduction \u00e0 la programmation en variables enti\u00e8res<\/td><td>6 ECTS<\/td><td>48 h<\/td><\/tr><tr><td>Graphes et algorithmes<\/td><td>6 ECTS<\/td><td>48 h<\/td><\/tr><\/tbody><\/table><\/figure>\n\n\n\n<h6 class=\"wp-block-heading\">Programmation &amp; outils informatiques (6 ECTS)<\/h6>\n\n\n\n<figure class=\"wp-block-table\"><table><tbody><tr><td>Outils informatiques pour le traitement des donn\u00e9es<\/td><td>6 ECTS<\/td><td>50 h<\/td><\/tr><\/tbody><\/table><\/figure>\n\n\n\n<h6 class=\"wp-block-heading\">Statistiques &amp; data (6 ECTS)<br><\/h6>\n\n\n\n<figure class=\"wp-block-table\"><table><tbody><tr><td>Repr\u00e9sentation de donn\u00e9es et statistique multidimensionnelle<\/td><td>3 ECTS<\/td><td>24 h<\/td><\/tr><tr><td>Statistiques inf\u00e9rentielles &amp; langage R<\/td><td>3 ECTS<\/td><td>21 h<\/td><\/tr><\/tbody><\/table><\/figure>\n\n\n\n<h2 class=\"wp-block-heading\">Semestre 2<\/h2>\n\n\n\n<h6 class=\"wp-block-heading\">Optimisation et algorithmique (12 ECTS)<\/h6>\n\n\n\n<figure class=\"wp-block-table\"><table><tbody><tr><td>Algorithmes pour l&rsquo;optimisation en nombres entiers<\/td><td>3 ECTS<\/td><td>24 h<\/td><\/tr><tr><td>Complexit\u00e9 des probl\u00e8mes<\/td><td>3 ECTS<\/td><td>24 h<\/td><\/tr><tr><td>M\u00e9taheuristiques<\/td><td>3 ECTS<\/td><td>24 h<\/td><\/tr><tr><td>Optimisation continue sous contraintes<\/td><td>3 ECTS<\/td><td>24 h<\/td><\/tr><\/tbody><\/table><\/figure>\n\n\n\n<h6 class=\"wp-block-heading\"><strong>PROGRAMMATION &amp; OUTILS INFORMATIQUES<\/strong> (3 ECTS)<\/h6>\n\n\n\n<figure class=\"wp-block-table\"><table><tbody><tr><td>Programmation objet et g\u00e9nie logiciel<\/td><td>3 ECTS<\/td><td>24 h<\/td><\/tr><\/tbody><\/table><\/figure>\n\n\n\n<h6 class=\"wp-block-heading\">Statistiques &amp; Data (3 ECTS)<\/h6>\n\n\n\n<figure class=\"wp-block-table\"><table><tbody><tr><td>Statistique computationnelle pour l&rsquo;exploration de donn\u00e9es<\/td><td>3 ECTS<\/td><td>24 h<\/td><\/tr><\/tbody><\/table><\/figure>\n\n\n\n<h6 class=\"wp-block-heading\">Professionnalisation (9 ECTS)<\/h6>\n\n\n\n<figure class=\"wp-block-table\"><table><tbody><tr><td>Etudes de cas industriels<\/td><td>3 ECTS<\/td><td>24 h<\/td><\/tr><tr><td>Travaux d&rsquo;\u00e9tudes et de recherche<\/td><td>6 ECTS<\/td><td><\/td><\/tr><\/tbody><\/table><\/figure>\n\n\n\n<h6 class=\"wp-block-heading\">Ouverture : 3 ECTS au choix<\/h6>\n\n\n\n<figure class=\"wp-block-table\"><table><tbody><tr><td>Projet d&rsquo;optimisation<\/td><td>3 ECTS<\/td><td><\/td><\/tr><tr><td>Gestion de portefeuille 1<\/td><td>3 ECTS<\/td><td>24 h<\/td><\/tr><\/tbody><\/table><\/figure>\n\n\n\n<h2 class=\"wp-block-heading\">Semestre 3<\/h2>\n\n\n\n<h6 class=\"wp-block-heading\">Optimisation et algorithmique (21 ECTS)<\/h6>\n\n\n\n<figure class=\"wp-block-table\"><table><tbody><tr><td>Gestion des op\u00e9rations et planification de la production<\/td><td>6 ECTS<\/td><td>48 h<\/td><\/tr><tr><td>Integer Programming<\/td><td>6 ECTS<\/td><td>48 h<\/td><\/tr><tr><td>Optimisation dans l&rsquo;incertain<\/td><td>6 ECTS<\/td><td>48 h<\/td><\/tr><tr><td>Projet d&rsquo;optimisation et solveurs<br>[Programmation par contraintes]<\/td><td>3 ECTS<\/td><td>24 h<\/td><\/tr><\/tbody><\/table><\/figure>\n\n\n\n<h6 class=\"wp-block-heading\">Ouverture : 9 ects au choix<\/h6>\n\n\n\n<figure class=\"wp-block-table\"><table><tbody><tr><td>Anglais<\/td><td>3 ECTS<\/td><td>18 h<\/td><\/tr><tr><td>Apprentissage supervis\u00e9<\/td><td>6 ECTS<\/td><td>48 h<\/td><\/tr><tr><td>Approximation and Big Data<\/td><td>3 ECTS<\/td><td>24 h<\/td><\/tr><tr><td>Gestion de portefeuille 2<\/td><td>3 ECTS<\/td><td>24 h<\/td><\/tr><tr><td>Introduction \u00e0 l&rsquo;apprentissage profond et <br>D\u00e9fi Science des donn\u00e9es<\/td><td>3 ECTS<\/td><td>24 h<\/td><\/tr><tr><td>Th\u00e9orie des graphes avanc\u00e9e<\/td><td>3 ECTS<\/td><td>24 h<\/td><\/tr><\/tbody><\/table><\/figure>\n\n\n\n<h2 class=\"wp-block-heading\">Semestre 4<\/h2>\n\n\n\n<h6 class=\"wp-block-heading\">Professionnalisation (30 ECTS)<\/h6>\n\n\n\n<figure class=\"wp-block-table\"><table><tbody><tr><td>Stage<\/td><td>24 ECTS<\/td><\/tr><tr><td>Projet d&rsquo;optimisation pour l&rsquo;insertion professionnelle<\/td><td>6 ECTS<\/td><\/tr><\/tbody><\/table><\/figure>\n","protected":false},"excerpt":{"rendered":"<p>Voici la liste des cours du parcours classique. Voir le parcours en alternance Semestre 1 Rem\u00e9diation (6 ECTS) : 2 UE au choix parmi Optimisation &amp; algorithmique (12 ECTS) Introduction &#8230;<\/p>\n","protected":false},"author":20,"featured_media":0,"parent":0,"menu_order":0,"comment_status":"closed","ping_status":"closed","template":"","meta":{"footnotes":""},"class_list":["post-456","page","type-page","status-publish","hentry"],"_links":{"self":[{"href":"https:\/\/uf-mi.u-bordeaux.fr\/road\/wp-json\/wp\/v2\/pages\/456","targetHints":{"allow":["GET"]}}],"collection":[{"href":"https:\/\/uf-mi.u-bordeaux.fr\/road\/wp-json\/wp\/v2\/pages"}],"about":[{"href":"https:\/\/uf-mi.u-bordeaux.fr\/road\/wp-json\/wp\/v2\/types\/page"}],"author":[{"embeddable":true,"href":"https:\/\/uf-mi.u-bordeaux.fr\/road\/wp-json\/wp\/v2\/users\/20"}],"replies":[{"embeddable":true,"href":"https:\/\/uf-mi.u-bordeaux.fr\/road\/wp-json\/wp\/v2\/comments?post=456"}],"version-history":[{"count":13,"href":"https:\/\/uf-mi.u-bordeaux.fr\/road\/wp-json\/wp\/v2\/pages\/456\/revisions"}],"predecessor-version":[{"id":499,"href":"https:\/\/uf-mi.u-bordeaux.fr\/road\/wp-json\/wp\/v2\/pages\/456\/revisions\/499"}],"wp:attachment":[{"href":"https:\/\/uf-mi.u-bordeaux.fr\/road\/wp-json\/wp\/v2\/media?parent=456"}],"curies":[{"name":"wp","href":"https:\/\/api.w.org\/{rel}","templated":true}]}}