{"id":22,"date":"2016-11-21T21:08:27","date_gmt":"2016-11-21T20:08:27","guid":{"rendered":"http:\/\/uf-mi.u-bordeaux.fr\/road\/?page_id=22"},"modified":"2023-06-19T14:38:32","modified_gmt":"2023-06-19T12:38:32","slug":"contenu-de-la-formation","status":"publish","type":"page","link":"https:\/\/uf-mi.u-bordeaux.fr\/road\/contenu-de-la-formation\/","title":{"rendered":"Contenu de la formation"},"content":{"rendered":"<p>Le <img loading=\"lazy\" decoding=\"async\" class=\"wp-image-281 alignright\" src=\"https:\/\/uf-mi.u-bordeaux.fr\/road\/wp-content\/uploads\/2\/2017\/04\/240px-Simplex-method-3-dimensions.png\" alt=\"\" width=\"99\" height=\"99\" srcset=\"https:\/\/uf-mi.u-bordeaux.fr\/road\/wp-content\/uploads\/sites\/2\/2017\/04\/240px-Simplex-method-3-dimensions.png 240w, https:\/\/uf-mi.u-bordeaux.fr\/road\/wp-content\/uploads\/sites\/2\/2017\/04\/240px-Simplex-method-3-dimensions-150x150.png 150w\" sizes=\"auto, (max-width: 99px) 100vw, 99px\" \/>parcours a pour but de former \u00e0 la <strong>mod\u00e9lisation<\/strong> des probl\u00e8mes d&rsquo;optimisation, aux <strong>techniques math\u00e9matiques pour leur r\u00e9solution<\/strong> et aux <strong>outils informatiques<\/strong> n\u00e9cessaires pour exercer une activit\u00e9 d&rsquo;expert en <strong>aide \u00e0 la d\u00e9cision<\/strong> : allocation des ressources, planification des op\u00e9rations, logistique, gestion des stocks, des flux, des r\u00e9seaux, optimisation des tourn\u00e9es, partitionnement et analyse des donn\u00e9es.<\/p>\n<p>Les secteurs d&rsquo;application sont tr\u00e8s nombreux : logistique, sant\u00e9, \u00e9nergie, r\u00e9seaux, environnement, industrie, services, conseil, etc.<\/p>\n<p>La formation s\u2019articule autour de cours en <strong>optimisation math\u00e9matique<\/strong>, <strong>programmation et outils de gestion des donn\u00e9es<\/strong>, <strong>outils de probabilit\u00e9s et statistiques<\/strong>, de projets et de stages en entreprise.<\/p>\n<p>La <img loading=\"lazy\" decoding=\"async\" class=\"wp-image-260 alignright\" src=\"https:\/\/uf-mi.u-bordeaux.fr\/road\/wp-content\/uploads\/2\/2017\/03\/smoothing-300x233.jpg\" alt=\"\" width=\"136\" height=\"106\" srcset=\"https:\/\/uf-mi.u-bordeaux.fr\/road\/wp-content\/uploads\/sites\/2\/2017\/03\/smoothing-300x233.jpg 300w, https:\/\/uf-mi.u-bordeaux.fr\/road\/wp-content\/uploads\/sites\/2\/2017\/03\/smoothing-768x596.jpg 768w, https:\/\/uf-mi.u-bordeaux.fr\/road\/wp-content\/uploads\/sites\/2\/2017\/03\/smoothing.jpg 951w\" sizes=\"auto, (max-width: 136px) 100vw, 136px\" \/> premi\u00e8re ann\u00e9e permet d&rsquo;acqu\u00e9rir les <strong>comp\u00e9tences fondamentales en optimisation math\u00e9matique<\/strong> (mod\u00e9lisation math\u00e9matique, optimisation combinatoire, outils de r\u00e9solution, bases de la programmation, statistiques, analyse de donn\u00e9es). La deuxi\u00e8me ann\u00e9e permet d&rsquo;acqu\u00e9rir des <strong>comp\u00e9tences avanc\u00e9es<\/strong> de mani\u00e8re \u00e0 pr\u00e9parer \u00e0 la fois au m\u00e9tier d&rsquo;expert R.O. et au doctorat.<\/p>\n<p>Les\u00a0<img loading=\"lazy\" decoding=\"async\" class=\"wp-image-261 alignright\" src=\"https:\/\/uf-mi.u-bordeaux.fr\/road\/wp-content\/uploads\/2\/2017\/03\/cplex-300x180.jpg\" alt=\"\" width=\"150\" height=\"90\" srcset=\"https:\/\/uf-mi.u-bordeaux.fr\/road\/wp-content\/uploads\/sites\/2\/2017\/03\/cplex-300x180.jpg 300w, https:\/\/uf-mi.u-bordeaux.fr\/road\/wp-content\/uploads\/sites\/2\/2017\/03\/cplex-768x462.jpg 768w, https:\/\/uf-mi.u-bordeaux.fr\/road\/wp-content\/uploads\/sites\/2\/2017\/03\/cplex.jpg 1004w\" sizes=\"auto, (max-width: 150px) 100vw, 150px\" \/> langages de programmation utilis\u00e9s sont le C++ et le Python. La connaissance de ces langages n&rsquo;est pas un pr\u00e9requis, de mani\u00e8re \u00e0 pouvoir accueillir des \u00e9tudiants avec un profil math\u00e9matique. Les \u00e9tudiants avec un profil informatique pourront suivre des cours avanc\u00e9s du master informatique de Bordeaux.<\/p>\n<p>Les intervenants sont principalement des enseignants-chercheurs de l&rsquo;Universit\u00e9 de Bordeaux, mais des <strong>chercheurs Inria<\/strong> et <strong>des professionnels du domaine<\/strong> interviennent aussi dans la formation.<\/p>\n<p>Des <strong>s\u00e9minaires professionnels<\/strong> sont organis\u00e9s r\u00e9guli\u00e8rement pour mettre en contact les \u00e9tudiants avec des praticiens de la recherche op\u00e9rationnelle.<\/p>\n<p>La formation <img loading=\"lazy\" decoding=\"async\" class=\" wp-image-285 alignright\" src=\"https:\/\/uf-mi.u-bordeaux.fr\/road\/wp-content\/uploads\/2\/2017\/04\/Campus-talence-portail-d-entree-1040x740_Grande-300x213.jpg\" alt=\"\" width=\"179\" height=\"127\" srcset=\"https:\/\/uf-mi.u-bordeaux.fr\/road\/wp-content\/uploads\/sites\/2\/2017\/04\/Campus-talence-portail-d-entree-1040x740_Grande-300x213.jpg 300w, https:\/\/uf-mi.u-bordeaux.fr\/road\/wp-content\/uploads\/sites\/2\/2017\/04\/Campus-talence-portail-d-entree-1040x740_Grande-768x546.jpg 768w, https:\/\/uf-mi.u-bordeaux.fr\/road\/wp-content\/uploads\/sites\/2\/2017\/04\/Campus-talence-portail-d-entree-1040x740_Grande-1024x729.jpg 1024w, https:\/\/uf-mi.u-bordeaux.fr\/road\/wp-content\/uploads\/sites\/2\/2017\/04\/Campus-talence-portail-d-entree-1040x740_Grande.jpg 1040w\" sizes=\"auto, (max-width: 179px) 100vw, 179px\" \/>est port\u00e9e par l&rsquo;<a href=\"https:\/\/www.u-bordeaux.fr\/\">Universit\u00e9 de Bordeaux<\/a> et se d\u00e9roule sur le <a href=\"http:\/\/www.u-bordeaux.fr\/Universite\/L-universite-de-Bordeaux\/Campus\/Campus-Talence-Pessac-Gradignan\">Campus de Talence<\/a>. Les travaux pratiques se d\u00e9roulent au CREMI, le centre de ressources math\u00e9matiques-informatique de l&rsquo;Universit\u00e9.<\/p>\n<p><a href=\"https:\/\/uf-mi.u-bordeaux.fr\/road\/recherche-operationnelle\/\">Les m\u00e9tiers en rapport avec le parcours<\/a><\/p>\n<p>Liste des cours en parcours <a href=\"https:\/\/uf-mi.u-bordeaux.fr\/road\/liste-des-cours-2022-2023\/\">classique<\/a> et <a href=\"https:\/\/uf-mi.u-bordeaux.fr\/road\/parcours-en-alternance-2022-2023\/\">alternance<\/a><\/p>\n<p><a href=\"https:\/\/uf-mi.u-bordeaux.fr\/road\/liens-formationentreprise\/\">Lien avec les entreprises<\/a><\/p>\n<p><a href=\"https:\/\/uf-mi.u-bordeaux.fr\/road\/lien-recherche\/\">Lien recherche<\/a><\/p>\n<p><a href=\"https:\/\/uf-mi.u-bordeaux.fr\/road\/debouches\/\">D\u00e9bouch\u00e9s du parcours, devenir des anciens<\/a><\/p>\n","protected":false},"excerpt":{"rendered":"<p>Le parcours a pour but de former \u00e0 la mod\u00e9lisation des probl\u00e8mes d&rsquo;optimisation, aux techniques math\u00e9matiques pour leur r\u00e9solution et aux outils informatiques n\u00e9cessaires pour exercer une activit\u00e9 d&rsquo;expert en &#8230;<\/p>\n","protected":false},"author":4,"featured_media":0,"parent":0,"menu_order":0,"comment_status":"closed","ping_status":"closed","template":"","meta":{"footnotes":""},"class_list":["post-22","page","type-page","status-publish","hentry"],"_links":{"self":[{"href":"https:\/\/uf-mi.u-bordeaux.fr\/road\/wp-json\/wp\/v2\/pages\/22","targetHints":{"allow":["GET"]}}],"collection":[{"href":"https:\/\/uf-mi.u-bordeaux.fr\/road\/wp-json\/wp\/v2\/pages"}],"about":[{"href":"https:\/\/uf-mi.u-bordeaux.fr\/road\/wp-json\/wp\/v2\/types\/page"}],"author":[{"embeddable":true,"href":"https:\/\/uf-mi.u-bordeaux.fr\/road\/wp-json\/wp\/v2\/users\/4"}],"replies":[{"embeddable":true,"href":"https:\/\/uf-mi.u-bordeaux.fr\/road\/wp-json\/wp\/v2\/comments?post=22"}],"version-history":[{"count":40,"href":"https:\/\/uf-mi.u-bordeaux.fr\/road\/wp-json\/wp\/v2\/pages\/22\/revisions"}],"predecessor-version":[{"id":520,"href":"https:\/\/uf-mi.u-bordeaux.fr\/road\/wp-json\/wp\/v2\/pages\/22\/revisions\/520"}],"wp:attachment":[{"href":"https:\/\/uf-mi.u-bordeaux.fr\/road\/wp-json\/wp\/v2\/media?parent=22"}],"curies":[{"name":"wp","href":"https:\/\/api.w.org\/{rel}","templated":true}]}}