{"id":213,"date":"2017-01-26T13:44:10","date_gmt":"2017-01-26T12:44:10","guid":{"rendered":"https:\/\/uf-mi.u-bordeaux.fr\/road\/?page_id=213"},"modified":"2023-06-19T14:54:47","modified_gmt":"2023-06-19T12:54:47","slug":"debouches","status":"publish","type":"page","link":"https:\/\/uf-mi.u-bordeaux.fr\/road\/debouches\/","title":{"rendered":"D\u00e9bouch\u00e9s"},"content":{"rendered":"<h3>D\u00e9bouch\u00e9s de la formation<\/h3>\n<p>Notre formation forme principalement aux m\u00e9tiers de la <a href=\"https:\/\/uf-mi.u-bordeaux.fr\/road\/recherche-operationnelle\/\">recherche op\u00e9rationnelle<\/a> et de l&rsquo;aide \u00e0 la d\u00e9cision. Les dipl\u00f4m\u00e9s trouvent un emploi dans des grandes entreprises, des PME, ou dans les organismes de recherche. Les postes occup\u00e9s vont de l&rsquo;expert en recherche op\u00e9rationnelle au d\u00e9veloppeur d&rsquo;algorithme et \u00e0 l&rsquo;analyste de donn\u00e9es.<\/p>\n<p>Consultez des statistiques sur le <a href=\"https:\/\/uf-mi.u-bordeaux.fr\/road\/devenir-diplomes\/\">devenir des \u00e9tudiants dipl\u00f4m\u00e9s<\/a><\/p>\n<p>Voir les <a href=\"https:\/\/uf-mi.u-bordeaux.fr\/road\/temoignages\/\">t\u00e9moignages d&rsquo;anciens<\/a><\/p>\n<h3>Divers<\/h3>\n<p>Voir les r\u00e9sultats de<a href=\"http:\/\/www.agence-maths-entreprises.fr\/a\/?q=fr\/eisem\"> l&rsquo;enqu\u00eate sur l&rsquo;impact des math\u00e9matiques<\/a><\/p>\n<p>Voir la <a href=\"http:\/\/www.onisep.fr\/Toute-l-actualite-nationale\/Decouvrir-les-metiers\/Mars-2015\/Zoom-sur-les-metiers-des-mathematiques-et-de-l-informatique\">fiche ONISEP sur les math\u00e9matiques et l&rsquo;informatique<\/a><a href=\"http:\/\/www.agence-maths-entreprises.fr\/a\/?q=fr\/eisem\"><img loading=\"lazy\" decoding=\"async\" class=\"alignright wp-image-267\" src=\"https:\/\/uf-mi.u-bordeaux.fr\/road\/wp-content\/uploads\/2\/2017\/04\/EtudeImpactSocioEconomiqueDesMathematiquesEnFrance-RapportFinal-212x300.jpg\" alt=\"\" width=\"108\" height=\"153\" srcset=\"https:\/\/uf-mi.u-bordeaux.fr\/road\/wp-content\/uploads\/sites\/2\/2017\/04\/EtudeImpactSocioEconomiqueDesMathematiquesEnFrance-RapportFinal-212x300.jpg 212w, https:\/\/uf-mi.u-bordeaux.fr\/road\/wp-content\/uploads\/sites\/2\/2017\/04\/EtudeImpactSocioEconomiqueDesMathematiquesEnFrance-RapportFinal-768x1086.jpg 768w, https:\/\/uf-mi.u-bordeaux.fr\/road\/wp-content\/uploads\/sites\/2\/2017\/04\/EtudeImpactSocioEconomiqueDesMathematiquesEnFrance-RapportFinal-724x1024.jpg 724w, https:\/\/uf-mi.u-bordeaux.fr\/road\/wp-content\/uploads\/sites\/2\/2017\/04\/EtudeImpactSocioEconomiqueDesMathematiquesEnFrance-RapportFinal.jpg 827w\" sizes=\"auto, (max-width: 108px) 100vw, 108px\" \/><\/a><\/p>\n","protected":false},"excerpt":{"rendered":"<p>D\u00e9bouch\u00e9s de la formation Notre formation forme principalement aux m\u00e9tiers de la recherche op\u00e9rationnelle et de l&rsquo;aide \u00e0 la d\u00e9cision. Les dipl\u00f4m\u00e9s trouvent un emploi dans des grandes entreprises, des &#8230;<\/p>\n","protected":false},"author":4,"featured_media":0,"parent":0,"menu_order":0,"comment_status":"closed","ping_status":"closed","template":"","meta":{"footnotes":""},"class_list":["post-213","page","type-page","status-publish","hentry"],"_links":{"self":[{"href":"https:\/\/uf-mi.u-bordeaux.fr\/road\/wp-json\/wp\/v2\/pages\/213","targetHints":{"allow":["GET"]}}],"collection":[{"href":"https:\/\/uf-mi.u-bordeaux.fr\/road\/wp-json\/wp\/v2\/pages"}],"about":[{"href":"https:\/\/uf-mi.u-bordeaux.fr\/road\/wp-json\/wp\/v2\/types\/page"}],"author":[{"embeddable":true,"href":"https:\/\/uf-mi.u-bordeaux.fr\/road\/wp-json\/wp\/v2\/users\/4"}],"replies":[{"embeddable":true,"href":"https:\/\/uf-mi.u-bordeaux.fr\/road\/wp-json\/wp\/v2\/comments?post=213"}],"version-history":[{"count":12,"href":"https:\/\/uf-mi.u-bordeaux.fr\/road\/wp-json\/wp\/v2\/pages\/213\/revisions"}],"predecessor-version":[{"id":523,"href":"https:\/\/uf-mi.u-bordeaux.fr\/road\/wp-json\/wp\/v2\/pages\/213\/revisions\/523"}],"wp:attachment":[{"href":"https:\/\/uf-mi.u-bordeaux.fr\/road\/wp-json\/wp\/v2\/media?parent=213"}],"curies":[{"name":"wp","href":"https:\/\/api.w.org\/{rel}","templated":true}]}}