{"id":209,"date":"2017-01-26T13:41:13","date_gmt":"2017-01-26T12:41:13","guid":{"rendered":"https:\/\/uf-mi.u-bordeaux.fr\/road\/?page_id=209"},"modified":"2017-07-10T16:34:13","modified_gmt":"2017-07-10T14:34:13","slug":"temoignages","status":"publish","type":"page","link":"https:\/\/uf-mi.u-bordeaux.fr\/road\/temoignages\/","title":{"rendered":"T\u00e9moignages"},"content":{"rendered":"<h3>T\u00e9moignages<\/h3>\n<p><strong>Alexis Toullat, promotion 2015<\/strong><\/p>\n<p><em><img loading=\"lazy\" decoding=\"async\" class=\"wp-image-204 alignleft\" src=\"https:\/\/uf-mi.u-bordeaux.fr\/road\/wp-content\/uploads\/2\/2017\/01\/toullat-300x300.jpg\" alt=\"toullat\" width=\"91\" height=\"91\" srcset=\"https:\/\/uf-mi.u-bordeaux.fr\/road\/wp-content\/uploads\/sites\/2\/2017\/01\/toullat-300x300.jpg 300w, https:\/\/uf-mi.u-bordeaux.fr\/road\/wp-content\/uploads\/sites\/2\/2017\/01\/toullat-150x150.jpg 150w, https:\/\/uf-mi.u-bordeaux.fr\/road\/wp-content\/uploads\/sites\/2\/2017\/01\/toullat.jpg 512w\" sizes=\"auto, (max-width: 91px) 100vw, 91px\" \/><\/em><\/p>\n<p><em>J&rsquo;ai int\u00e9gr\u00e9 le parcours Recherche<\/em><em> Op\u00e9rationnelle apr\u00e8s une licence d&rsquo;informatique \u00e0 Poitiers. La formation m&rsquo;a permis d&rsquo;acqu\u00e9rir des comp\u00e9tences en mod\u00e9lisation et optimisation math\u00e9matique. J&rsquo;ai effectu\u00e9 mon stage chez Inria Bordeaux Sud-Ouest, \u00e0 la suite duquel j&rsquo;ai \u00e9t\u00e9 engag\u00e9 en CDD \u00e0 l&rsquo;Universit\u00e9 de Bordeaux puis \u00e0 Inria pour travailler sur une collaboration industrielle. A la suite du CDD, j&rsquo;ai int\u00e9gr\u00e9 en CDI l&rsquo;entreprise Ertus Consulting, o\u00f9 je mets au point un moteur d&rsquo;optimisation pour la planification des traitements phytosanitaires.<\/em><\/p>\n<p><strong>Hanrifani Aboudou, promotion 2016<\/strong><\/p>\n<p><em><img loading=\"lazy\" decoding=\"async\" class=\"wp-image-355 alignleft\" src=\"https:\/\/uf-mi.u-bordeaux.fr\/road\/wp-content\/uploads\/2\/2017\/07\/aboudou-228x300.jpg\" alt=\"\" width=\"76\" height=\"100\" srcset=\"https:\/\/uf-mi.u-bordeaux.fr\/road\/wp-content\/uploads\/sites\/2\/2017\/07\/aboudou-228x300.jpg 228w, https:\/\/uf-mi.u-bordeaux.fr\/road\/wp-content\/uploads\/sites\/2\/2017\/07\/aboudou.jpg 603w\" sizes=\"auto, (max-width: 76px) 100vw, 76px\" \/><\/em><\/p>\n<p><i>J&rsquo;ai int\u00e9gr\u00e9 le parcours ROAD en 2014 apr\u00e8s une licence MASS \u00e0 l\u2019universit\u00e9 de Bordeaux. Ma formation de master m&rsquo;a permis de d\u00e9couvrir la recherche op\u00e9rationnelle et d\u2019acqu\u00e9rir des comp\u00e9tences en mod\u00e9lisation math\u00e9matique pour r\u00e9soudre des probl\u00e8mes d\u2019optimisation de ressources. J&rsquo;ai effectu\u00e9 mon stage de fin d\u2019\u00e9tudes chez RENAULT o\u00f9 j\u2019ai r\u00e9alis\u00e9 un outil de planification de t\u00e2ches pour un atelier de peinture. Aujourd\u2019hui je suis en poste chez EURODECISION (PME de 60 collaborateurs) o\u00f9 je r\u00e9alise d\u2019une part des \u00e9tudes de conseil pour l\u2019optimisation de la Supply Chain de nos clients \u00a0et d\u2019autre part participe au d\u00e9veloppement d\u2019une plateforme d\u2019aide \u00e0 la d\u00e9cision Supply Chain Optimisation Platform (SCOP). <\/i><i>Par exemple, en ce moment je travaille sur des probl\u00e9matiques de plan de transport et de design de r\u00e9seau logistique. La diversit\u00e9 des t\u00e2ches que je rencontre me permet de progresser tr\u00e8s vite et de me confronter \u00e0 des sujets que je n\u2019aurais certainement pas pu aborder si rapidement dans une entreprise de grande taille.<\/i><\/p>\n<p><em><br \/>\n<\/em><\/p>\n","protected":false},"excerpt":{"rendered":"<p>T\u00e9moignages Alexis Toullat, promotion 2015 J&rsquo;ai int\u00e9gr\u00e9 le parcours Recherche Op\u00e9rationnelle apr\u00e8s une licence d&rsquo;informatique \u00e0 Poitiers. La formation m&rsquo;a permis d&rsquo;acqu\u00e9rir des comp\u00e9tences en mod\u00e9lisation et optimisation math\u00e9matique. J&rsquo;ai &#8230;<\/p>\n","protected":false},"author":4,"featured_media":0,"parent":0,"menu_order":0,"comment_status":"closed","ping_status":"closed","template":"","meta":{"footnotes":""},"class_list":["post-209","page","type-page","status-publish","hentry"],"_links":{"self":[{"href":"https:\/\/uf-mi.u-bordeaux.fr\/road\/wp-json\/wp\/v2\/pages\/209","targetHints":{"allow":["GET"]}}],"collection":[{"href":"https:\/\/uf-mi.u-bordeaux.fr\/road\/wp-json\/wp\/v2\/pages"}],"about":[{"href":"https:\/\/uf-mi.u-bordeaux.fr\/road\/wp-json\/wp\/v2\/types\/page"}],"author":[{"embeddable":true,"href":"https:\/\/uf-mi.u-bordeaux.fr\/road\/wp-json\/wp\/v2\/users\/4"}],"replies":[{"embeddable":true,"href":"https:\/\/uf-mi.u-bordeaux.fr\/road\/wp-json\/wp\/v2\/comments?post=209"}],"version-history":[{"count":7,"href":"https:\/\/uf-mi.u-bordeaux.fr\/road\/wp-json\/wp\/v2\/pages\/209\/revisions"}],"predecessor-version":[{"id":356,"href":"https:\/\/uf-mi.u-bordeaux.fr\/road\/wp-json\/wp\/v2\/pages\/209\/revisions\/356"}],"wp:attachment":[{"href":"https:\/\/uf-mi.u-bordeaux.fr\/road\/wp-json\/wp\/v2\/media?parent=209"}],"curies":[{"name":"wp","href":"https:\/\/api.w.org\/{rel}","templated":true}]}}