{"id":182,"date":"2017-01-16T16:54:58","date_gmt":"2017-01-16T15:54:58","guid":{"rendered":"https:\/\/uf-mi.u-bordeaux.fr\/road\/?page_id=182"},"modified":"2020-02-10T16:15:54","modified_gmt":"2020-02-10T15:15:54","slug":"seminaires-professionnels","status":"publish","type":"page","link":"https:\/\/uf-mi.u-bordeaux.fr\/road\/seminaires-professionnels\/","title":{"rendered":"S\u00e9minaires professionnels"},"content":{"rendered":"<p><strong>S\u00e9minaire professionnels pour 2019-2020<\/strong><\/p>\n<ul>\n<li>Jean Andr\u00e9 (Air Liquide)<\/li>\n<li>S\u00e9l\u00e8ne Silvestri (FICO)<\/li>\n<li>Fr\u00e9d\u00e9ric Baumann (Gurobi)<\/li>\n<li>Quentin Viaud (Saint Gobain Recherche)<\/li>\n<li>R\u00e9mi Duclos (Inria)<\/li>\n<li>Xavier Blanchot (RTE \/ Inria)<\/li>\n<\/ul>\n<p><strong>S\u00e9minaires professionnels pour 2018-2019<\/strong><\/p>\n<ul>\n<li>Matthieu G\u00e9rard (Asys)<\/li>\n<li>Quentin Viaud (Saint Gobain Recherche)<\/li>\n<li>Fr\u00e9d\u00e9ric Gardi (Bouygues, Innovation 24)<\/li>\n<li>Gwenael Rault (Mapotempo)<\/li>\n<\/ul>\n<p><strong>S\u00e9minaires professionnels pour 2017-2018<\/strong><\/p>\n<ul>\n<li>Alexandre Blouin (Maplink)<\/li>\n<li>S\u00e9bastien Lannez (FICO)<\/li>\n<li>Hanrifani Aboudou (Eurod\u00e9cision)<\/li>\n<li>Manuel Ruiz (RTE)<\/li>\n<li>Antoine Jeanjean (Recommerce)<\/li>\n<li>Alain Nguyen (Renault)<\/li>\n<\/ul>\n","protected":false},"excerpt":{"rendered":"<p>S\u00e9minaire professionnels pour 2019-2020 Jean Andr\u00e9 (Air Liquide) S\u00e9l\u00e8ne Silvestri (FICO) Fr\u00e9d\u00e9ric Baumann (Gurobi) Quentin Viaud (Saint Gobain Recherche) R\u00e9mi Duclos (Inria) Xavier Blanchot (RTE \/ Inria) S\u00e9minaires professionnels pour &#8230;<\/p>\n","protected":false},"author":4,"featured_media":0,"parent":0,"menu_order":0,"comment_status":"closed","ping_status":"closed","template":"","meta":{"footnotes":""},"class_list":["post-182","page","type-page","status-publish","hentry"],"_links":{"self":[{"href":"https:\/\/uf-mi.u-bordeaux.fr\/road\/wp-json\/wp\/v2\/pages\/182","targetHints":{"allow":["GET"]}}],"collection":[{"href":"https:\/\/uf-mi.u-bordeaux.fr\/road\/wp-json\/wp\/v2\/pages"}],"about":[{"href":"https:\/\/uf-mi.u-bordeaux.fr\/road\/wp-json\/wp\/v2\/types\/page"}],"author":[{"embeddable":true,"href":"https:\/\/uf-mi.u-bordeaux.fr\/road\/wp-json\/wp\/v2\/users\/4"}],"replies":[{"embeddable":true,"href":"https:\/\/uf-mi.u-bordeaux.fr\/road\/wp-json\/wp\/v2\/comments?post=182"}],"version-history":[{"count":7,"href":"https:\/\/uf-mi.u-bordeaux.fr\/road\/wp-json\/wp\/v2\/pages\/182\/revisions"}],"predecessor-version":[{"id":397,"href":"https:\/\/uf-mi.u-bordeaux.fr\/road\/wp-json\/wp\/v2\/pages\/182\/revisions\/397"}],"wp:attachment":[{"href":"https:\/\/uf-mi.u-bordeaux.fr\/road\/wp-json\/wp\/v2\/media?parent=182"}],"curies":[{"name":"wp","href":"https:\/\/api.w.org\/{rel}","templated":true}]}}