{"id":147,"date":"2016-11-24T14:04:54","date_gmt":"2016-11-24T13:04:54","guid":{"rendered":"https:\/\/uf-mi.u-bordeaux.fr\/road\/?page_id=147"},"modified":"2023-06-19T14:29:48","modified_gmt":"2023-06-19T12:29:48","slug":"liens-formationentreprise","status":"publish","type":"page","link":"https:\/\/uf-mi.u-bordeaux.fr\/road\/liens-formationentreprise\/","title":{"rendered":"Liens formation\/entreprise"},"content":{"rendered":"<p>Pour faciliter l&rsquo;insertion professionnelle de nos \u00e9tudiants, notre formation est tr\u00e8s tourn\u00e9e vers le monde industriel.<\/p>\n<p><strong>Op\u00e9rations sp\u00e9cifiques<\/strong><\/p>\n<ul>\n<li><a href=\"https:\/\/uf-mi.u-bordeaux.fr\/road\/stages\/\">Stage optionnel de master 1<\/a><\/li>\n<li><a href=\"https:\/\/uf-mi.u-bordeaux.fr\/road\/stages\/\">Stage obligatoire de master 2<\/a><\/li>\n<li><a href=\"https:\/\/uf-mi.u-bordeaux.fr\/road\/projets\/\">Projet professionnel de M2<\/a><\/li>\n<li><a href=\"https:\/\/uf-mi.u-bordeaux.fr\/road\/projets\/\">Projets entreprise de M1 <\/a>(possibilit\u00e9 de grouper avec un stage de M1)<\/li>\n<li><a href=\"https:\/\/uf-mi.u-bordeaux.fr\/road\/seminaires-professionnels\/\">S\u00e9minaires professionnels<\/a><\/li>\n<li>Table ronde emploi\/maths<\/li>\n<\/ul>\n<p><strong>Formation continue<\/strong><\/p>\n<p>Le master est ouvert \u00e0 la formation continue. Pour des besoins sp\u00e9cifiques (cours sp\u00e9cialis\u00e9s), <a href=\"https:\/\/uf-mi.u-bordeaux.fr\/road\/contact\/\">nous contacter<\/a>.<\/p>\n<p><strong>Alternance<\/strong><\/p>\n<p>Notre parcours est ouvert aux contrats de professionnalisation. Pour plus d&rsquo;information, <a href=\"https:\/\/uf-mi.u-bordeaux.fr\/road\/contact\/\">nous contacter<\/a>.<\/p>\n<p><strong>Entreprises<\/strong><\/p>\n<p>Si vous souhaitez proposer un sujet de stage, de projet, ou que vous voulez plus de renseignement sur le domaine ou sur la formation, <a href=\"https:\/\/uf-mi.u-bordeaux.fr\/road\/contact\/\">nous contacter<\/a>.<\/p>\n","protected":false},"excerpt":{"rendered":"<p>Pour faciliter l&rsquo;insertion professionnelle de nos \u00e9tudiants, notre formation est tr\u00e8s tourn\u00e9e vers le monde industriel. Op\u00e9rations sp\u00e9cifiques Stage optionnel de master 1 Stage obligatoire de master 2 Projet professionnel &#8230;<\/p>\n","protected":false},"author":4,"featured_media":0,"parent":0,"menu_order":0,"comment_status":"closed","ping_status":"closed","template":"","meta":{"footnotes":""},"class_list":["post-147","page","type-page","status-publish","hentry"],"_links":{"self":[{"href":"https:\/\/uf-mi.u-bordeaux.fr\/road\/wp-json\/wp\/v2\/pages\/147","targetHints":{"allow":["GET"]}}],"collection":[{"href":"https:\/\/uf-mi.u-bordeaux.fr\/road\/wp-json\/wp\/v2\/pages"}],"about":[{"href":"https:\/\/uf-mi.u-bordeaux.fr\/road\/wp-json\/wp\/v2\/types\/page"}],"author":[{"embeddable":true,"href":"https:\/\/uf-mi.u-bordeaux.fr\/road\/wp-json\/wp\/v2\/users\/4"}],"replies":[{"embeddable":true,"href":"https:\/\/uf-mi.u-bordeaux.fr\/road\/wp-json\/wp\/v2\/comments?post=147"}],"version-history":[{"count":15,"href":"https:\/\/uf-mi.u-bordeaux.fr\/road\/wp-json\/wp\/v2\/pages\/147\/revisions"}],"predecessor-version":[{"id":512,"href":"https:\/\/uf-mi.u-bordeaux.fr\/road\/wp-json\/wp\/v2\/pages\/147\/revisions\/512"}],"wp:attachment":[{"href":"https:\/\/uf-mi.u-bordeaux.fr\/road\/wp-json\/wp\/v2\/media?parent=147"}],"curies":[{"name":"wp","href":"https:\/\/api.w.org\/{rel}","templated":true}]}}