{"id":141,"date":"2016-11-23T19:32:00","date_gmt":"2016-11-23T18:32:00","guid":{"rendered":"https:\/\/uf-mi.u-bordeaux.fr\/road\/?page_id=141"},"modified":"2023-06-19T14:35:38","modified_gmt":"2023-06-19T12:35:38","slug":"devenir-diplomes","status":"publish","type":"page","link":"https:\/\/uf-mi.u-bordeaux.fr\/road\/devenir-diplomes\/","title":{"rendered":"Devenir des dipl\u00f4m\u00e9s"},"content":{"rendered":"<h3>Les derni\u00e8res promotions (enqu\u00eate trois mois apr\u00e8s le dipl\u00f4me)<\/h3>\n<p><strong>2016<\/strong> (85% de r\u00e9ponses)<br \/>\n83,1% en activit\u00e9 (dont 33,3% en doctorat), 16,6% en poursuite d&rsquo;\u00e9tudes hors th\u00e8se<\/p>\n<p><strong>2017<\/strong> (100% de r\u00e9ponses)<br \/>\n81% en activit\u00e9 (dont 25% en doctorat), 6% en poursuite d&rsquo;\u00e9tudes hors th\u00e8se, 12,5% en recherche d&#8217;emploi<\/p>\n<h3>Devenir \u00e0 30 mois (dipl\u00f4m\u00e9s 2012)<\/h3>\n<p><a href=\"https:\/\/uf-mi.u-bordeaux.fr\/road\/wp-content\/uploads\/2\/2017\/01\/promo2012_M2_IP30mois.pdf\">Devenir \u00e0 30 mois des dipl\u00f4m\u00e9s du master (sous son ancien nom : MIMSE) <\/a><\/p>\n<p><em>Note : ces statistiques agr\u00e8gent tous les parcours du master MIMSE, et pas uniquement ROAD.<\/em><\/p>\n<h3>Devenir \u00e0 6 mois (dipl\u00f4m\u00e9s 2015)<\/h3>\n<p><a href=\"https:\/\/enquetessphinx.u-bordeaux.fr\/report\/(S(m0tyun3g4wydysyf55mgabvr))\/report.aspx\">Devenir \u00e0 6 mois des dipl\u00f4m\u00e9s 2015 du master (sous son ancien nom : MIMSE)<\/a><\/p>\n<p><em>Note : ces statistiques agr\u00e8gent tous les parcours du master MIMSE, et pas uniquement ROAD.<\/em><\/p>\n","protected":false},"excerpt":{"rendered":"<p>Les derni\u00e8res promotions (enqu\u00eate trois mois apr\u00e8s le dipl\u00f4me) 2016 (85% de r\u00e9ponses) 83,1% en activit\u00e9 (dont 33,3% en doctorat), 16,6% en poursuite d&rsquo;\u00e9tudes hors th\u00e8se 2017 (100% de r\u00e9ponses) &#8230;<\/p>\n","protected":false},"author":4,"featured_media":0,"parent":0,"menu_order":0,"comment_status":"closed","ping_status":"closed","template":"","meta":{"footnotes":""},"class_list":["post-141","page","type-page","status-publish","hentry"],"_links":{"self":[{"href":"https:\/\/uf-mi.u-bordeaux.fr\/road\/wp-json\/wp\/v2\/pages\/141","targetHints":{"allow":["GET"]}}],"collection":[{"href":"https:\/\/uf-mi.u-bordeaux.fr\/road\/wp-json\/wp\/v2\/pages"}],"about":[{"href":"https:\/\/uf-mi.u-bordeaux.fr\/road\/wp-json\/wp\/v2\/types\/page"}],"author":[{"embeddable":true,"href":"https:\/\/uf-mi.u-bordeaux.fr\/road\/wp-json\/wp\/v2\/users\/4"}],"replies":[{"embeddable":true,"href":"https:\/\/uf-mi.u-bordeaux.fr\/road\/wp-json\/wp\/v2\/comments?post=141"}],"version-history":[{"count":21,"href":"https:\/\/uf-mi.u-bordeaux.fr\/road\/wp-json\/wp\/v2\/pages\/141\/revisions"}],"predecessor-version":[{"id":517,"href":"https:\/\/uf-mi.u-bordeaux.fr\/road\/wp-json\/wp\/v2\/pages\/141\/revisions\/517"}],"wp:attachment":[{"href":"https:\/\/uf-mi.u-bordeaux.fr\/road\/wp-json\/wp\/v2\/media?parent=141"}],"curies":[{"name":"wp","href":"https:\/\/api.w.org\/{rel}","templated":true}]}}