{"id":119,"date":"2016-11-23T16:12:26","date_gmt":"2016-11-23T15:12:26","guid":{"rendered":"https:\/\/uf-mi.u-bordeaux.fr\/road\/?page_id=119"},"modified":"2023-02-22T14:47:37","modified_gmt":"2023-02-22T13:47:37","slug":"lien-recherche","status":"publish","type":"page","link":"https:\/\/uf-mi.u-bordeaux.fr\/road\/lien-recherche\/","title":{"rendered":"Liens formation\/recherche"},"content":{"rendered":"<p>La formation est adoss\u00e9e \u00e0 des enseignants-chercheurs en math\u00e9matiques appliqu\u00e9es et en&nbsp;informatique.<\/p>\n<p>Nos \u00e9quipes ont une reconnaissance importante dans le domaine de l&rsquo;optimisation num\u00e9rique. Le savoir-faire d\u00e9velopp\u00e9 pour la r\u00e9solution de probl\u00e8mes complexes<br \/>\n(gestion de l&rsquo;incertitude, traitement de mod\u00e8les de tr\u00e8s grande taille) transparait dans nos cours, principalement au niveau M2, des aspects th\u00e9oriques, jusqu&rsquo;aux applications pratiques.<\/p>\n<p><img loading=\"lazy\" decoding=\"async\" class=\"wp-image-261 alignright\" src=\"https:\/\/uf-mi.u-bordeaux.fr\/road\/wp-content\/uploads\/2\/2017\/03\/cplex-300x180.jpg\" alt=\"\" width=\"142\" height=\"100\"><\/p>\n<p><img loading=\"lazy\" decoding=\"async\" class=\" wp-image-260 alignright\" src=\"https:\/\/uf-mi.u-bordeaux.fr\/road\/wp-content\/uploads\/2\/2017\/03\/smoothing-300x233.jpg\" alt=\"\" width=\"129\" height=\"100\" srcset=\"https:\/\/uf-mi.u-bordeaux.fr\/road\/wp-content\/uploads\/sites\/2\/2017\/03\/smoothing-300x233.jpg 300w, https:\/\/uf-mi.u-bordeaux.fr\/road\/wp-content\/uploads\/sites\/2\/2017\/03\/smoothing-768x596.jpg 768w, https:\/\/uf-mi.u-bordeaux.fr\/road\/wp-content\/uploads\/sites\/2\/2017\/03\/smoothing.jpg 951w\" sizes=\"auto, (max-width: 129px) 100vw, 129px\" \/><\/p>\n<p>Nous accueillons chaque ann\u00e9e au laboratoire des \u00e9tudiants de master en <strong>stage court de M1<\/strong> et <strong>stage long de M2<\/strong>, ainsi que pour des projets.<\/p>\n<p>Nos relations internationales nous permettent de proposer \u00e0 nos \u00e9tudiants des <strong>stages recherche dans des laboratoires \u00e9trangers<\/strong>.<\/p>\n<h3>Partenaires institutionnels<\/h3>\n<ul>\n<li>Equipe <a href=\"https:\/\/www.math.u-bordeaux.fr\/imb\/optimisation-mathematique-modele-aleatoire-et-statistique\">OptimAl <\/a>de l&rsquo;<a href=\"https:\/\/www.math.u-bordeaux.fr\/imb\/spip.php\">Institut de Math\u00e9matiques de Bordeaux<\/a><\/li>\n<li>Equipe <a href=\"https:\/\/team.inria.fr\/edge\/fr\/\">Edge<\/a> de <a href=\"https:\/\/www.inria.fr\/centre\/bordeaux\">Inria Bordeaux Sud-Ouest<\/a><\/li>\n<\/ul>\n<p><img loading=\"lazy\" decoding=\"async\" class=\"alignnone wp-image-249\" src=\"https:\/\/uf-mi.u-bordeaux.fr\/road\/wp-content\/uploads\/2\/2017\/03\/universite-bordeaux-logo-300x121.jpg\" alt=\"\" width=\"245\" height=\"99\" srcset=\"https:\/\/uf-mi.u-bordeaux.fr\/road\/wp-content\/uploads\/sites\/2\/2017\/03\/universite-bordeaux-logo-300x121.jpg 300w, https:\/\/uf-mi.u-bordeaux.fr\/road\/wp-content\/uploads\/sites\/2\/2017\/03\/universite-bordeaux-logo.jpg 550w\" sizes=\"auto, (max-width: 245px) 100vw, 245px\" \/><img loading=\"lazy\" decoding=\"async\" class=\"alignnone wp-image-139\" src=\"https:\/\/uf-mi.u-bordeaux.fr\/road\/wp-content\/uploads\/2\/2016\/11\/Logo-INRIA-sans-300x108.jpg\" alt=\"\" width=\"228\" height=\"82\" srcset=\"https:\/\/uf-mi.u-bordeaux.fr\/road\/wp-content\/uploads\/sites\/2\/2016\/11\/Logo-INRIA-sans-300x108.jpg 300w, https:\/\/uf-mi.u-bordeaux.fr\/road\/wp-content\/uploads\/sites\/2\/2016\/11\/Logo-INRIA-sans-768x278.jpg 768w, https:\/\/uf-mi.u-bordeaux.fr\/road\/wp-content\/uploads\/sites\/2\/2016\/11\/Logo-INRIA-sans-1024x370.jpg 1024w, https:\/\/uf-mi.u-bordeaux.fr\/road\/wp-content\/uploads\/sites\/2\/2016\/11\/Logo-INRIA-sans.jpg 2045w\" sizes=\"auto, (max-width: 228px) 100vw, 228px\" \/><img loading=\"lazy\" decoding=\"async\" class=\"alignnone wp-image-138\" src=\"https:\/\/uf-mi.u-bordeaux.fr\/road\/wp-content\/uploads\/2\/2016\/11\/logo_imb-300x190.png\" alt=\"\" width=\"171\" height=\"109\" srcset=\"https:\/\/uf-mi.u-bordeaux.fr\/road\/wp-content\/uploads\/sites\/2\/2016\/11\/logo_imb-300x190.png 300w, https:\/\/uf-mi.u-bordeaux.fr\/road\/wp-content\/uploads\/sites\/2\/2016\/11\/logo_imb.png 367w\" sizes=\"auto, (max-width: 171px) 100vw, 171px\" \/><\/p>\n","protected":false},"excerpt":{"rendered":"<p>La formation est adoss\u00e9e \u00e0 des enseignants-chercheurs en math\u00e9matiques appliqu\u00e9es et en&nbsp;informatique. Nos \u00e9quipes ont une reconnaissance importante dans le domaine de l&rsquo;optimisation num\u00e9rique. Le savoir-faire d\u00e9velopp\u00e9 pour la r\u00e9solution &#8230;<\/p>\n","protected":false},"author":4,"featured_media":0,"parent":0,"menu_order":0,"comment_status":"closed","ping_status":"closed","template":"","meta":{"footnotes":""},"class_list":["post-119","page","type-page","status-publish","hentry"],"_links":{"self":[{"href":"https:\/\/uf-mi.u-bordeaux.fr\/road\/wp-json\/wp\/v2\/pages\/119","targetHints":{"allow":["GET"]}}],"collection":[{"href":"https:\/\/uf-mi.u-bordeaux.fr\/road\/wp-json\/wp\/v2\/pages"}],"about":[{"href":"https:\/\/uf-mi.u-bordeaux.fr\/road\/wp-json\/wp\/v2\/types\/page"}],"author":[{"embeddable":true,"href":"https:\/\/uf-mi.u-bordeaux.fr\/road\/wp-json\/wp\/v2\/users\/4"}],"replies":[{"embeddable":true,"href":"https:\/\/uf-mi.u-bordeaux.fr\/road\/wp-json\/wp\/v2\/comments?post=119"}],"version-history":[{"count":15,"href":"https:\/\/uf-mi.u-bordeaux.fr\/road\/wp-json\/wp\/v2\/pages\/119\/revisions"}],"predecessor-version":[{"id":489,"href":"https:\/\/uf-mi.u-bordeaux.fr\/road\/wp-json\/wp\/v2\/pages\/119\/revisions\/489"}],"wp:attachment":[{"href":"https:\/\/uf-mi.u-bordeaux.fr\/road\/wp-json\/wp\/v2\/media?parent=119"}],"curies":[{"name":"wp","href":"https:\/\/api.w.org\/{rel}","templated":true}]}}