{"id":93,"date":"2017-06-25T20:04:50","date_gmt":"2017-06-25T18:04:50","guid":{"rendered":"http:\/\/uf-mi.u-bordeaux.fr\/optim\/?page_id=93"},"modified":"2024-09-06T13:19:54","modified_gmt":"2024-09-06T11:19:54","slug":"liste-des-cours-par-semestre","status":"publish","type":"page","link":"https:\/\/uf-mi.u-bordeaux.fr\/optim\/liste-des-cours-par-semestre\/","title":{"rendered":"Liste des cours par ann\u00e9e"},"content":{"rendered":"<h3>Structure du CMI<\/h3>\n<p>Chaque CMI se structure autour des quatre blocs suivants d\u00e9finis par le r\u00e9seau Figure auxquels s&rsquo;ajoutent des stages et des activit\u00e9s de mise en situation :<\/p>\n<ul>\n<li>Socle scientifique ;<\/li>\n<li>Sp\u00e9cialit\u00e9 ;<\/li>\n<li>Compl\u00e9ments scientifiques ;<\/li>\n<li>Comp\u00e9tences Organisationnelles, Sociales, Economiques et Culturelles (COSEC).<\/li>\n<\/ul>\n<p>Chaque ann\u00e9e est compos\u00e9e d&rsquo;Unit\u00e9s d&rsquo;Enseignements (UE) offrant un total de 72 cr\u00e9dits europ\u00e9ens (36 cr\u00e9dits par semestre). Parmi ces 72 cr\u00e9dits, 12 cr\u00e9dits sont associ\u00e9s \u00e0 des UE suppl\u00e9mentaires (indiqu\u00e9es en vert ci-dessous) qui viennent s&rsquo;ajouter \u00e0 ceux des formations support.<\/p>\n<h3>Ann\u00e9e 1 : bases scientifiques et d\u00e9couverte de la discipline<\/h3>\n<table>\n<tbody>\n<tr>\n<th style=\"width: 82%;text-align: center\">Socle scientifique<\/th>\n<th style=\"width: 18%\"><\/th>\n<\/tr>\n<tr>\n<td> Math\u00e9matiques g\u00e9n\u00e9rales (Semestre 1)<\/td>\n<td>6 ECTS<\/td>\n<\/tr>\n<tr>\n<td> Math\u00e9matiques Approfondies (Semestre 1)<\/td>\n<td>6 ECTS<\/td>\n<\/tr>\n<tr>\n<td> Informatique niveau 1 ou niveau 2 (Semestre 1)<\/td>\n<td>6 ECTS<\/td>\n<\/tr>\n<tr>\n<td> Alg\u00e8bre lin\u00e9aire 1 (Semestre 2)<\/td>\n<td>6 ECTS<\/td>\n<\/tr>\n<tr>\n<td> Analyse (Semestre 2)<\/td>\n<td>6 ECTS<\/td>\n<\/tr>\n<tr>\n<td> Initiation \u00e0 la programmation C sous Unix (Semestre 2, si Info niv. 1 au semestre 1)<\/td>\n<td>6 ECTS<\/td>\n<\/tr>\n<tr>\n<td> Bases de donn\u00e9es (Semestre 2, si Info niv. 2 au semestre 1)<\/td>\n<td>6 ECTS<\/td>\n<\/tr>\n<\/tbody>\n<\/table>\n<table>\n<tbody>\n<tr>\n<th style=\"width: 82%;text-align: center\">Sp\u00e9cialit\u00e9<\/th>\n<th style=\"width: 18%\"><\/th>\n<\/tr>\n<tr>\n<td> Grands Domaines de l&rsquo;Optimisation (Semestre 1) <span style=\"color: #339966\">(Suppl\u00e9ment CMI)<\/span><\/td>\n<td>3 ECTS<\/td>\n<\/tr>\n<tr>\n<td> Algorithmique des tableaux (Semestre 2, si Info niv. 1 au semestre 1)<\/td>\n<td>6 ECTS<\/td>\n<\/tr>\n<tr>\n<td> Initiation au d\u00e9veloppement logiciel (Semestre 2, si Info niv. 2 au semestre 1)<\/td>\n<td>6 ECTS<\/td>\n<\/tr>\n<tr>\n<td>Initiation \u00e0 l&rsquo;ing\u00e9nierie de l&rsquo;optimisation (Semestre 2) <span style=\"color: #339966\">(Suppl\u00e9ment CMI)<\/span><\/td>\n<td>3 ECTS<\/td>\n<\/tr>\n<\/tbody>\n<\/table>\n<table>\n<tbody>\n<tr>\n<th style=\"width: 82%;text-align: center\">Compl\u00e9ment scientifique<\/th>\n<th style=\"width: 18%\"><\/th>\n<\/tr>\n<tr>\n<td>UE d&rsquo;ouverture au choix (Semestre 1) :<\/p>\n<ul>\n<li> La Terre, plan\u00e8te vivante dans l&rsquo;univers<\/li>\n<li> Introduction aux Sciences De Gestion et aux Sciences Cognitives<\/li>\n<li> Introduction \u00e0 la chimie<\/li>\n<li> Introduction \u00e0 la physique<\/li>\n<li> Sciences pour l\u2019ing\u00e9nieur&nbsp;: bases de m\u00e9canique et d\u2019\u00e9lectronique<\/li>\n<\/ul>\n<\/td>\n<td>6 ECTS<\/td>\n<\/tr>\n<\/tbody>\n<\/table>\n<table>\n<tbody>\n<tr>\n<th style=\"width: 82%;text-align: center\">COSEC<\/th>\n<th style=\"width: 18%\"><\/th>\n<\/tr>\n<tr>\n<td> Comp\u00e9tences num\u00e9riques, m\u00e9thodologie et communication (Semestre 1)<\/td>\n<td>3 ECTS<\/td>\n<\/tr>\n<tr>\n<td> Anglais (Semestre 1)<\/td>\n<td>2 ECTS<\/td>\n<\/tr>\n<tr>\n<td>Impro Comm&rsquo; (Semestre 1) <span style=\"color: #339966\">(Suppl\u00e9ment CMI)<\/span><\/td>\n<td>3 ECTS<\/td>\n<\/tr>\n<tr>\n<td> Anglais (Semestre 2)<\/td>\n<td>3 ECTS<\/td>\n<\/tr>\n<tr>\n<td> Introduction aux enjeux des transitions environnementales (Semestre 2)<\/td>\n<td>3 ECTS<\/td>\n<\/tr>\n<tr>\n<td> M\u00e9thodologie scientifique (Semestre 2)<\/td>\n<td>1 ECTS<\/td>\n<\/tr>\n<tr>\n<td> Anglais CMI (Semestre 2)  <span style=\"color: #339966\">(Suppl\u00e9ment CMI)<\/span><\/td>\n<td>3 ECTS<\/td>\n<\/tr>\n<\/tbody>\n<\/table>\n<table>\n<tbody>\n<tr>\n<th style=\"width: 82%;text-align: center\">Total<\/th>\n<th style=\"width: 18%\">72 ECTS<\/th>\n<\/tr>\n<\/tbody>\n<\/table>\n<h3>Ann\u00e9e 2 : d\u00e9but de la sp\u00e9cialisation en math\u00e9matiques \/ informatique<\/h3>\n<table>\n<tbody>\n<tr>\n<th style=\"width: 82%;text-align: center\">Socle scientifique<\/th>\n<th style=\"width: 18%\"><\/th>\n<\/tr>\n<tr>\n<td>Alg\u00e8bre lin\u00e9aire 2 (Semestre 3)<\/td>\n<td>9 ECTS<\/td>\n<\/tr>\n<tr>\n<td>Analyse 2 pour Math-Info (Semestre 3)<\/td>\n<td>3 ECTS<\/td>\n<\/tr>\n<tr>\n<td>Structures Alg\u00e9briques pour Math-Info (Semestre 4)<\/td>\n<td>6 ECTS<\/td>\n<\/tr>\n<tr>\n<td>Analyse 3 pour Math-Info (Semestre 4)<\/td>\n<td>3 ECTS<\/td>\n<\/tr>\n<\/tbody>\n<\/table>\n<table>\n<tbody>\n<tr>\n<th style=\"width: 82%;text-align: center\">Sp\u00e9cialit\u00e9<\/th>\n<th style=\"width: 18%\"><\/th>\n<\/tr>\n<tr>\n<td>Programmation C pour Math-Info (Semestre 3)<\/td>\n<td>6 ECTS<\/td>\n<\/tr>\n<tr>\n<td>Algorithmique des structures de donn\u00e9es (Semestre 3)<\/td>\n<td>6 ECTS<\/td>\n<\/tr>\n<tr>\n<td>Projet de programmation (Semestre 3) <span style=\"color: #339966\">(Suppl\u00e9ment CMI)<\/span><\/td>\n<td>3 ECTS<\/td>\n<\/tr>\n<tr>\n<td>Algorithmique et programmation fonctionnelle (Semestre 4)<\/td>\n<td>6 ECTS<\/td>\n<\/tr>\n<tr>\n<td>Projet Technologique L2 (Semestre 4)<\/td>\n<td>6 ECTS<\/td>\n<\/tr>\n<tr>\n<td>Introduction \u00e0 l&rsquo;optimisation non-lin\u00e9aire (Semestre 4)<\/td>\n<td>3 ECTS<\/td>\n<\/tr>\n<tr>\n<td>Introduction \u00e0 l&rsquo;optimisation lin\u00e9aire (Semestre 4) <span style=\"color: #339966\">(Suppl\u00e9ment CMI)<\/span><\/td>\n<td>3 ECTS<\/td>\n<\/tr>\n<\/tbody>\n<\/table>\n<table>\n<tbody>\n<tr>\n<th style=\"width: 82%;text-align: center\">COSEC<\/th>\n<th style=\"width: 18%\"><\/th>\n<\/tr>\n<tr>\n<td>Connaissance de l&rsquo;entreprise (Semestre 3)<\/td>\n<td>3 ECTS<\/td>\n<\/tr>\n<tr>\n<td>Ouverture Professionnelle 2 (Semestre 3)<\/td>\n<td>1 ECTS<\/td>\n<\/tr>\n<tr>\n<td>Anglais (Semestre 3)<\/td>\n<td>2 ECTS<\/td>\n<\/tr>\n<tr>\n<td>Culture, Expression et cr\u00e9ativit\u00e9 (Semestre 4)<\/td>\n<td>3 ECTS<\/td>\n<\/tr>\n<tr>\n<td>Anglais (Semestre 4)<\/td>\n<td>3 ECTS<\/td>\n<\/tr>\n<tr>\n<td>\u00c9pist\u00e9mologie et histoire de l&rsquo;informatique (Semestre 4)<\/td>\n<td>3 ECTS<\/td>\n<\/tr>\n<\/tbody>\n<\/table>\n<table>\n<tbody>\n<tr>\n<th style=\"width: 82%;text-align: center\">Stages<\/th>\n<th style=\"width: 18%\"><\/th>\n<\/tr>\n<tr>\n<td>Stage de d\u00e9couverte en entreprise (Semestre 3) <span style=\"color: #339966\">(Suppl\u00e9ment CMI)<\/span><\/td>\n<td>3 ECTS<\/td>\n<\/tr>\n<\/tbody>\n<\/table>\n<table>\n<tbody>\n<tr>\n<th style=\"width: 82%;text-align: center\">Total<\/th>\n<th style=\"width: 18%\">72 ECTS<\/th>\n<\/tr>\n<\/tbody>\n<\/table>\n<h3>Ann\u00e9e 3 : sp\u00e9cialisation en math\u00e9matiques \/ informatique<\/h3>\n<table>\n<tbody>\n<tr>\n<th style=\"width: 82%;text-align: center\">Socle scientifique<\/th>\n<th style=\"width: 18%\"><\/th>\n<\/tr>\n<tr>\n<td>Statistiques descriptives (Semestre 5)<\/td>\n<td>3 ECTS<\/td>\n<\/tr>\n<tr>\n<td>Logique et Preuve (Semestre 6)<\/td>\n<td>6 ECTS<\/td>\n<\/tr>\n<\/tbody>\n<\/table>\n<table>\n<tbody>\n<tr>\n<th style=\"width: 82%;text-align: center\">Sp\u00e9cialit\u00e9<\/th>\n<th style=\"width: 18%\"><\/th>\n<\/tr>\n<tr>\n<td>Probabilit\u00e9s et Combinatoire (Semestre 5)<\/td>\n<td>6 ECTS<\/td>\n<\/tr>\n<tr>\n<td>Algorithmique des graphes (Semestre 5)<\/td>\n<td>6 ECTS<\/td>\n<\/tr>\n<tr>\n<td>Challenges Algorithmiques (Semestre 5) <span style=\"color: #339966\">(Suppl\u00e9ment CMI)<\/span><\/td>\n<td>6 ECTS<\/td>\n<\/tr>\n<tr>\n<td>Programmation Orient\u00e9e Objet (Semestre 6)<\/td>\n<td>6 ECTS<\/td>\n<\/tr>\n<tr>\n<td>Techniques Algorithmiques et Programmation (Semestre 6)<\/td>\n<td>6 ECTS<\/td>\n<\/tr>\n<tr>\n<td>Travaux d&rsquo;Etude et de Recherche (Semestre 6) <span style=\"color: #339966\">(Suppl\u00e9ment CMI)<\/td>\n<td>2 ECTS<\/td>\n<\/tr>\n<\/tbody>\n<\/table>\n<table>\n<tbody>\n<tr>\n<th style=\"width: 82%;text-align: center\">Compl\u00e9ment scientifique<\/th>\n<th style=\"width: 18%\"><\/th>\n<\/tr>\n<tr>\n<td>Algorithmique Matricielle (Semestre 5)<\/td>\n<td>6 ECTS<\/td>\n<\/tr>\n<tr>\n<td>Projet Data (Semestre 5)<\/td>\n<td>3 ECTS<\/td>\n<\/tr>\n<tr>\n<td>Artificial intelligence (Semestre 6)<\/td>\n<td>3 ECTS<\/td>\n<\/tr>\n<tr>\n<td>Projet deep learning et data (Semestre 6)<\/td>\n<td>6 ECTS<\/td>\n<\/tr>\n<\/tbody>\n<\/table>\n<table>\n<tbody>\n<tr>\n<th style=\"width: 82%;text-align: center\">COSEC<\/th>\n<th style=\"width: 18%\"><\/th>\n<\/tr>\n<tr>\n<td>Culture, Expression et Cr\u00e9ativit\u00e9 (Semestre 5)<\/td>\n<td>3 ECTS<\/td>\n<\/tr>\n<tr>\n<td>Anglais (Semestre 5)<\/td>\n<td>3 ECTS<\/td>\n<\/tr>\n<tr>\n<td>Ouverture Professionnelle 3 (Semestre 6) <span style=\"color: #339966\">(Suppl\u00e9ment CMI)<\/td>\n<td>1 ECTS<\/td>\n<\/tr>\n<tr>\n<td>Anglais (Semestre 6)<\/td>\n<td>3 ECTS<\/td>\n<\/tr>\n<tr>\n<td>Mobilit\u00e9 Internationale (Option) (Semestre 6) <span style=\"color: #339966\">(Suppl\u00e9ment CMI)<\/span><\/td>\n<td>6 ECTS<\/td>\n<\/tr>\n<\/tbody>\n<\/table>\n<table>\n<tbody>\n<tr>\n<th style=\"width: 82%;text-align: center\">Stages<\/th>\n<th style=\"width: 18%\"><\/th>\n<\/tr>\n<tr>\n<td>Stage CMI OPTIM (Option) (Semestre 6) <span style=\"color: #339966\">(Suppl\u00e9ment CMI)<\/span><\/td>\n<td>3 ECTS<\/td>\n<\/tr>\n<\/tbody>\n<\/table>\n<table>\n<tbody>\n<tr>\n<th style=\"width: 82%;text-align: center\">Total<\/th>\n<th style=\"width: 18%\">72 ECTS<\/th>\n<\/tr>\n<\/tbody>\n<\/table>\n<h3>Ann\u00e9e 4 : sp\u00e9cialisation en optimisation math\u00e9matique<\/h3>\n<table>\n<tbody>\n<tr>\n<th style=\"width: 82%;text-align: center\">Socle scientifique<\/th>\n<th style=\"width: 18%\"><\/th>\n<\/tr>\n<tr>\n<td>Outils informatiques pour les donn\u00e9es (Semestre 7)<\/td>\n<td>6 ECTS<\/td>\n<\/tr>\n<\/tbody>\n<\/table>\n<table>\n<tbody>\n<tr>\n<th style=\"width: 82%;text-align: center\">Sp\u00e9cialit\u00e9<\/th>\n<th style=\"width: 18%\"><\/th>\n<\/tr>\n<tr>\n<td>Programmation lin\u00e9aire (Semestre 7)<\/td>\n<td>3 ECTS<\/td>\n<\/tr>\n<tr>\n<td>Graphes et algorithmes (Semestre 7)<\/td>\n<td>3 ECTS<\/td>\n<\/tr>\n<tr>\n<td>Introduction \u00e0 la programmation en variables enti\u00e8res (Semestre 7)<\/td>\n<td>3 ECTS<\/td>\n<\/tr>\n<tr>\n<td>Approche Objet (Semestre 7) <span style=\"color: #339966\">(Suppl\u00e9ment CMI)<\/td>\n<td>6 ECTS<\/td>\n<\/tr>\n<tr>\n<td>Projet d&rsquo;optimisation (Semestre 8)<\/td>\n<td>3 ECTS<\/td>\n<\/tr>\n<tr>\n<td>M\u00e9taheuristiques (Semestre 8)<\/td>\n<td>3 ECTS<\/td>\n<\/tr>\n<tr>\n<td>Optimisation continue sous contraintes (Semestre 8)<\/td>\n<td>3 ECTS<\/td>\n<\/tr>\n<tr>\n<td>Complexit\u00e9 (Semestre 8)<\/td>\n<td>3 ECTS<\/td>\n<\/tr>\n<tr>\n<td>Algorithmes pour l&rsquo;optimisation combinatoire (Semestre 8)<\/td>\n<td>3 ECTS<\/td>\n<\/tr>\n<tr>\n<td>Travaux d&rsquo;Etude et de Recherche (Semestre 8)<\/td>\n<td>6 ECTS<\/td>\n<\/tr>\n<\/tbody>\n<\/table>\n<table>\n<tbody>\n<tr>\n<th style=\"width: 82%;text-align: center\">Compl\u00e9ment scientifique<\/th>\n<th style=\"width: 18%\"><\/th>\n<\/tr>\n<tr>\n<td>Analyse, Classification, Indexation des Donn\u00e9es (Semestre 7)<\/td>\n<td>6 ECTS<\/td>\n<\/tr>\n<tr>\n<td>Intelligence Artificielle (Semestre 7)<\/td>\n<td>3 ECTS<\/td>\n<\/tr>\n<tr>\n<td>Machine learning &amp; deep learning : fondements et applications (Semestre 8)<\/td>\n<td>6 ECTS<\/td>\n<\/tr>\n<\/tbody>\n<\/table>\n<table>\n<tbody>\n<tr>\n<th style=\"width: 82%;text-align: center\">COSEC<\/th>\n<th style=\"width: 18%\"><\/th>\n<\/tr>\n<tr>\n<td>Anglais (Semestre 7)<\/td>\n<td>3 ECTS<\/td>\n<\/tr>\n<tr>\n<td>Etude de cas industriels et s\u00e9minaires (Semestre 8)<\/td>\n<td>3 ECTS<\/td>\n<\/tr>\n<tr>\n<td>Projet Personnel et Professionnel (Option) (Semestre 8) <span style=\"color: #339966\">(Suppl\u00e9ment CMI)<\/span><\/td>\n<td>3 ECTS<\/td>\n<\/tr>\n<tr>\n<td>Mobilit\u00e9 Internationale (Option) (Semestre 8) <span style=\"color: #339966\">(Suppl\u00e9ment CMI)<\/span><\/td>\n<td>6 ECTS<\/td>\n<\/tr>\n<\/tbody>\n<\/table>\n<table>\n<tbody>\n<tr>\n<th style=\"width: 82%;text-align: center\">Stages<\/th>\n<th style=\"width: 18%\"><\/th>\n<\/tr>\n<tr>\n<td>Stage CMI OPTIM (Option) (Semestre 8) <span style=\"color: #339966\">(Suppl\u00e9ment CMI)<\/span><\/td>\n<td>3 ECTS<\/td>\n<\/tr>\n<\/tbody>\n<\/table>\n<table>\n<tbody>\n<tr>\n<th style=\"width: 82%;text-align: center\">Total<\/th>\n<th style=\"width: 18%\">72 ECTS<\/th>\n<\/tr>\n<\/tbody>\n<\/table>\n<h3>Ann\u00e9e 5 : optimisation math\u00e9matique avanc\u00e9e<\/h3>\n<table>\n<tbody>\n<tr>\n<th style=\"width: 82%;text-align: center\">Sp\u00e9cialit\u00e9<\/th>\n<th style=\"width: 18%\"><\/th>\n<\/tr>\n<tr>\n<td>Integer Programming (Semestre 9)<\/td>\n<td>6 ECTS<\/td>\n<\/tr>\n<tr>\n<td>Optimisation dans l&rsquo;Incertain (Semestre 9)<\/td>\n<td>6 ECTS<\/td>\n<\/tr>\n<tr>\n<td>Gestion des Op\u00e9rations et Planification de la Production (Semestre 9)<\/td>\n<td>6 ECTS<\/td>\n<\/tr>\n<tr>\n<td>Apprentissage par renforcement (Semestre 9)<\/td>\n<td>6 ECTS<\/td>\n<\/tr>\n<tr>\n<td>Th\u00e9orie des Graphes (Semestre 9) <span style=\"color: #339966\">(Suppl\u00e9ment CMI)<\/td>\n<td>3 ECTS<\/td>\n<\/tr>\n<tr>\n<td>Projet Industriel d&rsquo;Optimisation (Semestre 10)<\/td>\n<td>6 ECTS<\/td>\n<\/tr>\n<\/tbody>\n<\/table>\n<table>\n<tbody>\n<tr>\n<th style=\"width: 82%;text-align: center\">Compl\u00e9ment scientifique<\/th>\n<th style=\"width: 18%\"><\/th>\n<\/tr>\n<tr>\n<td>Architectures de r\u00e9seaux neuronnaux avanc\u00e9es (Semestre 9)<\/span><\/td>\n<td>6 ECTS<\/td>\n<\/tr>\n<tr>\n<td>Numerics (Semestre 10) <span style=\"color: #339966\">(Suppl\u00e9ment CMI)<\/span><\/td>\n<td>6 ECTS<\/td>\n<\/tr>\n<\/tbody>\n<\/table>\n<table>\n<tbody>\n<tr>\n<th style=\"width: 82%;text-align: center\">COSEC<\/th>\n<th style=\"width: 18%\"><\/th>\n<\/tr>\n<tr>\n<td>AI and sustainability (Semestre 9) <span style=\"color: #339966\">(Suppl\u00e9ment CMI)<\/span><\/td>\n<td>3 ECTS<\/td>\n<\/tr>\n<\/tbody>\n<\/table>\n<table>\n<tbody>\n<tr>\n<th style=\"width: 82%;text-align: center\">Stages<\/th>\n<th style=\"width: 18%\"><\/th>\n<\/tr>\n<tr>\n<td>Stage de fin d&rsquo;\u00e9tude (Semestre 10)<\/td>\n<td>24 ECTS<\/td>\n<\/tr>\n<\/tbody>\n<\/table>\n<table>\n<tbody>\n<tr>\n<th style=\"width: 82%;text-align: center\">Total<\/th>\n<th style=\"width: 18%\">72 ECTS<\/th>\n<\/tr>\n<\/tbody>\n<\/table>\n","protected":false},"excerpt":{"rendered":"<p>Structure du CMI Chaque CMI se structure autour des quatre blocs suivants d\u00e9finis par le r\u00e9seau Figure auxquels s&rsquo;ajoutent des stages et des activit\u00e9s de mise en situation : Socle scientifique ; Sp\u00e9cialit\u00e9 ; Compl\u00e9ments [&hellip;]<\/p>\n","protected":false},"author":4,"featured_media":0,"parent":0,"menu_order":0,"comment_status":"closed","ping_status":"closed","template":"","meta":{"footnotes":""},"class_list":["post-93","page","type-page","status-publish","hentry"],"_links":{"self":[{"href":"https:\/\/uf-mi.u-bordeaux.fr\/optim\/wp-json\/wp\/v2\/pages\/93","targetHints":{"allow":["GET"]}}],"collection":[{"href":"https:\/\/uf-mi.u-bordeaux.fr\/optim\/wp-json\/wp\/v2\/pages"}],"about":[{"href":"https:\/\/uf-mi.u-bordeaux.fr\/optim\/wp-json\/wp\/v2\/types\/page"}],"author":[{"embeddable":true,"href":"https:\/\/uf-mi.u-bordeaux.fr\/optim\/wp-json\/wp\/v2\/users\/4"}],"replies":[{"embeddable":true,"href":"https:\/\/uf-mi.u-bordeaux.fr\/optim\/wp-json\/wp\/v2\/comments?post=93"}],"version-history":[{"count":110,"href":"https:\/\/uf-mi.u-bordeaux.fr\/optim\/wp-json\/wp\/v2\/pages\/93\/revisions"}],"predecessor-version":[{"id":349,"href":"https:\/\/uf-mi.u-bordeaux.fr\/optim\/wp-json\/wp\/v2\/pages\/93\/revisions\/349"}],"wp:attachment":[{"href":"https:\/\/uf-mi.u-bordeaux.fr\/optim\/wp-json\/wp\/v2\/media?parent=93"}],"curies":[{"name":"wp","href":"https:\/\/api.w.org\/{rel}","templated":true}]}}