{"id":45,"date":"2017-06-01T09:51:25","date_gmt":"2017-06-01T07:51:25","guid":{"rendered":"http:\/\/uf-mi.u-bordeaux.fr\/optim\/?page_id=45"},"modified":"2024-09-06T13:31:39","modified_gmt":"2024-09-06T11:31:39","slug":"lien-recherche","status":"publish","type":"page","link":"https:\/\/uf-mi.u-bordeaux.fr\/optim\/lien-recherche\/","title":{"rendered":"Recherche"},"content":{"rendered":"<p>Le CMI OPTIM s&rsquo;appuie sur <strong>deux grands laboratoires en num\u00e9rique<\/strong> : le LaBRI et l&rsquo;IMB. L&rsquo;\u00e9quipe p\u00e9dagogique s&rsquo;appuie aussi sur des chercheurs Inria.<\/p>\n<p><strong>Le<\/strong> <strong>Laboratoire Bordelais de Recherche en Informatique<\/strong> est une unit\u00e9 de recherche associ\u00e9e au CNRS, \u00e0 l&rsquo;Universit\u00e9 de Bordeaux et \u00e0 Bordeaux INP. Il r\u00e9unit environ 320 personnes. Les missions du LaBRI s&rsquo;articulent autour de trois axes principaux : recherche, valorisation, et formation.<br \/><a href=\"http:\/\/www.labri.fr\/\">http:\/\/www.labri.fr\/<\/a><\/p>\n<p><strong>L<\/strong>\u2019<strong>Institut de Math\u00e9matiques de Bordeaux<\/strong> est une unit\u00e9 de recherche associ\u00e9e\u00a0au CNRS, \u00e0 l&rsquo;Universit\u00e9 de Bordeaux et \u00e0 Bordeaux INP. Il r\u00e9unit environ 300 personnes. L\u2019IMB regroupe l\u2019essentiel de la recherche en math\u00e9matiques du site bordelais.<br \/><a href=\"https:\/\/www.math.u-bordeaux.fr\">https:\/\/www.math.u-bordeaux.fr<\/a><\/p>\n<p>Des membres de l&rsquo;\u00e9quipe p\u00e9dagogique font partie de <a href=\"https:\/\/edge.gitlabpages.inria.fr\/\">l&rsquo;\u00e9quipe Inria Edge. <\/a><strong>Inria<\/strong> emploie 2 600 collaborateurs issus des meilleures universit\u00e9s mondiales, qui rel\u00e8vent les d\u00e9fis des sciences informatiques et math\u00e9matiques. Inria transf\u00e8re aussi vers les entreprises ses r\u00e9sultats et ses comp\u00e9tences, dans des domaines tels que la sant\u00e9, les transports, l&rsquo;\u00e9nergie, la ville intelligente, l\u2019usine du futur,&#8230;<\/p>\n\n\n<p>Nos \u00e9quipes font partie du <strong>cluster d&rsquo;excellence SysNum<\/strong>, financ\u00e9 par l&rsquo;IDEX de Bordeaux.<\/p>\n","protected":false},"excerpt":{"rendered":"<p>Le CMI OPTIM s&rsquo;appuie sur deux grands laboratoires en num\u00e9rique : le LaBRI et l&rsquo;IMB. L&rsquo;\u00e9quipe p\u00e9dagogique s&rsquo;appuie aussi sur des chercheurs Inria. Le Laboratoire Bordelais de Recherche en Informatique est une unit\u00e9 de recherche [&hellip;]<\/p>\n","protected":false},"author":4,"featured_media":0,"parent":0,"menu_order":0,"comment_status":"closed","ping_status":"closed","template":"","meta":{"footnotes":""},"class_list":["post-45","page","type-page","status-publish","hentry"],"_links":{"self":[{"href":"https:\/\/uf-mi.u-bordeaux.fr\/optim\/wp-json\/wp\/v2\/pages\/45","targetHints":{"allow":["GET"]}}],"collection":[{"href":"https:\/\/uf-mi.u-bordeaux.fr\/optim\/wp-json\/wp\/v2\/pages"}],"about":[{"href":"https:\/\/uf-mi.u-bordeaux.fr\/optim\/wp-json\/wp\/v2\/types\/page"}],"author":[{"embeddable":true,"href":"https:\/\/uf-mi.u-bordeaux.fr\/optim\/wp-json\/wp\/v2\/users\/4"}],"replies":[{"embeddable":true,"href":"https:\/\/uf-mi.u-bordeaux.fr\/optim\/wp-json\/wp\/v2\/comments?post=45"}],"version-history":[{"count":11,"href":"https:\/\/uf-mi.u-bordeaux.fr\/optim\/wp-json\/wp\/v2\/pages\/45\/revisions"}],"predecessor-version":[{"id":353,"href":"https:\/\/uf-mi.u-bordeaux.fr\/optim\/wp-json\/wp\/v2\/pages\/45\/revisions\/353"}],"wp:attachment":[{"href":"https:\/\/uf-mi.u-bordeaux.fr\/optim\/wp-json\/wp\/v2\/media?parent=45"}],"curies":[{"name":"wp","href":"https:\/\/api.w.org\/{rel}","templated":true}]}}