{"id":43,"date":"2017-06-01T09:51:11","date_gmt":"2017-06-01T07:51:11","guid":{"rendered":"http:\/\/uf-mi.u-bordeaux.fr\/optim\/?page_id=43"},"modified":"2020-02-17T14:58:10","modified_gmt":"2020-02-17T13:58:10","slug":"lien-entreprises","status":"publish","type":"page","link":"https:\/\/uf-mi.u-bordeaux.fr\/optim\/lien-entreprises\/","title":{"rendered":"Entreprises"},"content":{"rendered":"<p>Le CMI OPTIM a re\u00e7u pour sa cr\u00e9ation des soutiens de nombreux professionnels du domaine, dans des entreprises qui refl\u00e8tent bien les domaines applicatifs vis\u00e9s.<\/p>\n<ul>\n<li>Amadeus (\u00e9diteur de logiciel)<\/li>\n<li>Asys (\u00e9diteur de logiciel)<\/li>\n<li>Bouygues \/ Innovation 24 (t\u00e9l\u00e9com)<\/li>\n<li>Decision Brain (conseil)<\/li>\n<li>EDF (\u00e9nergie)<\/li>\n<li>Engie (\u00e9nergie)<\/li>\n<li>Giro (transport)<\/li>\n<li>Orange (t\u00e9l\u00e9com)<\/li>\n<li>Renault (automobile)<\/li>\n<\/ul>\n<p>A ces partenaires proches s&rsquo;ajoutent les nombreuses entreprises qui emploient des anciens \u00e9tudiants des formations en optimisation de Bordeaux, ou accueillent r\u00e9guli\u00e8rement des stagiaires.<\/p>\n<p>De nombreux exemples d&rsquo;applications de la recherche op\u00e9rationnelle sont propos\u00e9s dans le livre blanc de l&rsquo;association ROADEF. <a href=\"https:\/\/www.yumpu.com\/fr\/document\/read\/62671934\/le-livre-blanc-de-la-roadef-version-2019\">https:\/\/www.yumpu.com\/fr\/document\/read\/62671934\/le-livre-blanc-de-la-roadef-version-2019<\/a><\/p>\n<p>Vous pouvez soutenir la formation en lui affectant une partie de votre <a href=\"https:\/\/www.math.u-bordeaux.fr\/~fclautia\/BordereauVersementOptim.pdf\">taxe d&rsquo;apprentissage<\/a>.<\/p>\n\n\n<p><\/p>\n","protected":false},"excerpt":{"rendered":"<p>Le CMI OPTIM a re\u00e7u pour sa cr\u00e9ation des soutiens de nombreux professionnels du domaine, dans des entreprises qui refl\u00e8tent bien les domaines applicatifs vis\u00e9s. Amadeus (\u00e9diteur de logiciel) Asys (\u00e9diteur de logiciel) Bouygues \/ [&hellip;]<\/p>\n","protected":false},"author":4,"featured_media":0,"parent":0,"menu_order":0,"comment_status":"closed","ping_status":"closed","template":"","meta":{"footnotes":""},"class_list":["post-43","page","type-page","status-publish","hentry"],"_links":{"self":[{"href":"https:\/\/uf-mi.u-bordeaux.fr\/optim\/wp-json\/wp\/v2\/pages\/43","targetHints":{"allow":["GET"]}}],"collection":[{"href":"https:\/\/uf-mi.u-bordeaux.fr\/optim\/wp-json\/wp\/v2\/pages"}],"about":[{"href":"https:\/\/uf-mi.u-bordeaux.fr\/optim\/wp-json\/wp\/v2\/types\/page"}],"author":[{"embeddable":true,"href":"https:\/\/uf-mi.u-bordeaux.fr\/optim\/wp-json\/wp\/v2\/users\/4"}],"replies":[{"embeddable":true,"href":"https:\/\/uf-mi.u-bordeaux.fr\/optim\/wp-json\/wp\/v2\/comments?post=43"}],"version-history":[{"count":8,"href":"https:\/\/uf-mi.u-bordeaux.fr\/optim\/wp-json\/wp\/v2\/pages\/43\/revisions"}],"predecessor-version":[{"id":295,"href":"https:\/\/uf-mi.u-bordeaux.fr\/optim\/wp-json\/wp\/v2\/pages\/43\/revisions\/295"}],"wp:attachment":[{"href":"https:\/\/uf-mi.u-bordeaux.fr\/optim\/wp-json\/wp\/v2\/media?parent=43"}],"curies":[{"name":"wp","href":"https:\/\/api.w.org\/{rel}","templated":true}]}}