{"id":41,"date":"2017-06-01T09:50:52","date_gmt":"2017-06-01T07:50:52","guid":{"rendered":"http:\/\/uf-mi.u-bordeaux.fr\/optim\/?page_id=41"},"modified":"2026-01-12T18:23:02","modified_gmt":"2026-01-12T17:23:02","slug":"les-debouches","status":"publish","type":"page","link":"https:\/\/uf-mi.u-bordeaux.fr\/optim\/","title":{"rendered":"ISI + OPTIM = OSIA !"},"content":{"rendered":"<p><strong>Attention :<\/strong> \u00e0 la rentr\u00e9e 2026, le CMI ISI (Ing\u00e9nierie Statistique et Informatique) et le CMI OPTIM (Optimisation Math\u00e9matique et Algorithmes) fusionnent en un seul CMI :<\/p>\n<p style=\"text-align: center\"><span style=\"color: #800080\"><a style=\"color: #800080\" href=\"https:\/\/cmi-osia.uf-mi.u-bordeaux.fr\/\"><strong>Le CMI OSIA : Optimisation, Statistique et Intelligence Artificielle<\/strong><\/a><\/span><\/p>\n<p>Retrouvez toutes les informations le concernant en suivant le lien :\u00a0<a href=\"https:\/\/cmi-osia.uf-mi.u-bordeaux.fr\/\">https:\/\/cmi-osia.uf-mi.u-bordeaux.fr\/<\/a><\/p>\n<p>&nbsp;<\/p>\n\n\n<hr class=\"wp-block-separator has-alpha-channel-opacity is-style-wide\" \/>\n\n\n<p><strong>Les m\u00e9tiers<\/strong><\/p>\n<p>Les <strong>algorithmes<\/strong> sont aujourd&rsquo;hui au coeur de l&rsquo;activit\u00e9 des entreprises et de la soci\u00e9t\u00e9. Le CMI OPTIM forme au d\u00e9veloppement d&rsquo;algorithmes d&rsquo;aide \u00e0 la d\u00e9cision, qui permettent de r\u00e9soudre des probl\u00e8mes hors de port\u00e9e d&rsquo;un d\u00e9cideur humain.<\/p>\n<p>Parmi les nombreux secteurs utilisant ces algorithmes, on peut citer <strong>l&rsquo;\u00e9nergie<\/strong> (choix du mix \u00e9nerg\u00e9tique, production, stockage), les <strong>transports<\/strong> (optimisation des livraisons, des transports publics), la <strong>sant\u00e9<\/strong> (planification des soins).<\/p>\n<p>Les experts en optimisation math\u00e9matique sont employ\u00e9s dans des PME, des \u00e9diteurs de logiciels, des grands groupes, et dans la recherche scientifique.<br \/><a href=\"http:\/\/uf-mi.u-bordeaux.fr\/optim\/lien-entreprises\/\">Voir la liste des entreprises partenaires<\/a><\/p>\n<p><strong>Les comp\u00e9tences<\/strong><\/p>\n<p>L&rsquo;expert en optimisation\/algorithmes se doit de savoir <strong>mod\u00e9liser<\/strong> <strong>math\u00e9matiquement<\/strong> des probl\u00e8mes, de proposer des <strong>algorithmes<\/strong> pour les r\u00e9soudre, et impl\u00e9menter ces algorithmes sous la forme de <strong>programmes informatiques<\/strong>.<\/p>\n<p>Pour d\u00e9velopper ces comp\u00e9tences, le CMI OPTIM s&rsquo;appuie sur un socle disciplinaire en <strong>informatique<\/strong> et en <strong>math\u00e9matique<\/strong> au niveau Licence, puis forme des experts en optimisation math\u00e9matique, graphes, et d\u00e9veloppement d&rsquo;algorithmes complexes au niveau Master.<br \/><a href=\"http:\/\/uf-mi.u-bordeaux.fr\/optim\/contenu-de-la-formation\/\">Voir le contenu d\u00e9taill\u00e9 de la formation<\/a><\/p>\n<p><strong>Les plus du CMI OPTIM<\/strong><\/p>\n<p>En plus de connaissances de pointe en optimisation, le CMI apporte des <strong>comp\u00e9tences suppl\u00e9mentaires<\/strong> utiles pour un cadre en entreprise (communication, connaissance de l&rsquo;entreprise, etc.). Les \u00e9tudiants de CMI doivent r\u00e9aliser une <strong>mobilit\u00e9 \u00e0 l&rsquo;\u00e9tranger<\/strong>, et doivent r\u00e9aliser de <strong>nombreux projets et stages<\/strong>. Le cursus met aussi en contact les \u00e9tudiants avec des chercheurs de pointe dans le domaine de l&rsquo;optimisation, d\u00e8s la premi\u00e8re ann\u00e9e.<br \/><a href=\"https:\/\/reseau-figure.fr\/\">Description du programme CMI par le r\u00e9seau Figure<\/a><\/p>\n<p><strong>Candidater<\/strong><\/p>\n<p>Les candidatures se font via Parcoursup. En raison du fort encadrement par l&rsquo;\u00e9quipe p\u00e9dagogique, le nombre de places est tr\u00e8s limit\u00e9. Les s\u00e9lections se font sur dossier et entretien.<br \/><a href=\"http:\/\/uf-mi.u-bordeaux.fr\/optim\/candidater\/\">Plus de d\u00e9tails sur la candidature.<\/a><\/p>\n<p><strong>Nous contacter<\/strong><\/p>\n<p>Vous pouvez envoyer vos questions par e-mail \u00e0 pierre.pesneau@math.u-bordeaux.fr<\/p>","protected":false},"excerpt":{"rendered":"<p>Attention : \u00e0 la rentr\u00e9e 2026, le CMI ISI (Ing\u00e9nierie Statistique et Informatique) et le CMI OPTIM (Optimisation Math\u00e9matique et Algorithmes) fusionnent en un seul CMI : Le CMI OSIA : Optimisation, Statistique et Intelligence [&hellip;]<\/p>\n","protected":false},"author":4,"featured_media":0,"parent":0,"menu_order":0,"comment_status":"closed","ping_status":"closed","template":"","meta":{"footnotes":""},"class_list":["post-41","page","type-page","status-publish","hentry"],"_links":{"self":[{"href":"https:\/\/uf-mi.u-bordeaux.fr\/optim\/wp-json\/wp\/v2\/pages\/41","targetHints":{"allow":["GET"]}}],"collection":[{"href":"https:\/\/uf-mi.u-bordeaux.fr\/optim\/wp-json\/wp\/v2\/pages"}],"about":[{"href":"https:\/\/uf-mi.u-bordeaux.fr\/optim\/wp-json\/wp\/v2\/types\/page"}],"author":[{"embeddable":true,"href":"https:\/\/uf-mi.u-bordeaux.fr\/optim\/wp-json\/wp\/v2\/users\/4"}],"replies":[{"embeddable":true,"href":"https:\/\/uf-mi.u-bordeaux.fr\/optim\/wp-json\/wp\/v2\/comments?post=41"}],"version-history":[{"count":31,"href":"https:\/\/uf-mi.u-bordeaux.fr\/optim\/wp-json\/wp\/v2\/pages\/41\/revisions"}],"predecessor-version":[{"id":362,"href":"https:\/\/uf-mi.u-bordeaux.fr\/optim\/wp-json\/wp\/v2\/pages\/41\/revisions\/362"}],"wp:attachment":[{"href":"https:\/\/uf-mi.u-bordeaux.fr\/optim\/wp-json\/wp\/v2\/media?parent=41"}],"curies":[{"name":"wp","href":"https:\/\/api.w.org\/{rel}","templated":true}]}}