{"id":280,"date":"2019-12-16T15:26:12","date_gmt":"2019-12-16T14:26:12","guid":{"rendered":"http:\/\/uf-mi.u-bordeaux.fr\/optim\/?page_id=280"},"modified":"2024-09-06T13:30:02","modified_gmt":"2024-09-06T11:30:02","slug":"candidater","status":"publish","type":"page","link":"https:\/\/uf-mi.u-bordeaux.fr\/optim\/candidater\/","title":{"rendered":"Candidater"},"content":{"rendered":"\n<p>Les candidatures pour le CMI OPTIM se font essentiellement par parcoursup. <br><a href=\"https:\/\/parcoursup.fr\/index.php\">https:\/\/parcoursup.fr\/index.php<\/a><\/p>\n\n\n\n<p>Les CMI peuvent \u00eatre trouv\u00e9s en s\u00e9lectionnant \u00ab\u00a0<em>Formation en ing\u00e9nierie<\/em>\u00a0\u00bb dans le type de formation.<\/p>\n\n\n\n<p>Les candidats dont le dossier est s\u00e9lectionn\u00e9 seront auditionn\u00e9s par un jury d&rsquo;admission. Les auditions \u00e0 distance sont possibles pour les personnes r\u00e9sidant loin de Bordeaux. <\/p>\n\n\n\n<p>Il est \u00e9galement possible de candidater en deuxi\u00e8me ann\u00e9e (selon la disponibilit\u00e9s des places) via le portail eCandidat : <a href=\"https:\/\/ecandidat-licence-master.u-bordeaux.fr\/#!accueilView\">https:\/\/ecandidat-licence-master.u-bordeaux.fr\/#!accueilView<\/a><br><\/p>\n\n\n\n<p><\/p>\n","protected":false},"excerpt":{"rendered":"<p>Les candidatures pour le CMI OPTIM se font essentiellement par parcoursup. https:\/\/parcoursup.fr\/index.php Les CMI peuvent \u00eatre trouv\u00e9s en s\u00e9lectionnant \u00ab\u00a0Formation en ing\u00e9nierie\u00a0\u00bb dans le type de formation. Les candidats dont le dossier est s\u00e9lectionn\u00e9 seront [&hellip;]<\/p>\n","protected":false},"author":4,"featured_media":0,"parent":0,"menu_order":0,"comment_status":"closed","ping_status":"closed","template":"","meta":{"footnotes":""},"class_list":["post-280","page","type-page","status-publish","hentry"],"_links":{"self":[{"href":"https:\/\/uf-mi.u-bordeaux.fr\/optim\/wp-json\/wp\/v2\/pages\/280","targetHints":{"allow":["GET"]}}],"collection":[{"href":"https:\/\/uf-mi.u-bordeaux.fr\/optim\/wp-json\/wp\/v2\/pages"}],"about":[{"href":"https:\/\/uf-mi.u-bordeaux.fr\/optim\/wp-json\/wp\/v2\/types\/page"}],"author":[{"embeddable":true,"href":"https:\/\/uf-mi.u-bordeaux.fr\/optim\/wp-json\/wp\/v2\/users\/4"}],"replies":[{"embeddable":true,"href":"https:\/\/uf-mi.u-bordeaux.fr\/optim\/wp-json\/wp\/v2\/comments?post=280"}],"version-history":[{"count":2,"href":"https:\/\/uf-mi.u-bordeaux.fr\/optim\/wp-json\/wp\/v2\/pages\/280\/revisions"}],"predecessor-version":[{"id":352,"href":"https:\/\/uf-mi.u-bordeaux.fr\/optim\/wp-json\/wp\/v2\/pages\/280\/revisions\/352"}],"wp:attachment":[{"href":"https:\/\/uf-mi.u-bordeaux.fr\/optim\/wp-json\/wp\/v2\/media?parent=280"}],"curies":[{"name":"wp","href":"https:\/\/api.w.org\/{rel}","templated":true}]}}