{"id":60,"date":"2023-03-12T19:36:13","date_gmt":"2023-03-12T18:36:13","guid":{"rendered":"https:\/\/ufmiubordeaux.wordpress.com\/?page_id=60"},"modified":"2023-03-12T19:36:13","modified_gmt":"2023-03-12T18:36:13","slug":"objectif-de-la-formation","status":"publish","type":"page","link":"https:\/\/uf-mi.u-bordeaux.fr\/msn\/index.php\/objectif-de-la-formation\/","title":{"rendered":"Objectifs de la formation"},"content":{"rendered":"\n<p class=\"has-text-align-left\">Ce cursus vise \u00e0 former de futur.e.s ing\u00e9nieures et ing\u00e9nieurs, cadres, chercheuses et chercheurs ma\u00eetrisant les outils de la mod\u00e9lisation math\u00e9matique et de la simulation num\u00e9rique : \u00e9quations aux d\u00e9riv\u00e9es partielles pour la mod\u00e9lisation en physique ou en biologie, outils de simulation num\u00e9rique et d&rsquo;optimisation, outils probabilistes, statistiques et d&rsquo;analyse des donn\u00e9es. <\/p>\n\n\n\n<p>Les dipl\u00f4m\u00e9es et dipl\u00f4m\u00e9s de ce master seront capables de concevoir, analyser, mettre en oeuvre et valider des mod\u00e8les math\u00e9matiques et des solutions num\u00e9riques pertinentes pour des probl\u00e8mes concrets d\u2019ing\u00e9nierie dans les domaines de l&rsquo;industrie et des services (m\u00e9canique des fluides, des solides, \u00e9nergie, a\u00e9ronautique, environnement&#8230;) et pour les nouvelles applications du domaine de la sant\u00e9 (cardiologie, oncologie&#8230;).<\/p>\n\n\n\n<h3 class=\"wp-block-heading\"><strong>D\u00e9roul\u00e9 de la formation<\/strong><\/h3>\n\n\n\n<p>La&nbsp;premi\u00e8re ann\u00e9e permet d\u2019acqu\u00e9rir les&nbsp;<strong>comp\u00e9tences fondamentales en math\u00e9matiques appliqu\u00e9es<\/strong>&nbsp;(mod\u00e9lisation math\u00e9matique, analyse des \u00e9quations aux d\u00e9riv\u00e9es partielles (edp), m\u00e9thodes classiques d&rsquo;approximation des edp, optimisation convexe, programmation, probabilit\u00e9s et statistiques). La deuxi\u00e8me ann\u00e9e permet d\u2019acqu\u00e9rir des&nbsp;<strong>comp\u00e9tences plus sp\u00e9cialis\u00e9es<\/strong>&nbsp;de mani\u00e8re \u00e0 pr\u00e9parer \u00e0 la fois aux m\u00e9tiers d&rsquo;ing\u00e9nierie math\u00e9matique et au doctorat.<\/p>\n\n\n\n<p>Les&nbsp;langages de programmation utilis\u00e9s sont le Python d&rsquo;une part et le fortran, le C ou le C++ d&rsquo;autre part. La connaissance des bases de ces langages (Python et au moins un parmi fortran, C et C++) est un pr\u00e9requis, et l&rsquo;ann\u00e9e de M1 permettra de les consolider.<\/p>\n\n\n\n<p>La plupart des cours sont accompagn\u00e9s de TP sur machine, et l&rsquo;\u00e9valuation sera en partie bas\u00e9e sur des projets \u00e0 rendre. <\/p>\n\n\n\n<p>Les cours sont donn\u00e9s principalement par des enseignantes-chercheuses et enseignants-chercheurs de l\u2019Universit\u00e9 de Bordeaux et de l&rsquo;<a href=\"https:\/\/enseirb-matmeca.bordeaux-inp.fr\/fr\">ENSEIRB-MATMECA<\/a>. Elles et ils sont membres de l&rsquo;<a href=\"https:\/\/www.math.u-bordeaux.fr\/imb\/spip.php\">Institut de Math\u00e9matiques de Bordeaux. <\/a><\/p>\n\n\n\n<p>L&rsquo;ann\u00e9e de M2 est commune avec les \u00e9l\u00e8ves de troisi\u00e8me ann\u00e9e de MATMECA.<\/p>\n\n\n\n<p>La formation&nbsp;est port\u00e9e par l\u2019<a href=\"https:\/\/www.u-bordeaux.fr\/\">Universit\u00e9 de Bordeaux<\/a>&nbsp;et se d\u00e9roule sur le&nbsp;<a href=\"http:\/\/www.u-bordeaux.fr\/Universite\/L-universite-de-Bordeaux\/Campus\/Campus-Talence-Pessac-Gradignan\">Campus de Talence<\/a> et \u00e0 l&rsquo;<a href=\"https:\/\/enseirb-matmeca.bordeaux-inp.fr\/fr\">ENSEIRB-MATMECA<\/a>. <\/p>\n\n\n\n<h3 class=\"wp-block-heading\"><strong>D\u00e9bouch\u00e9s<\/strong> <\/h3>\n\n\n\n<p class=\"has-text-align-left\">Les m\u00e9tiers auxquels m\u00e8ne ce cursus sont porteurs et recherch\u00e9s : ing\u00e9nieur.e en mod\u00e9lisation et calcul, ing\u00e9nieur.e fiabilit\u00e9 et statistique, ing\u00e9nieur.e conseil et tous les m\u00e9tiers de la recherche. Les domaines d&rsquo;applications sont tr\u00e8s vari\u00e9s: industrie a\u00e9ronautique, automobile, de l&rsquo;\u00e9nergie, domaines du biom\u00e9dical, de l&rsquo;environnement, des transports&#8230;<\/p>\n\n\n\n<p>Lire la <a href=\"https:\/\/www.onisep.fr\/content\/download\/769765\/file\/ZOOM-MATHS_partenaires.pdf\">brochure zoom m\u00e9tiers des de l\u2019ONISEP<\/a>.<\/p>\n","protected":false},"excerpt":{"rendered":"<p>Ce cursus vise \u00e0 former de futur.e.s ing\u00e9nieures et ing\u00e9nieurs, cadres, chercheuses et chercheurs ma\u00eetrisant les outils de la mod\u00e9lisation math\u00e9matique et de la simulation num\u00e9rique : \u00e9quations aux d\u00e9riv\u00e9es partielles pour la mod\u00e9lisation en physique ou en biologie, outils de simulation num\u00e9rique et d&rsquo;optimisation, outils probabilistes, statistiques et d&rsquo;analyse des donn\u00e9es. Les dipl\u00f4m\u00e9es et<a class=\"more-link\" href=\"https:\/\/uf-mi.u-bordeaux.fr\/msn\/index.php\/objectif-de-la-formation\/\">Lire la suite <span class=\"screen-reader-text\">\u00ab\u00a0Objectifs de la formation\u00a0\u00bb<\/span><\/a><\/p>\n","protected":false},"author":2,"featured_media":0,"parent":0,"menu_order":0,"comment_status":"closed","ping_status":"closed","template":"","meta":{"footnotes":""},"class_list":["post-60","page","type-page","status-publish","hentry","entry"],"_links":{"self":[{"href":"https:\/\/uf-mi.u-bordeaux.fr\/msn\/index.php\/wp-json\/wp\/v2\/pages\/60","targetHints":{"allow":["GET"]}}],"collection":[{"href":"https:\/\/uf-mi.u-bordeaux.fr\/msn\/index.php\/wp-json\/wp\/v2\/pages"}],"about":[{"href":"https:\/\/uf-mi.u-bordeaux.fr\/msn\/index.php\/wp-json\/wp\/v2\/types\/page"}],"author":[{"embeddable":true,"href":"https:\/\/uf-mi.u-bordeaux.fr\/msn\/index.php\/wp-json\/wp\/v2\/users\/2"}],"replies":[{"embeddable":true,"href":"https:\/\/uf-mi.u-bordeaux.fr\/msn\/index.php\/wp-json\/wp\/v2\/comments?post=60"}],"version-history":[{"count":0,"href":"https:\/\/uf-mi.u-bordeaux.fr\/msn\/index.php\/wp-json\/wp\/v2\/pages\/60\/revisions"}],"wp:attachment":[{"href":"https:\/\/uf-mi.u-bordeaux.fr\/msn\/index.php\/wp-json\/wp\/v2\/media?parent=60"}],"curies":[{"name":"wp","href":"https:\/\/api.w.org\/{rel}","templated":true}]}}