{"id":41,"date":"2023-03-12T16:22:00","date_gmt":"2023-03-12T15:22:00","guid":{"rendered":"https:\/\/ufmiubordeaux.wordpress.com\/?page_id=41"},"modified":"2023-03-12T16:22:00","modified_gmt":"2023-03-12T15:22:00","slug":"candidater","status":"publish","type":"page","link":"https:\/\/uf-mi.u-bordeaux.fr\/msn\/index.php\/candidater\/","title":{"rendered":"Candidater"},"content":{"rendered":"\n<p>Le parcours s\u2019adresse principalement aux titulaires de licences de&nbsp;<strong>math\u00e9matiques appliqu\u00e9e<\/strong>s <strong>et math\u00e9matiques fondamentales<\/strong>. D\u2019autres licences peuvent \u00eatre accept\u00e9es, mais il faudra voir au cas par cas selon les UE de math\u00e9matiques et d&rsquo;informatique suivies.<\/p>\n\n\n\n<p>Le nombre de places est limit\u00e9 et les candidatures font l\u2019objet d\u2019une s\u00e9lection. <\/p>\n\n\n\n<p>Nous accueillons aussi en M2 des \u00e9tudiants en derni\u00e8re ann\u00e9e d\u2019\u00e9cole d\u2019ing\u00e9nieurs.<\/p>\n\n\n\n<p><strong>\u00c9tudiants de L3 ou dipl\u00f4m\u00e9s d\u2019une licence en France<\/strong><\/p>\n\n\n\n<p>Les candidatures en&nbsp;<strong>premi\u00e8re ann\u00e9e de master (M1)<\/strong>&nbsp;se font via la plateforme nationale&nbsp;<a href=\"https:\/\/www.monmaster.gouv.fr\/master\/universite-de-bordeaux\/mathematiques-appliquees-statistique?q=bordeaux&amp;course=d%C3%A9cision&amp;position=0&amp;layout=1\">\u201cMon Master\u201d<\/a>.<\/p>\n\n\n\n<p>L\u2019admission directe en deuxi\u00e8me ann\u00e9e (M2) est rare, mais possible. Les \u00e9tudiants d\u00e9j\u00e0 titulaires d\u2019un M2 en France devront justifier leur projet professionnel lors de la candidature.<\/p>\n\n\n\n<p><strong>\u00c9tudiants ing\u00e9nieur (derni\u00e8re ann\u00e9e ou jeunes dipl\u00f4m\u00e9s)<\/strong><\/p>\n\n\n\n<p>Les candidats en derni\u00e8re ann\u00e9e d\u2019\u00e9cole d\u2019ing\u00e9nieur peuvent candidater directement en M2. Assurez-vous le cas \u00e9ch\u00e9ant de l\u2019accord de votre \u00e9cole. <\/p>\n\n\n\n<p><strong>\u00c9tudiants niveau Bac+3\/Bac+5 \u00e0 l\u2019\u00e9tranger<\/strong><\/p>\n\n\n\n<p>Les candidatures se font via&nbsp;<a href=\"http:\/\/www.campusfrance.org\/fr\/\">Campus France<\/a>. L\u2019admission en M1 est tr\u00e8s s\u00e9lective. L\u2019admission directe en M2 est tr\u00e8s rare, m\u00eame pour les \u00e9tudiants dipl\u00f4m\u00e9s d\u2019un autre master. Les \u00e9tudiants d\u00e9j\u00e0 titulaires d\u2019un M2 devront justifier leur projet professionnel lors de la candidature.<\/p>\n\n\n\n<p><strong>Alternance<\/strong><\/p>\n\n\n\n<p>Nous pouvons accueillir des \u00e9tudiants en\u00a0<strong>contrat de professionnalisation<\/strong>\u00a0et en\u00a0<strong>apprentissage<\/strong>. Un \u00e9tudiant peut candidater avec une entreprise int\u00e9ress\u00e9e, ou trouver l\u2019entreprise dans les trois premiers mois de la formation. Nous contacter si vous avez un tel projet.<\/p>\n","protected":false},"excerpt":{"rendered":"<p>Le parcours s\u2019adresse principalement aux titulaires de licences de&nbsp;math\u00e9matiques appliqu\u00e9es et math\u00e9matiques fondamentales. D\u2019autres licences peuvent \u00eatre accept\u00e9es, mais il faudra voir au cas par cas selon les UE de math\u00e9matiques et d&rsquo;informatique suivies. Le nombre de places est limit\u00e9 et les candidatures font l\u2019objet d\u2019une s\u00e9lection. Nous accueillons aussi en M2 des \u00e9tudiants en<a class=\"more-link\" href=\"https:\/\/uf-mi.u-bordeaux.fr\/msn\/index.php\/candidater\/\">Lire la suite <span class=\"screen-reader-text\">\u00ab\u00a0Candidater\u00a0\u00bb<\/span><\/a><\/p>\n","protected":false},"author":2,"featured_media":0,"parent":0,"menu_order":0,"comment_status":"closed","ping_status":"closed","template":"","meta":{"footnotes":""},"class_list":["post-41","page","type-page","status-publish","hentry","entry"],"_links":{"self":[{"href":"https:\/\/uf-mi.u-bordeaux.fr\/msn\/index.php\/wp-json\/wp\/v2\/pages\/41","targetHints":{"allow":["GET"]}}],"collection":[{"href":"https:\/\/uf-mi.u-bordeaux.fr\/msn\/index.php\/wp-json\/wp\/v2\/pages"}],"about":[{"href":"https:\/\/uf-mi.u-bordeaux.fr\/msn\/index.php\/wp-json\/wp\/v2\/types\/page"}],"author":[{"embeddable":true,"href":"https:\/\/uf-mi.u-bordeaux.fr\/msn\/index.php\/wp-json\/wp\/v2\/users\/2"}],"replies":[{"embeddable":true,"href":"https:\/\/uf-mi.u-bordeaux.fr\/msn\/index.php\/wp-json\/wp\/v2\/comments?post=41"}],"version-history":[{"count":0,"href":"https:\/\/uf-mi.u-bordeaux.fr\/msn\/index.php\/wp-json\/wp\/v2\/pages\/41\/revisions"}],"wp:attachment":[{"href":"https:\/\/uf-mi.u-bordeaux.fr\/msn\/index.php\/wp-json\/wp\/v2\/media?parent=41"}],"curies":[{"name":"wp","href":"https:\/\/api.w.org\/{rel}","templated":true}]}}