{"id":29,"date":"2023-03-11T22:16:21","date_gmt":"2023-03-11T21:16:21","guid":{"rendered":"https:\/\/ufmiubordeaux.wordpress.com\/contact\/"},"modified":"2023-03-11T22:16:21","modified_gmt":"2023-03-11T21:16:21","slug":"contact","status":"publish","type":"page","link":"https:\/\/uf-mi.u-bordeaux.fr\/msn\/index.php\/contact\/","title":{"rendered":""},"content":{"rendered":"\n<div class=\"wp-block-columns alignwide has-2-columns is-layout-flex wp-container-core-columns-is-layout-28f84493 wp-block-columns-is-layout-flex\">\n<div class=\"wp-block-column is-layout-flow wp-block-column-is-layout-flow\">\n<h1 class=\"wp-block-heading has-text-align-left\"><strong>Contact<\/strong><\/h1>\n\n\n\n<p><strong>Secr\u00e9tariat p\u00e9dagogique<\/strong><\/p>\n\n\n\n<p>Caroline Petit<\/p>\n\n\n\n<p>Universit\u00e9 de Bordeaux-Coll\u00e8ge Sciences et Technologie \u2013 UF Math\u00e9matiques et Interactions<br>351, Cours de la Lib\u00e9ration \u2013 33405 TALENCE CEDEX<br>courriel :&nbsp;<a href=\"mailto:caroline.petit%3CAT%3Eu-bordeaux.fr\">caroline.petit&lt;AT&gt;u-bordeaux.fr<br><\/a>t\u00e9l : 05 40 00 61 08<br>B\u00e2t A33, Porte 111<\/p>\n\n\n\n<p><strong>Responsable du parcours<\/strong><\/p>\n\n\n\n<p>Astrid Decoene<\/p>\n\n\n\n<p>courriel : astrid.decoene&lt;-AT-&gt;u-bordeaux.fr<\/p>\n<\/div>\n<\/div>\n","protected":false},"excerpt":{"rendered":"<p>Contact Secr\u00e9tariat p\u00e9dagogique Caroline Petit Universit\u00e9 de Bordeaux-Coll\u00e8ge Sciences et Technologie \u2013 UF Math\u00e9matiques et Interactions351, Cours de la Lib\u00e9ration \u2013 33405 TALENCE CEDEXcourriel :&nbsp;caroline.petit&lt;AT&gt;u-bordeaux.frt\u00e9l : 05 40 00 61 08B\u00e2t A33, Porte 111 Responsable du parcours Astrid Decoene courriel : astrid.decoene&lt;-AT-&gt;u-bordeaux.fr<\/p>\n","protected":false},"author":2,"featured_media":0,"parent":0,"menu_order":1,"comment_status":"closed","ping_status":"closed","template":"","meta":{"footnotes":""},"class_list":["post-29","page","type-page","status-publish","hentry","entry"],"_links":{"self":[{"href":"https:\/\/uf-mi.u-bordeaux.fr\/msn\/index.php\/wp-json\/wp\/v2\/pages\/29","targetHints":{"allow":["GET"]}}],"collection":[{"href":"https:\/\/uf-mi.u-bordeaux.fr\/msn\/index.php\/wp-json\/wp\/v2\/pages"}],"about":[{"href":"https:\/\/uf-mi.u-bordeaux.fr\/msn\/index.php\/wp-json\/wp\/v2\/types\/page"}],"author":[{"embeddable":true,"href":"https:\/\/uf-mi.u-bordeaux.fr\/msn\/index.php\/wp-json\/wp\/v2\/users\/2"}],"replies":[{"embeddable":true,"href":"https:\/\/uf-mi.u-bordeaux.fr\/msn\/index.php\/wp-json\/wp\/v2\/comments?post=29"}],"version-history":[{"count":0,"href":"https:\/\/uf-mi.u-bordeaux.fr\/msn\/index.php\/wp-json\/wp\/v2\/pages\/29\/revisions"}],"wp:attachment":[{"href":"https:\/\/uf-mi.u-bordeaux.fr\/msn\/index.php\/wp-json\/wp\/v2\/media?parent=29"}],"curies":[{"name":"wp","href":"https:\/\/api.w.org\/{rel}","templated":true}]}}