{"id":24,"date":"2023-03-11T21:50:57","date_gmt":"2023-03-11T20:50:57","guid":{"rendered":"https:\/\/ufmiubordeaux.wordpress.com\/?page_id=24"},"modified":"2023-10-03T11:24:58","modified_gmt":"2023-10-03T09:24:58","slug":"accueil","status":"publish","type":"page","link":"https:\/\/uf-mi.u-bordeaux.fr\/msn\/index.php\/accueil\/","title":{"rendered":"Enseignements"},"content":{"rendered":"\n<div class=\"wp-block-columns is-layout-flex wp-container-core-columns-is-layout-28f84493 wp-block-columns-is-layout-flex\">\n<div class=\"wp-block-column is-layout-flow wp-block-column-is-layout-flow\">\n<h3 class=\"wp-block-heading alignfull\"><strong>Semestre 7 :<\/strong> 5 UE obligatoires de 6 ECTS + Anglais<\/h3>\n\n\n\n<ul class=\"wp-block-list\">\n<li>Programmation en fortran pour le calcul scientifique<\/li>\n\n\n\n<li>Equations aux d\u00e9riv\u00e9es partielles 1<\/li>\n\n\n\n<li>Mod\u00e9lisation pour le traitement d&rsquo;images <\/li>\n\n\n\n<li>Probabilit\u00e9s et statistiques<\/li>\n\n\n\n<li>Approximation des \u00e9quations aux d\u00e9riv\u00e9es partielles 1 (m\u00e9thode des diff\u00e9rences finies)<\/li>\n<\/ul>\n<\/div>\n<\/div>\n\n\n\n<h3 class=\"wp-block-heading\"><strong>Semestre 8 :<\/strong> 4 UE obligatoires de 6 ECTS + 1 au choix = 30 ECTS<\/h3>\n\n\n\n<ul class=\"wp-block-list\">\n<li>Mod\u00e9lisation pour la physique et la biologie<\/li>\n\n\n\n<li>Analyse de Fourier appliqu\u00e9e<\/li>\n\n\n\n<li>Equations aux d\u00e9riv\u00e9es partielles 2<\/li>\n\n\n\n<li>Approximation des \u00e9quations aux d\u00e9riv\u00e9es partielles 2 (m\u00e9thode des \u00e9l\u00e9ments finis)<\/li>\n\n\n\n<li>Calcul haute performance \/ ouverture professionnelle (OPTION)<\/li>\n\n\n\n<li>Optimisation convexe pour les probl\u00e8mes inverse (OPTION)<\/li>\n<\/ul>\n\n\n\n<h3 class=\"wp-block-heading\"><strong>Semestre 9 <\/strong>: 1 UE obligatoire + 4 UE aux choix = 30 ECTS <\/h3>\n\n\n\n<ul class=\"wp-block-list\">\n<li>Analyse de donn\u00e9es. Apprentissage supervis\u00e9 et non supervis\u00e9 (machine learning).<\/li>\n\n\n\n<li>Probl\u00e8mes inverses et m\u00e9thodes adjointes<\/li>\n\n\n\n<li>Simulation num\u00e9riques par \u00e9l\u00e9ments finis avanc\u00e9s<\/li>\n\n\n\n<li>M\u00e9thodes num\u00e9riques pour \u00e9coulements compressibles<\/li>\n\n\n\n<li>Calcul haute performance (suite) <\/li>\n\n\n\n<li>Techniques de maillage<\/li>\n\n\n\n<li>Projet sur une th\u00e9matique du master (UE obligatoire)<\/li>\n<\/ul>\n\n\n\n<h3 class=\"wp-block-heading\"><strong>Semestre 10 : <\/strong>stage long en entreprise ou laboratoire de recherche (6 mois)<\/h3>\n","protected":false},"excerpt":{"rendered":"<p>Semestre 7 : 5 UE obligatoires de 6 ECTS + Anglais Semestre 8 : 4 UE obligatoires de 6 ECTS + 1 au choix = 30 ECTS Semestre 9 : 1 UE obligatoire + 4 UE aux choix = 30 ECTS Semestre 10 : stage long en entreprise ou laboratoire de recherche (6 mois)<\/p>\n","protected":false},"author":2,"featured_media":0,"parent":0,"menu_order":0,"comment_status":"closed","ping_status":"closed","template":"","meta":{"footnotes":""},"class_list":["post-24","page","type-page","status-publish","hentry","entry"],"_links":{"self":[{"href":"https:\/\/uf-mi.u-bordeaux.fr\/msn\/index.php\/wp-json\/wp\/v2\/pages\/24","targetHints":{"allow":["GET"]}}],"collection":[{"href":"https:\/\/uf-mi.u-bordeaux.fr\/msn\/index.php\/wp-json\/wp\/v2\/pages"}],"about":[{"href":"https:\/\/uf-mi.u-bordeaux.fr\/msn\/index.php\/wp-json\/wp\/v2\/types\/page"}],"author":[{"embeddable":true,"href":"https:\/\/uf-mi.u-bordeaux.fr\/msn\/index.php\/wp-json\/wp\/v2\/users\/2"}],"replies":[{"embeddable":true,"href":"https:\/\/uf-mi.u-bordeaux.fr\/msn\/index.php\/wp-json\/wp\/v2\/comments?post=24"}],"version-history":[{"count":1,"href":"https:\/\/uf-mi.u-bordeaux.fr\/msn\/index.php\/wp-json\/wp\/v2\/pages\/24\/revisions"}],"predecessor-version":[{"id":134,"href":"https:\/\/uf-mi.u-bordeaux.fr\/msn\/index.php\/wp-json\/wp\/v2\/pages\/24\/revisions\/134"}],"wp:attachment":[{"href":"https:\/\/uf-mi.u-bordeaux.fr\/msn\/index.php\/wp-json\/wp\/v2\/media?parent=24"}],"curies":[{"name":"wp","href":"https:\/\/api.w.org\/{rel}","templated":true}]}}