{"id":139,"date":"2023-10-03T11:37:48","date_gmt":"2023-10-03T09:37:48","guid":{"rendered":"https:\/\/uf-mi.u-bordeaux.fr\/msn\/?page_id=139"},"modified":"2023-10-11T10:05:21","modified_gmt":"2023-10-11T08:05:21","slug":"offres-de-stages","status":"publish","type":"page","link":"https:\/\/uf-mi.u-bordeaux.fr\/msn\/index.php\/offres-de-stages\/","title":{"rendered":"Offres de stages"},"content":{"rendered":"\n<p>Les \u00e9tudiant.e.s du parcours MSN doivent effectuer un stage obligatoire de minimum 6 mois en fin de M2, apr\u00e8s les cours qui se terminent en f\u00e9vrier. Le stage peut s\u2019effectuer en entreprise ou dans un laboratoire de recherche. Ils et elles peuvent aussi partir en stage \u00e0 la fin du M1, ce stage est optionnel et peut commencer \u00e0 partir de d\u00e9but mai environ.<\/p>\n\n\n\n<h2 class=\"wp-block-heading\">Proposer un stage<\/h2>\n\n\n\n<p>Pour toute offre de stage merci de contacter la responsable du parcours : astrid.decoene_AT_math.u-bordeaux.fr<\/p>\n\n\n\n<p>Les offres seront rapidement mises en ligne.<\/p>\n\n\n\n<h2 class=\"wp-block-heading\">Propositions de stage de M2<\/h2>\n\n\n\n<div data-wp-interactive=\"core\/file\" class=\"wp-block-file\"><object data-wp-bind--hidden=\"!state.hasPdfPreview\" hidden class=\"wp-block-file__embed\" data=\"https:\/\/uf-mi.u-bordeaux.fr\/msn\/wp-content\/uploads\/2023\/10\/offre-de-stage-fma-gamelag-1.pdf\" type=\"application\/pdf\" style=\"width:100%;height:250px\" aria-label=\"Contenu embarqu\u00e9 offre-de-stage-fma-gamelag-1.\"><\/object><a id=\"wp-block-file--media-10cf47ac-1f6d-460a-979f-6aa6a6c878e9\" href=\"https:\/\/uf-mi.u-bordeaux.fr\/msn\/wp-content\/uploads\/2023\/10\/offre-de-stage-fma-gamelag-1.pdf\">offre-de-stage-fma-gamelag-1<\/a><a href=\"https:\/\/uf-mi.u-bordeaux.fr\/msn\/wp-content\/uploads\/2023\/10\/offre-de-stage-fma-gamelag-1.pdf\" class=\"wp-block-file__button wp-element-button\" download aria-describedby=\"wp-block-file--media-10cf47ac-1f6d-460a-979f-6aa6a6c878e9\">T\u00e9l\u00e9charger<\/a><\/div>\n\n\n\n<div data-wp-interactive=\"core\/file\" class=\"wp-block-file\"><object data-wp-bind--hidden=\"!state.hasPdfPreview\" hidden class=\"wp-block-file__embed\" data=\"https:\/\/uf-mi.u-bordeaux.fr\/msn\/wp-content\/uploads\/2023\/10\/offre-de-stage-de-master-2-iab-timc.pdf\" type=\"application\/pdf\" style=\"width:100%;height:220px\" aria-label=\"Contenu embarqu\u00e9 offre-de-stage-de-master-2-iab-timc.\"><\/object><a id=\"wp-block-file--media-0bd99330-7aa2-4900-9f51-335b15e63933\" href=\"https:\/\/uf-mi.u-bordeaux.fr\/msn\/wp-content\/uploads\/2023\/10\/offre-de-stage-de-master-2-iab-timc.pdf\">offre-de-stage-de-master-2-iab-timc<\/a><a href=\"https:\/\/uf-mi.u-bordeaux.fr\/msn\/wp-content\/uploads\/2023\/10\/offre-de-stage-de-master-2-iab-timc.pdf\" class=\"wp-block-file__button wp-element-button\" download aria-describedby=\"wp-block-file--media-0bd99330-7aa2-4900-9f51-335b15e63933\">T\u00e9l\u00e9charger<\/a><\/div>\n\n\n\n<div data-wp-interactive=\"core\/file\" class=\"wp-block-file\"><object data-wp-bind--hidden=\"!state.hasPdfPreview\" hidden class=\"wp-block-file__embed\" data=\"https:\/\/uf-mi.u-bordeaux.fr\/msn\/wp-content\/uploads\/2023\/10\/Stage-2024-IMT-Nord-Europe.pdf\" type=\"application\/pdf\" style=\"width:100%;height:200px\" aria-label=\"Contenu embarqu\u00e9 Stage-2024-IMT-Nord-Europe.\"><\/object><a id=\"wp-block-file--media-f4d91f32-5059-453e-9000-146e08379309\" href=\"https:\/\/uf-mi.u-bordeaux.fr\/msn\/wp-content\/uploads\/2023\/10\/Stage-2024-IMT-Nord-Europe.pdf\">Stage-2024-IMT-Nord-Europe<\/a><a href=\"https:\/\/uf-mi.u-bordeaux.fr\/msn\/wp-content\/uploads\/2023\/10\/Stage-2024-IMT-Nord-Europe.pdf\" class=\"wp-block-file__button wp-element-button\" download aria-describedby=\"wp-block-file--media-f4d91f32-5059-453e-9000-146e08379309\">T\u00e9l\u00e9charger<\/a><\/div>\n\n\n\n<div data-wp-interactive=\"core\/file\" class=\"wp-block-file\"><object data-wp-bind--hidden=\"!state.hasPdfPreview\" hidden class=\"wp-block-file__embed\" data=\"https:\/\/uf-mi.u-bordeaux.fr\/msn\/wp-content\/uploads\/2023\/10\/Stage_INRAE_IMB-1.pdf\" type=\"application\/pdf\" style=\"width:100%;height:310px\" aria-label=\"Contenu embarqu\u00e9 Stage_INRAE_IMB-1.\"><\/object><a id=\"wp-block-file--media-cb518c32-e615-4d12-926f-4fed6efe4e32\" href=\"https:\/\/uf-mi.u-bordeaux.fr\/msn\/wp-content\/uploads\/2023\/10\/Stage_INRAE_IMB-1.pdf\">Stage_INRAE_IMB-1<\/a><a href=\"https:\/\/uf-mi.u-bordeaux.fr\/msn\/wp-content\/uploads\/2023\/10\/Stage_INRAE_IMB-1.pdf\" class=\"wp-block-file__button wp-element-button\" download aria-describedby=\"wp-block-file--media-cb518c32-e615-4d12-926f-4fed6efe4e32\">T\u00e9l\u00e9charger<\/a><\/div>\n\n\n\n<div data-wp-interactive=\"core\/file\" class=\"wp-block-file\"><object data-wp-bind--hidden=\"!state.hasPdfPreview\" hidden class=\"wp-block-file__embed\" data=\"https:\/\/uf-mi.u-bordeaux.fr\/msn\/wp-content\/uploads\/2023\/10\/stage-LAB03.pdf\" type=\"application\/pdf\" style=\"width:100%;height:320px\" aria-label=\"Contenu embarqu\u00e9 stage-LAB03.\"><\/object><a id=\"wp-block-file--media-fb70118f-c88f-4fa9-9a65-c6204ff1bebe\" href=\"https:\/\/uf-mi.u-bordeaux.fr\/msn\/wp-content\/uploads\/2023\/10\/stage-LAB03.pdf\">stage-LAB03<\/a><a href=\"https:\/\/uf-mi.u-bordeaux.fr\/msn\/wp-content\/uploads\/2023\/10\/stage-LAB03.pdf\" class=\"wp-block-file__button wp-element-button\" download aria-describedby=\"wp-block-file--media-fb70118f-c88f-4fa9-9a65-c6204ff1bebe\">T\u00e9l\u00e9charger<\/a><\/div>\n\n\n\n<div data-wp-interactive=\"core\/file\" class=\"wp-block-file\"><object data-wp-bind--hidden=\"!state.hasPdfPreview\" hidden class=\"wp-block-file__embed\" data=\"https:\/\/uf-mi.u-bordeaux.fr\/msn\/wp-content\/uploads\/2023\/10\/stage-LAB02.pdf\" type=\"application\/pdf\" style=\"width:100%;height:320px\" aria-label=\"Contenu embarqu\u00e9 stage-LAB02.\"><\/object><a id=\"wp-block-file--media-a8eef5bc-779a-404b-b41f-e080beb5f2dc\" href=\"https:\/\/uf-mi.u-bordeaux.fr\/msn\/wp-content\/uploads\/2023\/10\/stage-LAB02.pdf\">stage-LAB02<\/a><a href=\"https:\/\/uf-mi.u-bordeaux.fr\/msn\/wp-content\/uploads\/2023\/10\/stage-LAB02.pdf\" class=\"wp-block-file__button wp-element-button\" download aria-describedby=\"wp-block-file--media-a8eef5bc-779a-404b-b41f-e080beb5f2dc\">T\u00e9l\u00e9charger<\/a><\/div>\n\n\n\n<div data-wp-interactive=\"core\/file\" class=\"wp-block-file\"><object data-wp-bind--hidden=\"!state.hasPdfPreview\" hidden class=\"wp-block-file__embed\" data=\"https:\/\/uf-mi.u-bordeaux.fr\/msn\/wp-content\/uploads\/2023\/10\/stage-LAB01.pdf\" type=\"application\/pdf\" style=\"width:100%;height:330px\" aria-label=\"Contenu embarqu\u00e9 stage-LAB01.\"><\/object><a id=\"wp-block-file--media-48a4b7f4-e8f9-4de2-acd8-f0cd6cd6b04c\" href=\"https:\/\/uf-mi.u-bordeaux.fr\/msn\/wp-content\/uploads\/2023\/10\/stage-LAB01.pdf\">stage-LAB01<\/a><a href=\"https:\/\/uf-mi.u-bordeaux.fr\/msn\/wp-content\/uploads\/2023\/10\/stage-LAB01.pdf\" class=\"wp-block-file__button wp-element-button\" download aria-describedby=\"wp-block-file--media-48a4b7f4-e8f9-4de2-acd8-f0cd6cd6b04c\">T\u00e9l\u00e9charger<\/a><\/div>\n\n\n\n<div data-wp-interactive=\"core\/file\" class=\"wp-block-file\"><object data-wp-bind--hidden=\"!state.hasPdfPreview\" hidden class=\"wp-block-file__embed\" data=\"https:\/\/uf-mi.u-bordeaux.fr\/msn\/wp-content\/uploads\/2023\/10\/NASR-SINOQUET-Optim_multiphysique_machines-electriques.pdf\" type=\"application\/pdf\" style=\"width:100%;height:220px\" aria-label=\"Contenu embarqu\u00e9 NASR-SINOQUET-Optim_multiphysique_machines-electriques.\"><\/object><a id=\"wp-block-file--media-1278e65a-76e7-4be5-9716-68d2e2c7f9f8\" href=\"https:\/\/uf-mi.u-bordeaux.fr\/msn\/wp-content\/uploads\/2023\/10\/NASR-SINOQUET-Optim_multiphysique_machines-electriques.pdf\">NASR-SINOQUET-Optim_multiphysique_machines-electriques<\/a><a href=\"https:\/\/uf-mi.u-bordeaux.fr\/msn\/wp-content\/uploads\/2023\/10\/NASR-SINOQUET-Optim_multiphysique_machines-electriques.pdf\" class=\"wp-block-file__button wp-element-button\" download aria-describedby=\"wp-block-file--media-1278e65a-76e7-4be5-9716-68d2e2c7f9f8\">T\u00e9l\u00e9charger<\/a><\/div>\n\n\n\n<div data-wp-interactive=\"core\/file\" class=\"wp-block-file\"><object data-wp-bind--hidden=\"!state.hasPdfPreview\" hidden class=\"wp-block-file__embed\" data=\"https:\/\/uf-mi.u-bordeaux.fr\/msn\/wp-content\/uploads\/2023\/10\/SINOQUET-SujetStageM2_InputsFonctionnels.pdf\" type=\"application\/pdf\" style=\"width:100%;height:200px\" aria-label=\"Contenu embarqu\u00e9 SINOQUET-SujetStageM2_InputsFonctionnels.\"><\/object><a id=\"wp-block-file--media-fdd1b1d6-60a0-4481-a356-7f844d8375a9\" href=\"https:\/\/uf-mi.u-bordeaux.fr\/msn\/wp-content\/uploads\/2023\/10\/SINOQUET-SujetStageM2_InputsFonctionnels.pdf\">SINOQUET-SujetStageM2_InputsFonctionnels<\/a><a href=\"https:\/\/uf-mi.u-bordeaux.fr\/msn\/wp-content\/uploads\/2023\/10\/SINOQUET-SujetStageM2_InputsFonctionnels.pdf\" class=\"wp-block-file__button wp-element-button\" download aria-describedby=\"wp-block-file--media-fdd1b1d6-60a0-4481-a356-7f844d8375a9\">T\u00e9l\u00e9charger<\/a><\/div>\n\n\n\n<div data-wp-interactive=\"core\/file\" class=\"wp-block-file\"><object data-wp-bind--hidden=\"!state.hasPdfPreview\" hidden class=\"wp-block-file__embed\" data=\"https:\/\/uf-mi.u-bordeaux.fr\/msn\/wp-content\/uploads\/2023\/10\/TRUFFIN-JAY-SINOQUET_Stage_dispersion_atmo_2024.pdf\" type=\"application\/pdf\" style=\"width:100%;height:220px\" aria-label=\"Contenu embarqu\u00e9 TRUFFIN-JAY-SINOQUET_Stage_dispersion_atmo_2024.\"><\/object><a id=\"wp-block-file--media-a904bc48-78d8-4478-ba4f-40a93680870d\" href=\"https:\/\/uf-mi.u-bordeaux.fr\/msn\/wp-content\/uploads\/2023\/10\/TRUFFIN-JAY-SINOQUET_Stage_dispersion_atmo_2024.pdf\">TRUFFIN-JAY-SINOQUET_Stage_dispersion_atmo_2024<\/a><a href=\"https:\/\/uf-mi.u-bordeaux.fr\/msn\/wp-content\/uploads\/2023\/10\/TRUFFIN-JAY-SINOQUET_Stage_dispersion_atmo_2024.pdf\" class=\"wp-block-file__button wp-element-button\" download aria-describedby=\"wp-block-file--media-a904bc48-78d8-4478-ba4f-40a93680870d\">T\u00e9l\u00e9charger<\/a><\/div>\n\n\n\n<div data-wp-interactive=\"core\/file\" class=\"wp-block-file\"><object data-wp-bind--hidden=\"!state.hasPdfPreview\" hidden class=\"wp-block-file__embed\" data=\"https:\/\/uf-mi.u-bordeaux.fr\/msn\/wp-content\/uploads\/2023\/10\/BEARD-SINOQUET_CFD_geometry_optimization_2024.pdf\" type=\"application\/pdf\" style=\"width:100%;height:330px\" aria-label=\"Contenu embarqu\u00e9 BEARD-SINOQUET_CFD_geometry_optimization_2024.\"><\/object><a id=\"wp-block-file--media-89665bdd-4636-4494-aaae-6df2f1f2bb39\" href=\"https:\/\/uf-mi.u-bordeaux.fr\/msn\/wp-content\/uploads\/2023\/10\/BEARD-SINOQUET_CFD_geometry_optimization_2024.pdf\">BEARD-SINOQUET_CFD_geometry_optimization_2024<\/a><a href=\"https:\/\/uf-mi.u-bordeaux.fr\/msn\/wp-content\/uploads\/2023\/10\/BEARD-SINOQUET_CFD_geometry_optimization_2024.pdf\" class=\"wp-block-file__button wp-element-button\" download aria-describedby=\"wp-block-file--media-89665bdd-4636-4494-aaae-6df2f1f2bb39\">T\u00e9l\u00e9charger<\/a><\/div>\n","protected":false},"excerpt":{"rendered":"<p>Les \u00e9tudiant.e.s du parcours MSN doivent effectuer un stage obligatoire de minimum 6 mois en fin de M2, apr\u00e8s les cours qui se terminent en f\u00e9vrier. Le stage peut s\u2019effectuer en entreprise ou dans un laboratoire de recherche. Ils et elles peuvent aussi partir en stage \u00e0 la fin du M1, ce stage est optionnel<a class=\"more-link\" href=\"https:\/\/uf-mi.u-bordeaux.fr\/msn\/index.php\/offres-de-stages\/\">Lire la suite <span class=\"screen-reader-text\">\u00ab\u00a0Offres de stages\u00a0\u00bb<\/span><\/a><\/p>\n","protected":false},"author":2,"featured_media":0,"parent":0,"menu_order":0,"comment_status":"closed","ping_status":"closed","template":"","meta":{"footnotes":""},"class_list":["post-139","page","type-page","status-publish","hentry","entry"],"_links":{"self":[{"href":"https:\/\/uf-mi.u-bordeaux.fr\/msn\/index.php\/wp-json\/wp\/v2\/pages\/139","targetHints":{"allow":["GET"]}}],"collection":[{"href":"https:\/\/uf-mi.u-bordeaux.fr\/msn\/index.php\/wp-json\/wp\/v2\/pages"}],"about":[{"href":"https:\/\/uf-mi.u-bordeaux.fr\/msn\/index.php\/wp-json\/wp\/v2\/types\/page"}],"author":[{"embeddable":true,"href":"https:\/\/uf-mi.u-bordeaux.fr\/msn\/index.php\/wp-json\/wp\/v2\/users\/2"}],"replies":[{"embeddable":true,"href":"https:\/\/uf-mi.u-bordeaux.fr\/msn\/index.php\/wp-json\/wp\/v2\/comments?post=139"}],"version-history":[{"count":8,"href":"https:\/\/uf-mi.u-bordeaux.fr\/msn\/index.php\/wp-json\/wp\/v2\/pages\/139\/revisions"}],"predecessor-version":[{"id":169,"href":"https:\/\/uf-mi.u-bordeaux.fr\/msn\/index.php\/wp-json\/wp\/v2\/pages\/139\/revisions\/169"}],"wp:attachment":[{"href":"https:\/\/uf-mi.u-bordeaux.fr\/msn\/index.php\/wp-json\/wp\/v2\/media?parent=139"}],"curies":[{"name":"wp","href":"https:\/\/api.w.org\/{rel}","templated":true}]}}