{"id":80,"date":"2020-06-25T13:27:31","date_gmt":"2020-06-25T11:27:31","guid":{"rendered":"http:\/\/ufmi.apps.math.cnrs.fr\/mas\/?page_id=80"},"modified":"2020-11-19T15:00:52","modified_gmt":"2020-11-19T14:00:52","slug":"insertion-professionnelle","status":"publish","type":"page","link":"https:\/\/uf-mi.u-bordeaux.fr\/mas\/insertion-professionnelle\/","title":{"rendered":"Insertion professionnelle"},"content":{"rendered":"\n<p><strong>Suivi des dipl\u00f4m\u00e9s<\/strong><\/p>\n\n\n\n<p>Les statistiques d&rsquo;insertion professionnelle de l&rsquo;Universit\u00e9 sont disponibles <a href=\"https:\/\/www.u-bordeaux.fr\/Formation\/Enquetes-et-statistiques\/Du-diplome-vers-l-emploi\/Syntheses-et-tableaux-de-bord\">\u00e0 cette adresse<\/a>.<\/p>\n\n\n\n<ul class=\"wp-block-list\"><li>Promotion 2016, stats \u00e0 trois ans (81 dipl\u00f4m\u00e9s, 88% de r\u00e9ponses)  <strong>0% en recherche d\u2019emploi<\/strong> <\/li><li> Promotion 2018, stats \u00e0 6 mois (84 dipl\u00f4m\u00e9s, 79% de r\u00e9ponses) <strong>7,5% d\u2019\u00e9tudiants en recherche d\u2019emploi<\/strong><\/li><li> <strong>Salaire moyen \u00e0 l&#8217;embauche<\/strong> : 2189 \u20ac net \/ mois pour la promo 2018<\/li><\/ul>\n\n\n\n<p>Les r\u00e9sultats pour notre master (sous son ancien nom MIMSE) sont disponibles <a href=\"https:\/\/enquetessphinx.u-bordeaux.fr\/report\/(T(6v0oy6q6f0))\/report.aspx\">\u00e0 cette adresse<\/a><\/p>\n\n\n\n<p><strong>Les m\u00e9tiers des math\u00e9matiques<\/strong><\/p>\n\n\n\n<ul class=\"wp-block-list\"><li>Voir les r\u00e9sultats de<a href=\"http:\/\/www.agence-maths-entreprises.fr\/a\/?q=fr\/eisem\"> l\u2019enqu\u00eate sur l\u2019impact des math\u00e9matiques<\/a><\/li><li>Voir la <a href=\"http:\/\/www.onisep.fr\/Toute-l-actualite-nationale\/Decouvrir-les-metiers\/Mars-2015\/Zoom-sur-les-metiers-des-mathematiques-et-de-l-informatique\">fiche ONISEP sur les math\u00e9matiques et l\u2019informatique<\/a><\/li><\/ul>\n","protected":false},"excerpt":{"rendered":"<p>Suivi des dipl\u00f4m\u00e9s Les statistiques d&rsquo;insertion professionnelle de l&rsquo;Universit\u00e9 sont disponibles \u00e0 cette adresse. Promotion 2016, stats \u00e0 trois ans (81 dipl\u00f4m\u00e9s, 88% de r\u00e9ponses) 0% en recherche d\u2019emploi Promotion 2018, stats \u00e0 6 mois [&hellip;]<\/p>\n","protected":false},"author":4,"featured_media":0,"parent":0,"menu_order":0,"comment_status":"closed","ping_status":"closed","template":"","meta":{"footnotes":""},"class_list":["post-80","page","type-page","status-publish","hentry"],"_links":{"self":[{"href":"https:\/\/uf-mi.u-bordeaux.fr\/mas\/wp-json\/wp\/v2\/pages\/80","targetHints":{"allow":["GET"]}}],"collection":[{"href":"https:\/\/uf-mi.u-bordeaux.fr\/mas\/wp-json\/wp\/v2\/pages"}],"about":[{"href":"https:\/\/uf-mi.u-bordeaux.fr\/mas\/wp-json\/wp\/v2\/types\/page"}],"author":[{"embeddable":true,"href":"https:\/\/uf-mi.u-bordeaux.fr\/mas\/wp-json\/wp\/v2\/users\/4"}],"replies":[{"embeddable":true,"href":"https:\/\/uf-mi.u-bordeaux.fr\/mas\/wp-json\/wp\/v2\/comments?post=80"}],"version-history":[{"count":4,"href":"https:\/\/uf-mi.u-bordeaux.fr\/mas\/wp-json\/wp\/v2\/pages\/80\/revisions"}],"predecessor-version":[{"id":125,"href":"https:\/\/uf-mi.u-bordeaux.fr\/mas\/wp-json\/wp\/v2\/pages\/80\/revisions\/125"}],"wp:attachment":[{"href":"https:\/\/uf-mi.u-bordeaux.fr\/mas\/wp-json\/wp\/v2\/media?parent=80"}],"curies":[{"name":"wp","href":"https:\/\/api.w.org\/{rel}","templated":true}]}}