{"id":71,"date":"2020-06-24T18:13:46","date_gmt":"2020-06-24T16:13:46","guid":{"rendered":"http:\/\/ufmi.apps.math.cnrs.fr\/mas\/?page_id=71"},"modified":"2025-03-31T10:09:57","modified_gmt":"2025-03-31T08:09:57","slug":"les-parcours","status":"publish","type":"page","link":"https:\/\/uf-mi.u-bordeaux.fr\/mas\/les-parcours\/","title":{"rendered":"Les parcours"},"content":{"rendered":"\n<p><strong>Les parcours du tronc commun mod\u00e9lisation<\/strong><\/p>\n\n\n\n<ul class=\"wp-block-list\">\n<li><a href=\"https:\/\/uf-mi.u-bordeaux.fr\/msn\/\">Mod\u00e9lisation et simulation num\u00e9rique<\/a><\/li>\n\n\n\n<li><a href=\"https:\/\/www.math.u-bordeaux.fr\/~jaujol\/master.html\">Image, Optimisation et sciences des Donn\u00e9es<\/a><\/li>\n\n\n\n<li><a href=\"http:\/\/uf-mi.u-bordeaux.fr\/MSS\/\">Mod\u00e9lisation statistique et stochastique<\/a><\/li>\n\n\n\n<li><a href=\"https:\/\/uf-mi.u-bordeaux.fr\/road\/\">Recherche op\u00e9rationnelle, Optimisation, Algorithmes et Donn\u00e9es<\/a><\/li>\n\n\n\n<li><a href=\"https:\/\/master-iref.fr\/\">IREF &#8211; Economic risks and data science<\/a><\/li>\n\n\n\n<li><a href=\"https:\/\/master-iref.fr\/\">IREF &#8211; Finance quantitative et actuariat<\/a><\/li>\n<\/ul>\n\n\n\n<p>les deux parcours IREF fusionnent en M2 \u00e0 la rentr\u00e9e 25\/26, et totalement (M1+M2) en 26\/27<\/p>\n\n\n\n<p><strong>Les parcours communs avec d&rsquo;autres masters<\/strong><\/p>\n\n\n\n<p>Le master accueille aussi trois formations communes avec le master Informatique de Bordeaux : les CMIs <a href=\"https:\/\/uf-mi.u-bordeaux.fr\/cmi-isi\/\">ISI<\/a> et <a href=\"https:\/\/uf-mi.u-bordeaux.fr\/optim\/\">OPTIM<\/a>. Le parcours <a href=\"https:\/\/uf-mi.u-bordeaux.fr\/msn\/\">Mod\u00e9lisation et simulation num\u00e9rique<\/a> est co-accr\u00e9dit\u00e9 avec Bordeaux INP (ENSEIRB-Matmeca).<\/p>\n\n\n\n<p><\/p>\n","protected":false},"excerpt":{"rendered":"<p>Les parcours du tronc commun mod\u00e9lisation les deux parcours IREF fusionnent en M2 \u00e0 la rentr\u00e9e 25\/26, et totalement (M1+M2) en 26\/27 Les parcours communs avec d&rsquo;autres masters Le master accueille aussi trois formations communes [&hellip;]<\/p>\n","protected":false},"author":4,"featured_media":0,"parent":0,"menu_order":0,"comment_status":"closed","ping_status":"closed","template":"","meta":{"footnotes":""},"class_list":["post-71","page","type-page","status-publish","hentry"],"_links":{"self":[{"href":"https:\/\/uf-mi.u-bordeaux.fr\/mas\/wp-json\/wp\/v2\/pages\/71","targetHints":{"allow":["GET"]}}],"collection":[{"href":"https:\/\/uf-mi.u-bordeaux.fr\/mas\/wp-json\/wp\/v2\/pages"}],"about":[{"href":"https:\/\/uf-mi.u-bordeaux.fr\/mas\/wp-json\/wp\/v2\/types\/page"}],"author":[{"embeddable":true,"href":"https:\/\/uf-mi.u-bordeaux.fr\/mas\/wp-json\/wp\/v2\/users\/4"}],"replies":[{"embeddable":true,"href":"https:\/\/uf-mi.u-bordeaux.fr\/mas\/wp-json\/wp\/v2\/comments?post=71"}],"version-history":[{"count":13,"href":"https:\/\/uf-mi.u-bordeaux.fr\/mas\/wp-json\/wp\/v2\/pages\/71\/revisions"}],"predecessor-version":[{"id":365,"href":"https:\/\/uf-mi.u-bordeaux.fr\/mas\/wp-json\/wp\/v2\/pages\/71\/revisions\/365"}],"wp:attachment":[{"href":"https:\/\/uf-mi.u-bordeaux.fr\/mas\/wp-json\/wp\/v2\/media?parent=71"}],"curies":[{"name":"wp","href":"https:\/\/api.w.org\/{rel}","templated":true}]}}