{"id":40,"date":"2020-06-24T11:26:16","date_gmt":"2020-06-24T09:26:16","guid":{"rendered":"http:\/\/ufmi.apps.math.cnrs.fr\/mas\/?page_id=40"},"modified":"2025-05-23T14:58:53","modified_gmt":"2025-05-23T12:58:53","slug":"candidature","status":"publish","type":"page","link":"https:\/\/uf-mi.u-bordeaux.fr\/mas\/candidature\/","title":{"rendered":"Candidature"},"content":{"rendered":"\n<p>Les diff\u00e9rents parcours s&rsquo;adressent principalement aux titulaires de licences de <strong>math\u00e9matiques appliqu\u00e9es<\/strong>, <strong>math\u00e9matiques fondamentales<\/strong>, <strong>informatique<\/strong>, <strong>MIASHS, \u00e9conomie<\/strong>. D&rsquo;autres licences peuvent \u00eatre accept\u00e9es, contactez le responsable du parcours vis\u00e9 le cas \u00e9ch\u00e9ant.<\/p>\n\n\n\n<p>Le nombre de places \u00e9tant limit\u00e9, les candidatures font l&rsquo;objet d&rsquo;une s\u00e9lection. <\/p>\n\n\n\n<p><strong>\u00c9tudiants de L3 ou dipl\u00f4m\u00e9s d&rsquo;une licence en France<\/strong><\/p>\n\n\n\n<p>Les candidatures en <strong>M1<\/strong> se font via la<strong> plateforme nationale \u00ab\u00a0mon master\u00a0\u00bb.<\/strong><\/p>\n\n\n\n<p>Les candidatures en <strong>M2<\/strong> se font via la plateforme <strong>e-candidat<\/strong> de l&rsquo;universit\u00e9 de Bordeaux. <strong>Les candidatures se font par parcours.<\/strong> Le fil d&rsquo;Ariane pour acc\u00e9der \u00e0 la bonne page du site institutionnel est le suivant :&nbsp;<a href=\"https:\/\/www.u-bordeaux.fr\/formation\/candidatures-et-inscriptions\/sinscrire-luniversite\/but-licence-master\" target=\"_blank\" rel=\"noreferrer noopener\">https:\/\/www.u-bordeaux.fr\/formation\/candidatures-et-inscriptions\/sinscrire-luniversite\/but-licence-master<\/a><\/p>\n\n\n\n<p>Sur cette page figure un lien pour acc\u00e9der \u00e0 eCandidat :\u00a0<a href=\"https:\/\/ecandidat-licence-master.u-bordeaux.fr\/#!accueilView\" target=\"_blank\" rel=\"noreferrer noopener\">https:\/\/ecandidat-licence-master.u-bordeaux.fr\/#!accueilView<\/a>.<\/p>\n\n\n\n<p>Attention, pour le MAS en 2025, la date limite est lundi 26 mai 2025 pour une rentr\u00e9e en septembre 2026!<\/p>\n\n\n\n<p>Attention, sur <strong>e-candidat (pour le M2)<\/strong> le d\u00e9p\u00f4t des candidatures sur <strong>les parcours du master MAS<\/strong> se fait via l\u2019entr\u00e9e \u00ab TEC \u2013 Coll\u00e8ge Sciences et Technologies \u00bb, sauf pour les <strong>parcours IREF<\/strong> (IREF-ERDS ou IREF-FQA) qui sont accessibles via \u00ab DEG \u2013 Coll\u00e8ge Droit, Sc. Pol., Economie Gestion \u00bb<\/p>\n\n\n\n<p><strong>\u00c9tudiants ing\u00e9nieur (derni\u00e8re ann\u00e9e ou jeunes dipl\u00f4m\u00e9s)<\/strong><\/p>\n\n\n\n<p>Les candidats en derni\u00e8re ann\u00e9e d&rsquo;\u00e9cole d&rsquo;ing\u00e9nieur peuvent candidater directement en M2. Assurez-vous le cas \u00e9ch\u00e9ant de l&rsquo;accord de votre \u00e9cole. Les candidatures se font aussi via e-candidat (voir plus haut).<\/p>\n\n\n\n<p><strong>\u00c9tudiants niveau Bac+3\/Bac+5 \u00e0 l&rsquo;\u00e9tranger<\/strong><\/p>\n\n\n\n<p>Les candidatures se font via <a href=\"http:\/\/www.campusfrance.org\/fr\/\">Campus France<\/a>. L&rsquo;admission en M1 est tr\u00e8s s\u00e9lective. L&rsquo;admission directe en M2 est tr\u00e8s rare, m\u00eame pour les \u00e9tudiants dipl\u00f4m\u00e9s d&rsquo;un autre master. Les \u00e9tudiants d\u00e9j\u00e0 titulaires d&rsquo;un M2 devront justifier leur projet professionnel lors de la candidature.<\/p>\n\n\n\n<p><strong>\u00c9tudiants en formation continue<\/strong><\/p>\n\n\n\n<p>Nous accueillons r\u00e9guli\u00e8rement des \u00e9tudiants en formation continue. Pour la formation continue, se mettre en contact avec le service <a href=\"http:\/\/www.u-bordeaux.fr\/Formation\/Formation-continue\">Formation continue<\/a> de l&rsquo;Universit\u00e9 de Bordeaux ou contacter le responsable du parcours.<\/p>\n\n\n\n<p><strong>Contrat de professionnalisation et apprentissage<\/strong><\/p>\n\n\n\n<p>Les parcours suivant sont ouverts \u00e0 l&rsquo;apprentissage, pour plus d&rsquo;information, contacter vincent.couallier@u-bordeaux.fr, modalit\u00e9s, calendriers, offres.<\/p>\n\n\n\n<ul class=\"wp-block-list\">\n<li>Recherche Op\u00e9rationnelle et Aide \u00e0 la D\u00e9cision (ROAD)<\/li>\n\n\n\n<li>Mod\u00e9lisation Statistique et Stochastique (MSS)<\/li>\n\n\n\n<li>Image, Optimisation et Science des donn\u00e9es (IOD)<\/li>\n<\/ul>\n\n\n\n<p><\/p>\n","protected":false},"excerpt":{"rendered":"<p>Les diff\u00e9rents parcours s&rsquo;adressent principalement aux titulaires de licences de math\u00e9matiques appliqu\u00e9es, math\u00e9matiques fondamentales, informatique, MIASHS, \u00e9conomie. D&rsquo;autres licences peuvent \u00eatre accept\u00e9es, contactez le responsable du parcours vis\u00e9 le cas \u00e9ch\u00e9ant. Le nombre de places [&hellip;]<\/p>\n","protected":false},"author":4,"featured_media":0,"parent":0,"menu_order":0,"comment_status":"closed","ping_status":"closed","template":"","meta":{"footnotes":""},"class_list":["post-40","page","type-page","status-publish","hentry"],"_links":{"self":[{"href":"https:\/\/uf-mi.u-bordeaux.fr\/mas\/wp-json\/wp\/v2\/pages\/40","targetHints":{"allow":["GET"]}}],"collection":[{"href":"https:\/\/uf-mi.u-bordeaux.fr\/mas\/wp-json\/wp\/v2\/pages"}],"about":[{"href":"https:\/\/uf-mi.u-bordeaux.fr\/mas\/wp-json\/wp\/v2\/types\/page"}],"author":[{"embeddable":true,"href":"https:\/\/uf-mi.u-bordeaux.fr\/mas\/wp-json\/wp\/v2\/users\/4"}],"replies":[{"embeddable":true,"href":"https:\/\/uf-mi.u-bordeaux.fr\/mas\/wp-json\/wp\/v2\/comments?post=40"}],"version-history":[{"count":15,"href":"https:\/\/uf-mi.u-bordeaux.fr\/mas\/wp-json\/wp\/v2\/pages\/40\/revisions"}],"predecessor-version":[{"id":369,"href":"https:\/\/uf-mi.u-bordeaux.fr\/mas\/wp-json\/wp\/v2\/pages\/40\/revisions\/369"}],"wp:attachment":[{"href":"https:\/\/uf-mi.u-bordeaux.fr\/mas\/wp-json\/wp\/v2\/media?parent=40"}],"curies":[{"name":"wp","href":"https:\/\/api.w.org\/{rel}","templated":true}]}}