{"id":312,"date":"2024-07-17T10:17:36","date_gmt":"2024-07-17T08:17:36","guid":{"rendered":"https:\/\/uf-mi.u-bordeaux.fr\/mas\/?page_id=312"},"modified":"2024-12-04T14:51:17","modified_gmt":"2024-12-04T13:51:17","slug":"numerics-2024-2025-seminaires","status":"publish","type":"page","link":"https:\/\/uf-mi.u-bordeaux.fr\/mas\/numerics-2024-2025-seminaires\/","title":{"rendered":"Numerics &#8211; 2024-2025 &#8211; S\u00e9minaires"},"content":{"rendered":"\n<p>Le s\u00e9minaire a lieu les <strong>mercredis<\/strong> suivants de <strong>12h45 \u00e0 13h45<\/strong> dans l&rsquo;<em>amphi du Labri (A30)<\/em><\/p>\n\n\n\n<ul class=\"wp-block-list\">\n<li><strong>2 octobre<\/strong> : Adrien Vincent &#8211;<em> Life cycle assessment of ICT in practice &#8211; Comparison between desktop and single-board computers in a higher education context<\/em><\/li>\n\n\n\n<li><strong>9 octobre<\/strong> : Fr\u00e9d\u00e9ric Alexandre &#8211; <em>Quelques \u00e9l\u00e9ments pour comprendre comment ChatGPT fonctionne<\/em><\/li>\n\n\n\n<li><strong>16 octobre : <\/strong>Yassine Hamoudi &#8211; <em>A quoi servent les algorithmes quantiques<\/em> ?<\/li>\n\n\n\n<li><strong>23 octobre<\/strong> : Aur\u00e9lie Bugeau &#8211; <em>How digital will the future be ? \/ Quel num\u00e9rique dans les sc\u00e9narios prospectifs ? <\/em><\/li>\n\n\n\n<li><strong>6 novembre<\/strong> : Yves Coudi\u00e8re &#8211; <em>Mod\u00e9lisation et calculs pour l&rsquo;\u00e9lectrophysiologie cardiaque<\/em><\/li>\n\n\n\n<li><strong>13 novembre<\/strong> : Philippe Lattes &#8211; <em>New Space: une r\u00e9volution des communications satelitaires<\/em><\/li>\n\n\n\n<li><strong>20 novembre<\/strong> :  Nathana\u00ebl Fijalkow &#8211; <em>Large Language Models : comment et pourquoi ?<\/em><\/li>\n\n\n\n<li><strong>27 novembre<\/strong> : Cl\u00e9ment Morand &#8211; <em>Intelligence artificielle et apprentissage: quelles probl\u00e9matiques environnementales et sociales ?<\/em><\/li>\n\n\n\n<li><strong>4 d\u00e9cembre :<\/strong> Fran\u00e7ois Pellegrini<em> &#8211; Freedom in the digital age<\/em><\/li>\n\n\n\n<li><strong>11 d\u00e9cembre<\/strong> <mark style=\"color:#ff0000\" class=\"has-inline-color\">(Annul\u00e9)<\/mark> : M\u00e9lanie Prague &#8211; <em>Mechanistic and statistical models for treatment and control of infectious diseases<\/em> <\/li>\n<\/ul>\n\n\n\n<p><\/p>\n","protected":false},"excerpt":{"rendered":"<p>Le s\u00e9minaire a lieu les mercredis suivants de 12h45 \u00e0 13h45 dans l&rsquo;amphi du Labri (A30)<\/p>\n","protected":false},"author":21,"featured_media":0,"parent":0,"menu_order":0,"comment_status":"closed","ping_status":"closed","template":"","meta":{"footnotes":""},"class_list":["post-312","page","type-page","status-publish","hentry"],"_links":{"self":[{"href":"https:\/\/uf-mi.u-bordeaux.fr\/mas\/wp-json\/wp\/v2\/pages\/312","targetHints":{"allow":["GET"]}}],"collection":[{"href":"https:\/\/uf-mi.u-bordeaux.fr\/mas\/wp-json\/wp\/v2\/pages"}],"about":[{"href":"https:\/\/uf-mi.u-bordeaux.fr\/mas\/wp-json\/wp\/v2\/types\/page"}],"author":[{"embeddable":true,"href":"https:\/\/uf-mi.u-bordeaux.fr\/mas\/wp-json\/wp\/v2\/users\/21"}],"replies":[{"embeddable":true,"href":"https:\/\/uf-mi.u-bordeaux.fr\/mas\/wp-json\/wp\/v2\/comments?post=312"}],"version-history":[{"count":8,"href":"https:\/\/uf-mi.u-bordeaux.fr\/mas\/wp-json\/wp\/v2\/pages\/312\/revisions"}],"predecessor-version":[{"id":340,"href":"https:\/\/uf-mi.u-bordeaux.fr\/mas\/wp-json\/wp\/v2\/pages\/312\/revisions\/340"}],"wp:attachment":[{"href":"https:\/\/uf-mi.u-bordeaux.fr\/mas\/wp-json\/wp\/v2\/media?parent=312"}],"curies":[{"name":"wp","href":"https:\/\/api.w.org\/{rel}","templated":true}]}}