{"id":154,"date":"2023-04-28T13:38:27","date_gmt":"2023-04-28T11:38:27","guid":{"rendered":"http:\/\/ufmi.apps.math.cnrs.fr\/mas\/?page_id=154"},"modified":"2024-07-03T17:36:52","modified_gmt":"2024-07-03T15:36:52","slug":"numerics-2023-2024-semaine-numerique-et-transition-ecologique","status":"publish","type":"page","link":"https:\/\/uf-mi.u-bordeaux.fr\/mas\/numerics-2023-2024-semaine-numerique-et-transition-ecologique\/","title":{"rendered":"Numerics &#8211; 2023\/2024 &#8211; Semaine \u00ab\u00a0Num\u00e9rique et transition \u00e9cologique\u00a0\u00bb"},"content":{"rendered":"\n<p> <strong>Du lundi 04 septembre au vendredi 08 <strong><strong>septembre<\/strong><\/strong><\/strong> <strong>2023<\/strong><\/p>\n\n\n\n<p><strong>Pr\u00e9sentation de la semaine<\/strong><\/p>\n\n\n\n<p>Cette semaine est destin\u00e9e aux \u00e9tudiant\u2219e\u2219s de master 2, d&rsquo;\u00e9cole d&rsquo;ing\u00e9nieurs, et aux doctorants dans le domaine des math\u00e9matiques, de l&rsquo;informatique, et de la science des donn\u00e9es, qui se questionnent sur la transition \u00e9cologique\u00a0: discussion autour du contexte environnemental et des solutions pouvant \u00eatre apport\u00e9es par des approches num\u00e9riques (math\u00e9matiques-informatique) mais aussi leurs limites, d\u00e9couverte d&rsquo;exemples de probl\u00e9matiques trait\u00e9es en partie par ces approches, mobilisation de leurs connaissances dans le cadre d\u2019une \u00e9tude par groupes d\u2019une probl\u00e9matique en rapport avec la transition \u00e9cologique.<\/p>\n\n\n\n<p><strong>Les matin\u00e9es sont consacr\u00e9es \u00e0 des expos\u00e9s scientifiques<\/strong> vari\u00e9s montrant les applications de techniques diverses \u00e0 des probl\u00e8mes en lien avec la transition \u00e9cologique.<\/p>\n\n\n\n<p><strong>Les apr\u00e8s-midis sont consacr\u00e9s \u00e0 des sessions de travail encadr\u00e9es<\/strong> pendant lesquelles les \u00e9tudiant\u2219e\u2219s devront faire avancer par groupe une probl\u00e9matique en lien avec la th\u00e9matique. Selon la formation des \u00e9tudiant\u2219e\u2219s , le travail demandera des comp\u00e9tences dans l&rsquo;un des domaines suivants : optimisation et recherche op\u00e9rationnelle, mod\u00e9lisation stochastique et statistiques, mod\u00e9lisation num\u00e9rique et simulation,  ou \u00e9quations aux d\u00e9riv\u00e9es partielles et probabilit\u00e9s. Le travail effectu\u00e9 sera \u00e0 pr\u00e9senter \u00e0 la fin de la semaine, avec un accent mis sur la vulgarisation et la rigueur scientifique.  <\/p>\n\n\n\n<p>Cette semaine fait partie du Graduate Program <a href=\"https:\/\/doctorat.u-bordeaux.fr\/avant-le-doctorat\/graduate-programs\/numerics\">Numerics<\/a>.<\/p>\n\n\n\n<p>Responsable\u00a0: Aur\u00e9lien Froger<\/p>\n\n\n\n<p><strong>Planning de la semaine<\/strong><\/p>\n\n\n\n<p>Un cocktail aura lieu jeudi \u00e0 17h30 dans le hall du b\u00e2timent A30 (Labri).<\/p>\n\n\n\n<figure class=\"wp-block-table is-style-regular\" style=\"font-size:13px\"><table class=\"has-dark-gray-color has-text-color has-fixed-layout\"><tbody><tr><td class=\"has-text-align-center\" data-align=\"center\">Lundi<br><strong>04\/09<\/strong><\/td><td class=\"has-text-align-center\" data-align=\"center\">Mardi<br><strong>05\/09<\/strong><\/td><td class=\"has-text-align-center\" data-align=\"center\">Mercredi<br><strong>06\/09<\/strong><\/td><td class=\"has-text-align-center\" data-align=\"center\">Jeudi<br><strong>07\/09<\/strong><\/td><td class=\"has-text-align-center\" data-align=\"center\">Vendredi<br><strong>08\/09<\/strong><\/td><\/tr><tr><td class=\"has-text-align-center\" data-align=\"center\"><strong><strong>9h45-10h15<\/strong><\/strong><br><em>A30 (Labri)<\/em><br><em>Amphi<\/em><\/td><td class=\"has-text-align-center\" data-align=\"center\"><strong><strong>8h15-9h45<\/strong><\/strong><br><em>B5<br>Amphi PABA<\/em><\/td><td class=\"has-text-align-center\" data-align=\"center\"><strong><strong>9h00-10h30<\/strong><\/strong><br><em><em>A30 (<em>Labri<\/em>)<\/em><br><em>Amphi<\/em><\/em><\/td><td class=\"has-text-align-center\" data-align=\"center\"><strong>9h00\u201310h30<\/strong><br><em>A9<\/em><br><em><em>Amphi n\u00b01<\/em><\/em><\/td><td class=\"has-text-align-center\" data-align=\"center\"><strong><strong>9h00-10h30<\/strong><\/strong><br><em>A33<br>A30<\/em><\/td><\/tr><tr><td class=\"has-text-align-center\" data-align=\"center\">Pr\u00e9sentation de la semaine<\/td><td class=\"has-text-align-center\" data-align=\"center\"><em>Expos\u00e9s<\/em><br>Travaux r\u00e9alis\u00e9s en stage par 2 \u00e9tudiantes de M2 en<br>recherche op\u00e9rationnelle : logistique urbaine durable \/  r\u00e9seau local de r\u00e9emploi de bouteilles en verre<br>consign\u00e9es<\/td><td class=\"has-text-align-center\" data-align=\"center\"><em>Expos\u00e9<\/em><br>Optimisation math\u00e9matique et planification des investissements dans le r\u00e9seau \u00e9lectrique<br><em>(Aur\u00e9lien Froger)<\/em><br><\/td><td class=\"has-text-align-center\" data-align=\"center\"><em>Expos\u00e9<\/em><br>Mod\u00e9lisation de l&rsquo;effet du r\u00e9chauffement climatique sur les esp\u00e8ces d&rsquo;arbres en altitude<br><em>(Vincent Couaillier)<\/em><\/td><td class=\"has-text-align-center\" data-align=\"center\">Travail <br>en groupe<\/td><\/tr><tr><td class=\"has-text-align-center\" data-align=\"center\">&#8211;<em>&#8212;<em>Pause caf\u00e9<\/em>&#8212;<\/em><br><em>A30 &#8211; Hall<\/em><\/td><td class=\"has-text-align-center\" data-align=\"center\"><em>&#8211;<em>&#8212;<em>Pause caf\u00e9<\/em>&#8212;<\/em><\/em><br><em>A30 &#8211; Hall<\/em><\/td><td class=\"has-text-align-center\" data-align=\"center\"><em>&#8211;<em>&#8212;<em>Pause caf\u00e9<\/em>&#8212;<\/em><\/em><br><em>A30 &#8211; Hall<\/em><\/td><td class=\"has-text-align-center\" data-align=\"center\">&#8211;<em>&#8212;<em>Pause caf\u00e9<\/em>&#8212;<\/em><br><em>A9 &#8211; Amphi n\u00b01<\/em><\/td><td class=\"has-text-align-center\" data-align=\"center\"><em>&#8211;<em>&#8212;<em>Pause caf\u00e9<\/em>&#8212;<\/em><\/em><br><em>A30 &#8211; Hall<\/em><\/td><\/tr><tr><td class=\"has-text-align-center\" data-align=\"center\"><strong>10h30\u201312h30<\/strong><br><em><em>A30 (<em>Labri<\/em>)<\/em><br><em>Amphi<\/em><\/em><\/td><td class=\"has-text-align-center\" data-align=\"center\"><strong>10h15\u201312h30<\/strong><br><em>A30 (<em>Labri<\/em>)<\/em><br><em>Amphi<\/em><\/td><td class=\"has-text-align-center\" data-align=\"center\"><strong>11h00\u201312h30<\/strong><br><em><em>A30 (<em>Labri<\/em>)<\/em><br><em>Amphi<\/em><\/em><\/td><td class=\"has-text-align-center\" data-align=\"center\"><strong><strong>10h50-12h15<\/strong><\/strong><br><em>A9<br>Amphi n\u00b01<\/em><\/td><td class=\"has-text-align-center\" data-align=\"center\"><strong><strong>10h45-12h15<\/strong><\/strong><br><em>A33<br>A30<\/em><\/td><\/tr><tr><td class=\"has-text-align-center\" data-align=\"center\">Echanges sur la place du num\u00e9rique<br>dans la transition \u00e9cologique <br>(<em>Aur\u00e9lie Bugeau<\/em>)<\/td><td class=\"has-text-align-center\" data-align=\"center\"><em>Expos\u00e9s<\/em><br>Convertisseurs d&rsquo;\u00e9nergie des vagues<br>(<em>Michel Bergman<\/em>, <br><em>Frank Sueur<\/em>)<\/td><td class=\"has-text-align-center\" data-align=\"center\"><em>Expos\u00e9<\/em><br>Intelligence artificielle frugale <br><em>(Adrien F. Vincent)<\/em><\/td><td class=\"has-text-align-center\" data-align=\"center\"><em>Expos\u00e9<\/em><br>Travaux r\u00e9alis\u00e9s en stage par 1 \u00e9tudiant de M2 en<br>mod\u00e9lisation stochastique et statistiques : d\u00e9tection d\u2019anomalies dans les r\u00e9seaux<br>d\u2019assainissement<br>+<br>Discussion et approfondissement du sujet<\/td><td class=\"has-text-align-center\" data-align=\"center\">Travail <br>en groupe<\/td><\/tr><tr><td class=\"has-text-align-center\" data-align=\"center\"><em>&#8211;<em>&#8212;<em>D\u00e9jeuner<\/em>&#8212;<\/em><\/em><\/td><td class=\"has-text-align-center\" data-align=\"center\"><em><em>&#8211;<em>&#8212;<em>D\u00e9jeuner<\/em>&#8212;<\/em><\/em><\/em><\/td><td class=\"has-text-align-center\" data-align=\"center\"><em><em>&#8211;<em>&#8212;<em>D\u00e9jeuner<\/em>&#8212;<\/em><\/em><\/em><\/td><td class=\"has-text-align-center\" data-align=\"center\"><em><em>&#8211;<em>&#8212;<em>D\u00e9jeuner<\/em>&#8212;<\/em><\/em><\/em><\/td><td class=\"has-text-align-center\" data-align=\"center\"><em><em>&#8211;<em>&#8212;<em>D\u00e9jeuner<\/em>&#8212;<\/em><\/em><\/em><\/td><\/tr><tr><td class=\"has-text-align-center\" data-align=\"center\"><strong>13h30-17h30<\/strong><br><em>A33<br>A30<\/em><\/td><td class=\"has-text-align-center\" data-align=\"center\"><strong>13h30-17h30<\/strong><br><em>A33<br>A30<\/em><\/td><td class=\"has-text-align-center\" data-align=\"center\"><strong>13h30-17h30<\/strong><br><em>A33<br>A30<\/em><\/td><td class=\"has-text-align-center\" data-align=\"center\"><strong>13h30-17h30<\/strong><br><em>A33<br>A30<\/em><\/td><td class=\"has-text-align-center\" data-align=\"center\"><strong>13h30-16h30<\/strong><br><em>A30 (<em>Labri<\/em>)<\/em><br><em>Amphi<\/em><\/td><\/tr><tr><td class=\"has-text-align-center\" data-align=\"center\">Travail <br>en groupe <br><\/td><td class=\"has-text-align-center\" data-align=\"center\">Travail <br>en groupe <\/td><td class=\"has-text-align-center\" data-align=\"center\">Travail <br>en groupe <\/td><td class=\"has-text-align-center\" data-align=\"center\">Travail <br>en groupe <\/td><td class=\"has-text-align-center\" data-align=\"center\">Pr\u00e9sentations<br>des travaux<br>r\u00e9alis\u00e9s en groupe<br>+<br>Echanges sur la semaine<br>(<em>Aur\u00e9lie Bugeau<\/em>)<\/td><\/tr><\/tbody><\/table><figcaption class=\"wp-element-caption\"><a href=\"http:\/\/uf-mi.u-bordeaux.fr\/mas\/wp-content\/uploads\/sites\/10\/2023\/08\/Numerics2023_ThematicWeek_Programme.pdf\">T\u00e9l\u00e9charger le programme en version PDF <\/a><\/figcaption><\/figure>\n\n\n\n<p><strong><a href=\"https:\/\/plmbox.math.cnrs.fr\/d\/f1a956e4c3b549b382fc\/\">Expos\u00e9s &#8211; Supports de pr\u00e9sentation<\/a><\/strong><\/p>\n\n\n\n<p><strong>R\u00e9partition des salles pour les sessions de travail en groupe :<\/strong><\/p>\n\n\n\n<ul class=\"wp-block-list\">\n<li>Groupe mod\u00e9lisation num\u00e9rique et simulation \/ edp-proba (A. Decoene, F. Sueur) : <em>Lundi, mardi, mercredi, jeudi (A33 &#8211; 109, 386), Vendredi (A33 &#8211; 386)<\/em><\/li>\n\n\n\n<li>Groupe mod\u00e9lisation stochastique et statistiques (V. Couallier) : <em>Lundi, mercredi, jeudi, vendredi (A33 &#8211; 286), mardi (13h30-14h30: <em><em>A33 <\/em><\/em>&#8211; <em>salle 1<\/em> \/<\/em> <em>14h30-17h30: <em><em>A33 <\/em><\/em>&#8211; <em>286<\/em>)<\/em> <\/li>\n\n\n\n<li>Groupe optimisation, recherche op\u00e9rationnelle et aide \u00e0 la d\u00e9cision (A. Froger) : <em>Lundi, mardi, mercredi, jeudi, vendredi (A30 &#8211; 76)<\/em><\/li>\n\n\n\n<li>Groupe th\u00e9orie des nombres <em>(A. Thiery) <\/em><\/li>\n<\/ul>\n\n\n\n<p><strong>Informations sur la validation de l&rsquo;UE Numerics<\/strong><\/p>\n\n\n\n<ul class=\"wp-block-list\">\n<li><a rel=\"noreferrer noopener\" href=\"http:\/\/uf-mi.u-bordeaux.fr\/mas\/wp-content\/uploads\/sites\/10\/2023\/08\/Modalites-validation_UB_Master_2023-24.docx\" target=\"_blank\">Etudiants de master de l&rsquo;Universit\u00e9 de Bordeaux<\/a><\/li>\n\n\n\n<li><a rel=\"noreferrer noopener\" href=\"http:\/\/uf-mi.u-bordeaux.fr\/mas\/wp-content\/uploads\/sites\/10\/2023\/08\/Modalites-validation_INP_2023-24.docx\" target=\"_blank\">Etudiants de Bordeaux INP<\/a><\/li>\n\n\n\n<li><a rel=\"noreferrer noopener\" href=\"http:\/\/uf-mi.u-bordeaux.fr\/mas\/wp-content\/uploads\/sites\/10\/2023\/08\/Modalites-validation_UB_EDMI_2023.docx\" target=\"_blank\">Doctorants de l&rsquo;EDMI<\/a><\/li>\n\n\n\n<li><a href=\"http:\/\/uf-mi.u-bordeaux.fr\/mas\/wp-content\/uploads\/sites\/10\/2023\/08\/Modalites-validation_UB_EDSPI_2023.docx\" target=\"_blank\" rel=\"noreferrer noopener\">Doctorants de l&rsquo;EDSPI<\/a><\/li>\n<\/ul>\n","protected":false},"excerpt":{"rendered":"<p>Du lundi 04 septembre au vendredi 08 septembre 2023 Pr\u00e9sentation de la semaine Cette semaine est destin\u00e9e aux \u00e9tudiant\u2219e\u2219s de master 2, d&rsquo;\u00e9cole d&rsquo;ing\u00e9nieurs, et aux doctorants dans le domaine des math\u00e9matiques, de l&rsquo;informatique, et [&hellip;]<\/p>\n","protected":false},"author":21,"featured_media":0,"parent":0,"menu_order":0,"comment_status":"closed","ping_status":"closed","template":"","meta":{"footnotes":""},"class_list":["post-154","page","type-page","status-publish","hentry"],"_links":{"self":[{"href":"https:\/\/uf-mi.u-bordeaux.fr\/mas\/wp-json\/wp\/v2\/pages\/154","targetHints":{"allow":["GET"]}}],"collection":[{"href":"https:\/\/uf-mi.u-bordeaux.fr\/mas\/wp-json\/wp\/v2\/pages"}],"about":[{"href":"https:\/\/uf-mi.u-bordeaux.fr\/mas\/wp-json\/wp\/v2\/types\/page"}],"author":[{"embeddable":true,"href":"https:\/\/uf-mi.u-bordeaux.fr\/mas\/wp-json\/wp\/v2\/users\/21"}],"replies":[{"embeddable":true,"href":"https:\/\/uf-mi.u-bordeaux.fr\/mas\/wp-json\/wp\/v2\/comments?post=154"}],"version-history":[{"count":69,"href":"https:\/\/uf-mi.u-bordeaux.fr\/mas\/wp-json\/wp\/v2\/pages\/154\/revisions"}],"predecessor-version":[{"id":290,"href":"https:\/\/uf-mi.u-bordeaux.fr\/mas\/wp-json\/wp\/v2\/pages\/154\/revisions\/290"}],"wp:attachment":[{"href":"https:\/\/uf-mi.u-bordeaux.fr\/mas\/wp-json\/wp\/v2\/media?parent=154"}],"curies":[{"name":"wp","href":"https:\/\/api.w.org\/{rel}","templated":true}]}}