{"id":14,"date":"2020-06-24T08:18:20","date_gmt":"2020-06-24T06:18:20","guid":{"rendered":"http:\/\/ufmi.apps.math.cnrs.fr\/mas\/?page_id=14"},"modified":"2025-01-09T17:46:09","modified_gmt":"2025-01-09T16:46:09","slug":"presentation-du-master","status":"publish","type":"page","link":"https:\/\/uf-mi.u-bordeaux.fr\/mas\/","title":{"rendered":"Pr\u00e9sentation du master"},"content":{"rendered":"\n<p>Ce cursus de l&rsquo;Universit\u00e9 de Bordeaux vise \u00e0 former des futurs ing\u00e9nieurs, cadres ou chercheurs ma\u00eetrisant les outils de la <strong>mod\u00e9lisation math\u00e9matique<\/strong>, et des <strong>sciences des donn\u00e9es<\/strong>. Il en fournit les notions math\u00e9matiques fondamentales et les outils pour les appliquer en pratique. <\/p>\n\n\n\n<p>Une sp\u00e9cificit\u00e9 de cette mention est de privil\u00e9gier <strong>la p\u00e9dagogie par projets et mises en situation<\/strong>, de mani\u00e8re \u00e0 mettre en pratique les comp\u00e9tences acquises dans les cours m\u00e9thodologiques. <\/p>\n\n\n\n<p>Les secteurs vers lesquels m\u00e8ne ce cursus sont porteurs et recherch\u00e9s : sant\u00e9, environnement, \u00e9nergie, transport, telecom, finance, a\u00e9ronautique, automobile,&#8230; <a href=\"https:\/\/www.u-bordeaux.fr\/Formation\/Enquetes-et-statistiques\/Du-diplome-vers-l-emploi\/Syntheses-et-tableaux-de-bord\">L&rsquo;insertion professionnelle des \u00e9tudiants du master<\/a> est une des plus \u00e9lev\u00e9es de l&rsquo;Universit\u00e9 de Bordeaux. <\/p>\n\n\n\n<p>Notre formation pr\u00e9pare \u00e0 l&rsquo;insertion professionnelle des \u00e9tudiants au cours des projets, des stages et des interventions d&rsquo;entreprises, mais aussi \u00e0 la poursuite en doctorat lors des s\u00e9minaires et des cours de sp\u00e9cialit\u00e9.<\/p>\n\n\n\n<p>Le master apporte des comp\u00e9tences pointues en <strong>mod\u00e9lisation, calcul haute performance,<\/strong> <strong>traitement d\u2019images<\/strong>, <strong>science des donn\u00e9es<\/strong>, <strong>fiabilit\u00e9 et  statistiques<\/strong>, <strong>recherche op\u00e9rationnelle et aide \u00e0 la  d\u00e9cision<\/strong>, <strong>finance<\/strong>, <strong>\u00e9conomie<\/strong>. Les <a href=\"https:\/\/uf-mi.u-bordeaux.fr\/mas\/les-parcours\/\">diff\u00e9rents parcours type<\/a> du master d\u00e9clinent les mod\u00e8les math\u00e9matiques et les algorithmes adapt\u00e9s \u00e0 leur finalit\u00e9. <\/p>\n\n\n\n<p>Trois parcours sont ouverts \u00e0 <strong>l&rsquo;apprentissage<\/strong> en M1 et en M2  : <strong>ROAD<\/strong> (optimisation et recherche op\u00e9rationnelle), <strong>MSS <\/strong>(statistique et datascience<strong>) <\/strong>et<strong> IOD <\/strong>(math\u00e9matiques pour le traitement des images).<\/p>\n\n\n\n<p>Nous accueillons environ 100 \u00e9tudiants tous les ans. Tous les cours se d\u00e9roulent sur les campus de Talence et de Pessac.<\/p>\n\n\n\n<p>Plus d&rsquo;info sur <a href=\"https:\/\/uf-mi.u-bordeaux.fr\/mas\/candidature\/\">les candidatures<\/a> au master.<br><\/p>\n","protected":false},"excerpt":{"rendered":"<p>Ce cursus de l&rsquo;Universit\u00e9 de Bordeaux vise \u00e0 former des futurs ing\u00e9nieurs, cadres ou chercheurs ma\u00eetrisant les outils de la mod\u00e9lisation math\u00e9matique, et des sciences des donn\u00e9es. Il en fournit les notions math\u00e9matiques fondamentales et [&hellip;]<\/p>\n","protected":false},"author":4,"featured_media":0,"parent":0,"menu_order":0,"comment_status":"closed","ping_status":"closed","template":"","meta":{"footnotes":""},"class_list":["post-14","page","type-page","status-publish","hentry"],"_links":{"self":[{"href":"https:\/\/uf-mi.u-bordeaux.fr\/mas\/wp-json\/wp\/v2\/pages\/14","targetHints":{"allow":["GET"]}}],"collection":[{"href":"https:\/\/uf-mi.u-bordeaux.fr\/mas\/wp-json\/wp\/v2\/pages"}],"about":[{"href":"https:\/\/uf-mi.u-bordeaux.fr\/mas\/wp-json\/wp\/v2\/types\/page"}],"author":[{"embeddable":true,"href":"https:\/\/uf-mi.u-bordeaux.fr\/mas\/wp-json\/wp\/v2\/users\/4"}],"replies":[{"embeddable":true,"href":"https:\/\/uf-mi.u-bordeaux.fr\/mas\/wp-json\/wp\/v2\/comments?post=14"}],"version-history":[{"count":38,"href":"https:\/\/uf-mi.u-bordeaux.fr\/mas\/wp-json\/wp\/v2\/pages\/14\/revisions"}],"predecessor-version":[{"id":356,"href":"https:\/\/uf-mi.u-bordeaux.fr\/mas\/wp-json\/wp\/v2\/pages\/14\/revisions\/356"}],"wp:attachment":[{"href":"https:\/\/uf-mi.u-bordeaux.fr\/mas\/wp-json\/wp\/v2\/media?parent=14"}],"curies":[{"name":"wp","href":"https:\/\/api.w.org\/{rel}","templated":true}]}}