{"id":25,"date":"2016-11-08T17:00:33","date_gmt":"2016-11-08T16:00:33","guid":{"rendered":"https:\/\/uf-mi.u-bordeaux.fr\/CMI-ISI\/wordpress\/?page_id=25"},"modified":"2016-11-22T18:09:46","modified_gmt":"2016-11-22T17:09:46","slug":"entreprises","status":"publish","type":"page","link":"https:\/\/uf-mi.u-bordeaux.fr\/cmi-isi\/entreprises\/","title":{"rendered":"Entreprises"},"content":{"rendered":"<h3><span style=\"color: #00ccff\">Taxe d&rsquo;apprentissage<\/span><\/h3>\n<p style=\"text-align: justify\">La taxe d\u2019apprentissage est un imp\u00f4t au b\u00e9n\u00e9fice des formations d&rsquo;enseignement sup\u00e9rieur (publiques ou priv\u00e9es). Les entreprises soumises \u00e0 cette derni\u00e8re peuvent choisir l\u2019affectation de leur versement au sein de l&rsquo;\u00e9tablissement b\u00e9n\u00e9ficiaire.<\/p>\n<h6 id=\"title-comment-faire\" style=\"padding-left: 30px\"><span style=\"color: #000000\">Comment faire ?<\/span><\/h6>\n<p style=\"padding-left: 60px\"><strong>La taxe d\u2019apprentissage se divise en deux parts :<\/strong><\/p>\n<p style=\"padding-left: 60px\"><strong><span style=\"text-decoration: underline\">Le quota<\/span> :\u00a0<\/strong><\/p>\n<p style=\"padding-left: 60px;text-align: justify\">Obligatoirement consacr\u00e9 \u00e0 l&rsquo;apprentissage.<br \/>\nPour toute information concernant la part quota de la\u00a0taxe d\u2019apprentissage, prendre contact avec les centres de formation d&rsquo;apprentis de l&rsquo;universit\u00e9 de Bordeaux :\u00a0<a href=\"mailto:taxe.apprentissage-cfamst@u-bordeaux.fr\" target=\"_self\">CFA M\u00e9tiers des Sciences et technologies\u00a0<\/a><\/p>\n<p style=\"padding-left: 60px\"><strong><span style=\"text-decoration: underline\">Le hors-quota<\/span> :\u00a0<\/strong><\/p>\n<p style=\"padding-left: 60px;text-align: justify\">Au b\u00e9n\u00e9fice des formations technologiques et professionnelles (art. 1er de la loi du 16 juillet 1971).\u00a0Pour plus d\u2019informations sur la part hors-quota, prendre contact avec vos interlocuteurs habituels \u00e0 l\u2019universit\u00e9 ou, pour les entreprises qui n\u2019auraient\u00a0pas encore de contacts, prendre attache avec la\u00a0<a href=\"mailto:partenariats-innovation@u-bordeaux.fr\" target=\"_self\">direction partenariats et innovation<\/a>.<\/p>\n<p style=\"padding-left: 60px\">\n","protected":false},"excerpt":{"rendered":"<p>Taxe d&rsquo;apprentissage La taxe d\u2019apprentissage est un imp\u00f4t au b\u00e9n\u00e9fice des formations d&rsquo;enseignement sup\u00e9rieur (publiques ou priv\u00e9es). Les entreprises soumises \u00e0 cette derni\u00e8re peuvent choisir l\u2019affectation de leur versement au sein de l&rsquo;\u00e9tablissement b\u00e9n\u00e9ficiaire. Comment [&hellip;]<\/p>\n","protected":false},"author":8,"featured_media":0,"parent":0,"menu_order":6,"comment_status":"closed","ping_status":"closed","template":"","meta":{"footnotes":""},"class_list":["post-25","page","type-page","status-publish","hentry"],"_links":{"self":[{"href":"https:\/\/uf-mi.u-bordeaux.fr\/cmi-isi\/wp-json\/wp\/v2\/pages\/25","targetHints":{"allow":["GET"]}}],"collection":[{"href":"https:\/\/uf-mi.u-bordeaux.fr\/cmi-isi\/wp-json\/wp\/v2\/pages"}],"about":[{"href":"https:\/\/uf-mi.u-bordeaux.fr\/cmi-isi\/wp-json\/wp\/v2\/types\/page"}],"author":[{"embeddable":true,"href":"https:\/\/uf-mi.u-bordeaux.fr\/cmi-isi\/wp-json\/wp\/v2\/users\/8"}],"replies":[{"embeddable":true,"href":"https:\/\/uf-mi.u-bordeaux.fr\/cmi-isi\/wp-json\/wp\/v2\/comments?post=25"}],"version-history":[{"count":6,"href":"https:\/\/uf-mi.u-bordeaux.fr\/cmi-isi\/wp-json\/wp\/v2\/pages\/25\/revisions"}],"predecessor-version":[{"id":130,"href":"https:\/\/uf-mi.u-bordeaux.fr\/cmi-isi\/wp-json\/wp\/v2\/pages\/25\/revisions\/130"}],"wp:attachment":[{"href":"https:\/\/uf-mi.u-bordeaux.fr\/cmi-isi\/wp-json\/wp\/v2\/media?parent=25"}],"curies":[{"name":"wp","href":"https:\/\/api.w.org\/{rel}","templated":true}]}}