{"id":21,"date":"2016-11-08T17:00:13","date_gmt":"2016-11-08T16:00:13","guid":{"rendered":"https:\/\/uf-mi.u-bordeaux.fr\/CMI-ISI\/wordpress\/?page_id=21"},"modified":"2016-11-22T18:03:09","modified_gmt":"2016-11-22T17:03:09","slug":"metiers","status":"publish","type":"page","link":"https:\/\/uf-mi.u-bordeaux.fr\/cmi-isi\/metiers\/","title":{"rendered":"M\u00e9tiers"},"content":{"rendered":"<h5>Les principaux m\u00e9tiers vis\u00e9s \u00e0 l\u2019issue du CMI ISI sont :<\/h5>\n<ul>\n<li>Data Scientist.<\/li>\n<li>Charg\u00e9 d\u2019\u00e9tudes en\u00a0statistique et en\u00a0informatique.<\/li>\n<li>Expert en statistique\u00a0d\u00e9cisionnelle.<\/li>\n<li>Expert en statistique\u00a0et informatique pour\u00a0l\u2019aide \u00e0 la d\u00e9cision et\u00a0le management.<\/li>\n<li>Responsable\u00a0des donn\u00e9es en\u00a0entreprise.<\/li>\n<\/ul>\n<p><strong>Consulter la plaquette de l&rsquo;ONISEP :<\/strong>\u00a0<a href=\"http:\/\/ressources.sfds.asso.fr\/pdf\/zoom_mathsinfo.pdf\">http:\/\/ressources.sfds.asso.fr\/pdf\/zoom_mathsinfo.pdf<\/a><\/p>\n<p>&nbsp;<\/p>\n","protected":false},"excerpt":{"rendered":"<p>Les principaux m\u00e9tiers vis\u00e9s \u00e0 l\u2019issue du CMI ISI sont : Data Scientist. Charg\u00e9 d\u2019\u00e9tudes en\u00a0statistique et en\u00a0informatique. Expert en statistique\u00a0d\u00e9cisionnelle. Expert en statistique\u00a0et informatique pour\u00a0l\u2019aide \u00e0 la d\u00e9cision et\u00a0le management. Responsable\u00a0des donn\u00e9es en\u00a0entreprise. Consulter [&hellip;]<\/p>\n","protected":false},"author":8,"featured_media":0,"parent":0,"menu_order":4,"comment_status":"closed","ping_status":"closed","template":"","meta":{"footnotes":""},"class_list":["post-21","page","type-page","status-publish","hentry"],"_links":{"self":[{"href":"https:\/\/uf-mi.u-bordeaux.fr\/cmi-isi\/wp-json\/wp\/v2\/pages\/21","targetHints":{"allow":["GET"]}}],"collection":[{"href":"https:\/\/uf-mi.u-bordeaux.fr\/cmi-isi\/wp-json\/wp\/v2\/pages"}],"about":[{"href":"https:\/\/uf-mi.u-bordeaux.fr\/cmi-isi\/wp-json\/wp\/v2\/types\/page"}],"author":[{"embeddable":true,"href":"https:\/\/uf-mi.u-bordeaux.fr\/cmi-isi\/wp-json\/wp\/v2\/users\/8"}],"replies":[{"embeddable":true,"href":"https:\/\/uf-mi.u-bordeaux.fr\/cmi-isi\/wp-json\/wp\/v2\/comments?post=21"}],"version-history":[{"count":4,"href":"https:\/\/uf-mi.u-bordeaux.fr\/cmi-isi\/wp-json\/wp\/v2\/pages\/21\/revisions"}],"predecessor-version":[{"id":124,"href":"https:\/\/uf-mi.u-bordeaux.fr\/cmi-isi\/wp-json\/wp\/v2\/pages\/21\/revisions\/124"}],"wp:attachment":[{"href":"https:\/\/uf-mi.u-bordeaux.fr\/cmi-isi\/wp-json\/wp\/v2\/media?parent=21"}],"curies":[{"name":"wp","href":"https:\/\/api.w.org\/{rel}","templated":true}]}}