{"id":17,"date":"2016-11-08T16:59:43","date_gmt":"2016-11-08T15:59:43","guid":{"rendered":"https:\/\/uf-mi.u-bordeaux.fr\/CMI-ISI\/wordpress\/?page_id=17"},"modified":"2024-10-25T10:01:44","modified_gmt":"2024-10-25T08:01:44","slug":"programme","status":"publish","type":"page","link":"https:\/\/uf-mi.u-bordeaux.fr\/cmi-isi\/programme\/","title":{"rendered":"Programme"},"content":{"rendered":"<p>Les cours et l\u2019encadrement de projets sont principalement\u00a0assur\u00e9s par des enseignants-chercheurs de l\u2019<a href=\"https:\/\/math-interactions.u-bordeaux.fr\/\">UFMI<\/a>, de\u00a0l\u2019<a href=\"https:\/\/www.math.u-bordeaux.fr\/imb\/spip.php\">Institut de Math\u00e9matiques de Bordeaux<\/a>\u00a0et du\u00a0<a href=\"http:\/\/www.labri.fr\">Laboratoire Bordelais de Recherche en Informatique<\/a>. Des professionnels ext\u00e9rieurs \u00e0 l\u2019Universit\u00e9 de Bordeaux interviennent \u00e9galement sous la forme de conf\u00e9rences, cours ou encadrement de projets dans un but de formation \u00e0 la science des donn\u00e9es en entreprise.<\/p>\n<p>La maquette de la formation change \u00e0 la rentr\u00e9e universitaire 2022. La nouvelle offre d\u2019enseignements indiqu\u00e9e ci-dessous est celle pr\u00e9vue \u00e0 partir de septembre 2022.<\/p>\n<h4 style=\"text-align: left\"><span style=\"color: #00bcd5\">Programme LICENCE<\/span><\/h4>\n<p>Lien vers le site de l&rsquo;Universit\u00e9 de Bordeaux :<\/p>\n<p><a href=\"https:\/\/formations.u-bordeaux.fr\/#\/details-formation?type=parcours-type&amp;id=38879\" target=\"_blank\" rel=\"noopener noreferrer\">https:\/\/formations.u-bordeaux.fr\/#\/details-formation?type=parcours-type&amp;id=38879<\/a><\/p>\n<hr \/>\n<h4 style=\"text-align: left\"><span style=\"color: #00bcd5\">S1\u00a0<\/span><\/h4>\n<ul>\n<li>Math\u00e9matiques g\u00e9n\u00e9rales<\/li>\n<li>Informatique<\/li>\n<li>Math\u00e9matiques approfondies<\/li>\n<li>Comp\u00e9tences num\u00e9riques &#8211; M\u00e9thodologie Communication<\/li>\n<li>Probabilit\u00e9s et Statistique<\/li>\n<li>Ouverture disciplinaire<\/li>\n<li>Anglais<\/li>\n<\/ul>\n<hr \/>\n<h4 style=\"text-align: left\"><span style=\"color: #00bcd5\">S2\u00a0<\/span><\/h4>\n<ul>\n<li>Alg\u00e8bre lin\u00e9aire 1<\/li>\n<li>Analyse<\/li>\n<li>Algorithmique des tableaux \/ Initiation au d\u00e9veloppement logiciel \/ BD Web<\/li>\n<li>Initiation \u00e0 la programmation C sous Unix<\/li>\n<li>Projet de Statistique CMI ISI<\/li>\n<li>Anglais<\/li>\n<li>Stage en entreprise\u00a0CMI ISI<\/li>\n<\/ul>\n<ul>\n<li style=\"list-style-type: none\"><\/li>\n<\/ul>\n<hr \/>\n<h4 style=\"text-align: left\"><span style=\"color: #00bcd5\">S3\u00a0<\/span><\/h4>\n<ul>\n<li>Analyse 2<\/li>\n<li>Alg\u00e8bre lin\u00e9aire 2<\/li>\n<li>Algorithmique des structures de donn\u00e9es \u00e9l\u00e9mentaires<\/li>\n<li>Programmation C<\/li>\n<li>Probabilit\u00e9s et statistique inf\u00e9rentielle<\/li>\n<li>Anglais<\/li>\n<li>Ouverture professionnelle 2<\/li>\n<li>\n<div class=\"page\" title=\"Page 5\">\n<div class=\"section\">\n<div class=\"layoutArea\">\n<div class=\"column\">\n<p>Maths, Sciences et Soci\u00e9t\u00e9 \/ LCO Culture, Expression et Cr\u00e9ativit\u00e9 \/ Filmer la science<\/p>\n<p>&nbsp;<\/p>\n<p>&nbsp;<\/p>\n<\/div>\n<\/div>\n<\/div>\n<\/div>\n<\/li>\n<\/ul>\n<hr \/>\n<h4 style=\"text-align: left\"><span style=\"color: #00bcd5\">S4\u00a0<\/span><\/h4>\n<ul>\n<li>Analyse 3<\/li>\n<li>Introduction \u00e0 l\u2019optimisation lin\u00e9aire<\/li>\n<li>Introduction \u00e0 l\u2019optimisation non-lin\u00e9aire<\/li>\n<li>Algorithmique et programmation fonctionnelle<\/li>\n<li>Projets technologiques 2<\/li>\n<li>Science et communication 2<\/li>\n<li>Projet programmation CMI ISI<\/li>\n<li>Anglais<\/li>\n<\/ul>\n<ul>\n<li style=\"list-style-type: none\"><\/li>\n<\/ul>\n<hr \/>\n<h4 style=\"text-align: left\"><span style=\"color: #00bcd5\">S5\u00a0<\/span><\/h4>\n<ul>\n<li>Projet data<\/li>\n<li>Algorithmique des\u00a0graphes<\/li>\n<li>Mod\u00e8le de la programmation et du calcul<\/li>\n<li>Algorithmique matricielle<\/li>\n<li>Math\u00e9matiques, sciences et soci\u00e9t\u00e9<\/li>\n<li>Probabilit\u00e9s, Statistique et Combinatoire<\/li>\n<li>Anglais<\/li>\n<li>Improvisation et Communication\n<div class=\"section\">\n<div class=\"layoutArea\"><\/div>\n<\/div>\n<\/li>\n<\/ul>\n<hr \/>\n<h4 style=\"text-align: left\"><span style=\"color: #00bcd5\">S6\u00a0<\/span><\/h4>\n<ul>\n<li>Techniques algorithmiques et programmation<\/li>\n<li>Image<\/li>\n<li>Probabilit\u00e9s<\/li>\n<li>Groupe de travail applicatif<\/li>\n<li>Programmation orient\u00e9e objets<\/li>\n<li>Anglais<\/li>\n<li>Projet d\u2019introduction au deep learning<\/li>\n<li>Ouverture Professionnelle 3<\/li>\n<\/ul>\n<div class=\"page\" title=\"Page 6\">\n<div class=\"section\"><\/div>\n<\/div>\n<hr \/>\n<h4><span style=\"color: #00bcd5\">Programme Master\u00a0<\/span><\/h4>\n<p>Lien vers le site de l&rsquo;Universit\u00e9 de Bordeaux :<\/p>\n<p><a href=\"https:\/\/formations.u-bordeaux.fr\/#\/details-formation?type=parcours-type&amp;id=39693\" target=\"_blank\" rel=\"noopener noreferrer\">https:\/\/formations.u-bordeaux.fr\/#\/details-formation?type=parcours-type&amp;id=39693<\/a><\/p>\n<hr \/>\n<h4 style=\"text-align: left\"><span style=\"color: #00bcd5\">S7\u00a0<\/span><\/h4>\n<ul>\n<li>Probabilit\u00e9s et Statistiques<\/li>\n<li>Repr\u00e9sentation de donn\u00e9es et Statistique multidimensionnelle<\/li>\n<li>Mod\u00e8les de r\u00e9gression<\/li>\n<li>Outils informatiques pour le traitement des donn\u00e9es<\/li>\n<li>Analyse, classification, indexation des donn\u00e9es<\/li>\n<li>Projet de visualisation analytique<\/li>\n<li>Management et th\u00e9orie des organisations<\/li>\n<li>Anglais<\/li>\n<\/ul>\n<hr \/>\n<h4 style=\"text-align: left\"><span style=\"color: #00bcd5\">S8\u00a0<\/span><\/h4>\n<ul>\n<li>Chaines de Markov<\/li>\n<li>Martingales et algorithmes stochastiques<\/li>\n<li>M\u00e9thodes MCMC<\/li>\n<li>Optimisation convexe pour les probl\u00e8mes inverses<\/li>\n<li>Projet d&rsquo;expertise en Statistique et Probabilit\u00e9s<\/li>\n<li>Projet de statistique pour donn\u00e9es environnementales<\/li>\n<li>Statistique computationnelle pour l&rsquo;exploration de donn\u00e9es<\/li>\n<li>Bases de donn\u00e9es avanc\u00e9es<\/li>\n<\/ul>\n<hr \/>\n<h4 style=\"text-align: left\"><span style=\"color: #00bcd5\">S9\u00a0<\/span><\/h4>\n<ul>\n<li>Statistiques et analyse de donn\u00e9es en grande dimension<\/li>\n<li>Introduction \u00e0 l&rsquo;apprentissage profond et D\u00e9fi Science des donn\u00e9es<\/li>\n<li>Apprentissage supervis\u00e9<\/li>\n<li>Mod\u00e8les lin\u00e9aires mixtes et applications en bio-statistique<\/li>\n<li>Optimisation en grande dimension &#8211; approches d\u00e9terministes et stochastiques<\/li>\n<li>Transport optimal computationnel pour la science des donn\u00e9es<\/li>\n<li>Science des donn\u00e9es et des r\u00e9seaux<\/li>\n<li>Management et \u00e9thique<\/li>\n<li>Lecture d&rsquo;articles scientifiques<\/li>\n<\/ul>\n<hr \/>\n<h4 style=\"text-align: left\"><span style=\"color: #00bcd5\">S10<\/span><\/h4>\n<ul>\n<li>Projet donn\u00e9es massives<\/li>\n<li><strong>Choix d\u2019option :\u00a0<\/strong>Projet Open Data et Science des donn\u00e9es dans l\u2019entreprise <b>ou\u00a0<\/b> Lecture et synth\u00e8se d\u2019articles de recherche<\/li>\n<li>Stage long en entreprise ou laboratoire<\/li>\n<li>Anglais<\/li>\n<\/ul>\n<hr \/>\n","protected":false},"excerpt":{"rendered":"<p>Les cours et l\u2019encadrement de projets sont principalement\u00a0assur\u00e9s par des enseignants-chercheurs de l\u2019UFMI, de\u00a0l\u2019Institut de Math\u00e9matiques de Bordeaux\u00a0et du\u00a0Laboratoire Bordelais de Recherche en Informatique. Des professionnels ext\u00e9rieurs \u00e0 l\u2019Universit\u00e9 de Bordeaux interviennent \u00e9galement sous la [&hellip;]<\/p>\n","protected":false},"author":19,"featured_media":0,"parent":0,"menu_order":2,"comment_status":"closed","ping_status":"closed","template":"","meta":{"footnotes":""},"class_list":["post-17","page","type-page","status-publish","hentry"],"_links":{"self":[{"href":"https:\/\/uf-mi.u-bordeaux.fr\/cmi-isi\/wp-json\/wp\/v2\/pages\/17","targetHints":{"allow":["GET"]}}],"collection":[{"href":"https:\/\/uf-mi.u-bordeaux.fr\/cmi-isi\/wp-json\/wp\/v2\/pages"}],"about":[{"href":"https:\/\/uf-mi.u-bordeaux.fr\/cmi-isi\/wp-json\/wp\/v2\/types\/page"}],"author":[{"embeddable":true,"href":"https:\/\/uf-mi.u-bordeaux.fr\/cmi-isi\/wp-json\/wp\/v2\/users\/19"}],"replies":[{"embeddable":true,"href":"https:\/\/uf-mi.u-bordeaux.fr\/cmi-isi\/wp-json\/wp\/v2\/comments?post=17"}],"version-history":[{"count":48,"href":"https:\/\/uf-mi.u-bordeaux.fr\/cmi-isi\/wp-json\/wp\/v2\/pages\/17\/revisions"}],"predecessor-version":[{"id":306,"href":"https:\/\/uf-mi.u-bordeaux.fr\/cmi-isi\/wp-json\/wp\/v2\/pages\/17\/revisions\/306"}],"wp:attachment":[{"href":"https:\/\/uf-mi.u-bordeaux.fr\/cmi-isi\/wp-json\/wp\/v2\/media?parent=17"}],"curies":[{"name":"wp","href":"https:\/\/api.w.org\/{rel}","templated":true}]}}