{"id":69,"date":"2016-06-29T10:02:00","date_gmt":"2016-06-29T08:02:00","guid":{"rendered":"http:\/\/mss.apps.math.cnrs.fr\/?page_id=69"},"modified":"2016-06-29T15:40:18","modified_gmt":"2016-06-29T13:40:18","slug":"entreprises-et-laboratoires","status":"publish","type":"page","link":"https:\/\/uf-mi.u-bordeaux.fr\/MSS\/entreprises-et-laboratoires\/","title":{"rendered":"Entreprises et Laboratoires"},"content":{"rendered":"<p>Si vous souhaitez d\u00e9poser une <strong>offre de stage ou d&#8217;emploi<\/strong>, vous pouvez nous contacter directement par e-mail. Celle-ci sera diffus\u00e9e aux \u00e9tudiants en Intranet sur ce site (acc\u00e8s avec mot de passe).<\/p>\n<p><strong>Proposition d&rsquo;intervention dans le Master<\/strong> : vous pouvez \u00e9galement nous contacter si vous \u00eates int\u00e9ress\u00e9s par\u00a0intervenir en tant que professionnel ext\u00e9rieur\u00a0<span class=\"il\">dans<\/span>\u00a0notre formation.<\/p>\n<p>Quelques\u00a0exemples\u00a0possibles d&rsquo;intervention sont\u00a0les suivants :<\/p>\n<ul>\n<li>s\u00e9minaire professionnel : intervention de 1 \u00e0 2 heures sur le m\u00e9tier de statisticien dans votre entreprise<\/li>\n<li>fourniture de cas tests (jeu de donn\u00e9es et probl\u00e9matiques associ\u00e9es) pour des projets \u00e9tudiants<\/li>\n<li>encadrement d&rsquo;\u00e9tudiants sur un projet d&rsquo;analyse de donn\u00e9es<\/li>\n<li>cours\/travaux dirig\u00e9s sur une th\u00e9matique de votre choix en lien avec les enseignements du Master<\/li>\n<li>proposition de projets qui peuvent d\u00e9boucher sur un stage en entreprise<\/li>\n<\/ul>\n","protected":false},"excerpt":{"rendered":"<p>Si vous souhaitez d\u00e9poser une offre de stage ou d&#8217;emploi, vous pouvez nous contacter directement par e-mail. Celle-ci sera diffus\u00e9e aux \u00e9tudiants en Intranet sur ce site (acc\u00e8s avec mot de passe). Proposition d&rsquo;intervention dans le Master : vous pouvez \u00e9galement nous contacter si vous \u00eates int\u00e9ress\u00e9s par\u00a0intervenir en tant que professionnel ext\u00e9rieur\u00a0dans\u00a0notre formation. Quelques\u00a0exemples\u00a0possibles [&hellip;]<\/p>\n","protected":false},"author":2,"featured_media":0,"parent":0,"menu_order":0,"comment_status":"closed","ping_status":"closed","template":"","meta":{"footnotes":""},"class_list":["post-69","page","type-page","status-publish","hentry"],"_links":{"self":[{"href":"https:\/\/uf-mi.u-bordeaux.fr\/MSS\/wp-json\/wp\/v2\/pages\/69","targetHints":{"allow":["GET"]}}],"collection":[{"href":"https:\/\/uf-mi.u-bordeaux.fr\/MSS\/wp-json\/wp\/v2\/pages"}],"about":[{"href":"https:\/\/uf-mi.u-bordeaux.fr\/MSS\/wp-json\/wp\/v2\/types\/page"}],"author":[{"embeddable":true,"href":"https:\/\/uf-mi.u-bordeaux.fr\/MSS\/wp-json\/wp\/v2\/users\/2"}],"replies":[{"embeddable":true,"href":"https:\/\/uf-mi.u-bordeaux.fr\/MSS\/wp-json\/wp\/v2\/comments?post=69"}],"version-history":[{"count":6,"href":"https:\/\/uf-mi.u-bordeaux.fr\/MSS\/wp-json\/wp\/v2\/pages\/69\/revisions"}],"predecessor-version":[{"id":100,"href":"https:\/\/uf-mi.u-bordeaux.fr\/MSS\/wp-json\/wp\/v2\/pages\/69\/revisions\/100"}],"wp:attachment":[{"href":"https:\/\/uf-mi.u-bordeaux.fr\/MSS\/wp-json\/wp\/v2\/media?parent=69"}],"curies":[{"name":"wp","href":"https:\/\/api.w.org\/{rel}","templated":true}]}}