{"id":64,"date":"2016-06-29T00:55:23","date_gmt":"2016-06-28T22:55:23","guid":{"rendered":"http:\/\/mss.apps.math.cnrs.fr\/?page_id=64"},"modified":"2025-09-02T10:17:14","modified_gmt":"2025-09-02T08:17:14","slug":"emploi-du-temps","status":"publish","type":"page","link":"https:\/\/uf-mi.u-bordeaux.fr\/MSS\/emploi-du-temps\/","title":{"rendered":"Emploi du temps"},"content":{"rendered":"\n<p><\/p>\n\n\n\n<p>EDT en ligne via <a href=\"https:\/\/celcat.u-bordeaux.fr\/Calendar\/cal?vt=agendaWeek&amp;dt=2023-08-01&amp;et=group\" target=\"_blank\" rel=\"noreferrer noopener\">CELCAT<\/a><\/p>\n\n\n\n<p>Code EDT des M1 : 4TSS701S<\/p>\n\n\n\n<p>Code EDT des M2 : 4TSS901S<\/p>\n\n\n\n<p>Tuto d\u2019utilisation via l\u2019ENT :&nbsp;<a href=\"http:\/\/uf-mi.u-bordeaux.fr\/MSS\/wp-content\/uploads\/2021\/08\/Voir_son_EDT.pdf\">Voir_son_EDT<\/a><\/p>\n\n\n\n<p><strong>Soutenances de stage des \u00e9tudiants M2 promo 2024-2025 : 2, 3, 4 et 5 septembre 2025<\/strong><\/p>\n\n\n\n<p><a href=\"https:\/\/uf-mi.u-bordeaux.fr\/MSS\/wp-content\/uploads\/2025\/08\/Planning-soutenance-M2-pro-2024-25-V3.pdf\">Planning des soutenances de stages promo 2024-2025<\/a><\/p>\n\n\n\n<p>Les soutenances sont en pr\u00e9sentiel (hormis les soutenances \u00e0 huis-clos) avec les membres du jury et la pr\u00e9sence du public \u00e9tudiant est la bienvenue (promo M2 et promo M1 2024-2025).<\/p>\n\n\n\n<p><a href=\"https:\/\/uf-mi.u-bordeaux.fr\/MSS\/wp-content\/uploads\/2025\/09\/presentationsMSS-M1.pdf\">Transparents de la r\u00e9union M1<\/a>, <a href=\"https:\/\/uf-mi.u-bordeaux.fr\/MSS\/wp-content\/uploads\/2025\/09\/presentationsMSS-M2.pdf\">transparents de la r\u00e9union M2<\/a><\/p>\n","protected":false},"excerpt":{"rendered":"<p>EDT en ligne via CELCAT Code EDT des M1 : 4TSS701S Code EDT des M2 : 4TSS901S Tuto d\u2019utilisation via l\u2019ENT :&nbsp;Voir_son_EDT Soutenances de stage des \u00e9tudiants M2 promo 2024-2025 : 2, 3, 4 et 5 septembre 2025 Planning des soutenances de stages promo 2024-2025 Les soutenances sont en pr\u00e9sentiel (hormis les soutenances \u00e0 huis-clos) [&hellip;]<\/p>\n","protected":false},"author":2,"featured_media":0,"parent":0,"menu_order":0,"comment_status":"closed","ping_status":"closed","template":"","meta":{"footnotes":""},"class_list":["post-64","page","type-page","status-publish","hentry"],"_links":{"self":[{"href":"https:\/\/uf-mi.u-bordeaux.fr\/MSS\/wp-json\/wp\/v2\/pages\/64","targetHints":{"allow":["GET"]}}],"collection":[{"href":"https:\/\/uf-mi.u-bordeaux.fr\/MSS\/wp-json\/wp\/v2\/pages"}],"about":[{"href":"https:\/\/uf-mi.u-bordeaux.fr\/MSS\/wp-json\/wp\/v2\/types\/page"}],"author":[{"embeddable":true,"href":"https:\/\/uf-mi.u-bordeaux.fr\/MSS\/wp-json\/wp\/v2\/users\/2"}],"replies":[{"embeddable":true,"href":"https:\/\/uf-mi.u-bordeaux.fr\/MSS\/wp-json\/wp\/v2\/comments?post=64"}],"version-history":[{"count":83,"href":"https:\/\/uf-mi.u-bordeaux.fr\/MSS\/wp-json\/wp\/v2\/pages\/64\/revisions"}],"predecessor-version":[{"id":1229,"href":"https:\/\/uf-mi.u-bordeaux.fr\/MSS\/wp-json\/wp\/v2\/pages\/64\/revisions\/1229"}],"wp:attachment":[{"href":"https:\/\/uf-mi.u-bordeaux.fr\/MSS\/wp-json\/wp\/v2\/media?parent=64"}],"curies":[{"name":"wp","href":"https:\/\/api.w.org\/{rel}","templated":true}]}}