{"id":61,"date":"2016-06-29T00:51:20","date_gmt":"2016-06-28T22:51:20","guid":{"rendered":"http:\/\/mss.apps.math.cnrs.fr\/?page_id=61"},"modified":"2021-10-21T14:13:27","modified_gmt":"2021-10-21T12:13:27","slug":"metiers-de-laleatoire","status":"publish","type":"page","link":"https:\/\/uf-mi.u-bordeaux.fr\/MSS\/metiers-de-laleatoire\/","title":{"rendered":"M\u00e9tiers de l&rsquo;al\u00e9atoire"},"content":{"rendered":"<p>Brochure zoom m\u00e9tiers de l&rsquo;ONISEP<\/p>\n<p style=\"text-align: center;\"><a href=\"https:\/\/www.onisep.fr\/content\/download\/769765\/file\/ZOOM-MATHS_partenaires.pdf\" target=\"_blank\" rel=\"noopener\">Les m\u00e9tiers des math\u00e9matiques, de la statistique et de l&rsquo;informatique<\/a><\/p>\n<p style=\"text-align: center;\"><a href=\"http:\/\/www.math.u-bordeaux1.fr\/~jbigot\/Site\/Enseignement_files\/metiers_stats.pdf\">Les m\u00e9tiers de la statistique<\/a><\/p>\n<p><a href=\"https:\/\/www.sfds.asso.fr\/fr\/n\/506-consulter_les_offres_demploi\/\">Offres d&#8217;emploi<\/a> &#8211; Soci\u00e9t\u00e9 fran\u00e7aise de statistique (<a href=\"http:\/\/www.sfds.asso.fr\">SFDS<\/a>)<\/p>\n<p><a href=\"https:\/\/fr.jooble.org\/emploi-data-science\/Bordeaux\">Offres d&#8217;emploi sur Bordeaux en Data Science<\/a> sur Jooble<\/p>\n<p><a href=\"http:\/\/www.madics.fr\/offres\/#Postes\" target=\"_blank\" rel=\"noopener\">Offres d&#8217;emplois et th\u00e8ses<\/a> &#8211; GDR MaDICS (Masses de Donn\u00e9es, Informations et Connaissances en Sciences)<\/p>\n","protected":false},"excerpt":{"rendered":"<p>Brochure zoom m\u00e9tiers de l&rsquo;ONISEP Les m\u00e9tiers des math\u00e9matiques, de la statistique et de l&rsquo;informatique Les m\u00e9tiers de la statistique Offres d&#8217;emploi &#8211; Soci\u00e9t\u00e9 fran\u00e7aise de statistique (SFDS) Offres d&#8217;emploi sur Bordeaux en Data Science sur Jooble Offres d&#8217;emplois et th\u00e8ses &#8211; GDR MaDICS (Masses de Donn\u00e9es, Informations et Connaissances en Sciences)<\/p>\n","protected":false},"author":2,"featured_media":0,"parent":0,"menu_order":0,"comment_status":"closed","ping_status":"closed","template":"","meta":{"footnotes":""},"class_list":["post-61","page","type-page","status-publish","hentry"],"_links":{"self":[{"href":"https:\/\/uf-mi.u-bordeaux.fr\/MSS\/wp-json\/wp\/v2\/pages\/61","targetHints":{"allow":["GET"]}}],"collection":[{"href":"https:\/\/uf-mi.u-bordeaux.fr\/MSS\/wp-json\/wp\/v2\/pages"}],"about":[{"href":"https:\/\/uf-mi.u-bordeaux.fr\/MSS\/wp-json\/wp\/v2\/types\/page"}],"author":[{"embeddable":true,"href":"https:\/\/uf-mi.u-bordeaux.fr\/MSS\/wp-json\/wp\/v2\/users\/2"}],"replies":[{"embeddable":true,"href":"https:\/\/uf-mi.u-bordeaux.fr\/MSS\/wp-json\/wp\/v2\/comments?post=61"}],"version-history":[{"count":15,"href":"https:\/\/uf-mi.u-bordeaux.fr\/MSS\/wp-json\/wp\/v2\/pages\/61\/revisions"}],"predecessor-version":[{"id":862,"href":"https:\/\/uf-mi.u-bordeaux.fr\/MSS\/wp-json\/wp\/v2\/pages\/61\/revisions\/862"}],"wp:attachment":[{"href":"https:\/\/uf-mi.u-bordeaux.fr\/MSS\/wp-json\/wp\/v2\/media?parent=61"}],"curies":[{"name":"wp","href":"https:\/\/api.w.org\/{rel}","templated":true}]}}