{"id":6,"date":"2016-06-24T09:27:32","date_gmt":"2016-06-24T07:27:32","guid":{"rendered":"http:\/\/mss.apps.math.cnrs.fr\/?page_id=6"},"modified":"2025-11-07T10:35:46","modified_gmt":"2025-11-07T09:35:46","slug":"organisation","status":"publish","type":"page","link":"https:\/\/uf-mi.u-bordeaux.fr\/MSS\/organisation\/","title":{"rendered":"Enseignements"},"content":{"rendered":"<p>Les cours et l&rsquo;encadrement de projets sont principalement\u00a0assur\u00e9s par des enseignants-chercheurs de l&rsquo;<a href=\"https:\/\/math-interactions.u-bordeaux.fr\">UFMI<\/a> et de l&rsquo;<a href=\"https:\/\/www.math.u-bordeaux.fr\/imb\/spip.php\">Institut de Math\u00e9matiques de Bordeaux<\/a>. Des professionnels ext\u00e9rieurs \u00e0 l&rsquo;Universit\u00e9 de Bordeaux interviennent \u00e9galement sous la forme de conf\u00e9rences, cours ou encadrement de projets dans un but de formation \u00e0 la science des donn\u00e9es en entreprise.<\/p>\n<p>La maquette de la formation change \u00e0 la rentr\u00e9e universitaire 2022. La nouvelle offre d&rsquo;enseignements indiqu\u00e9e ci-dessous est celle pr\u00e9vue \u00e0 partir de septembre 2022.<\/p>\n<h3><span style=\"text-decoration: underline;\">M1 &#8211; Premier Semestre<\/span><\/h3>\n<p>Repr\u00e9sentation de donn\u00e9es et statistique multidimensionnelle\u00a0&#8211; 3 ECTS<\/p>\n<p>Tests d&rsquo;hypoth\u00e8ses et estimation non-param\u00e9trique\u00a0&#8211; 3 ECTS<\/p>\n<p>Management et th\u00e9orie des organisations &#8211; 3 ECTS<\/p>\n<p>Probabilit\u00e9s et Statistique &#8211; 6 ECTS<\/p>\n<p>Mod\u00e8les de r\u00e9gression &#8211; 6 ECTS<\/p>\n<p>Outils informatiques pour le traitement des donn\u00e9es\u00a0&#8211; 6 ECTS<\/p>\n<p>Anglais &#8211; 3 ECTS<\/p>\n<h3><span style=\"text-decoration: underline;\">M1 &#8211; Deuxi\u00e8me\u00a0Semestre<\/span><\/h3>\n<p>Statistique computationnelle pour l&rsquo;exploration de donn\u00e9es\u00a0&#8211; 3 ECTS<\/p>\n<p>Martingales &#8211; 3 ECTS<\/p>\n<p>Algorithmes stochastiques &#8211; 3 ECTS<\/p>\n<p>Cha\u00eenes de Markov &#8211; 3 ECTS<\/p>\n<p>Optimisation convexe pour les probl\u00e8mes inverses &#8211; 6 ECTS<\/p>\n<p>M\u00e9thodes MCMC &#8211; 3 ECTS<\/p>\n<p>Projet de statistique pour donn\u00e9es environnementales &#8211; 3 ECTS<\/p>\n<p>Projet d\u2019expertise en Statistique et Probabilit\u00e9s &#8211; 6 ECTS<\/p>\n<hr \/>\n<h3><span style=\"text-decoration: underline;\">M2 &#8211; Premier Semestre<\/span><\/h3>\n<p>Management et \u00e9thique &#8211; 3 ECTS<\/p>\n<p>Statistique et analyse de donn\u00e9es en grande dimension &#8211; 6 ECTS<\/p>\n<p>Introduction \u00e0 l&rsquo;apprentissage profond et D\u00e9fi Science des donn\u00e9es &#8211; 3 ECTS<\/p>\n<p>Apprentissage supervis\u00e9 &#8211; 6 ECTS<\/p>\n<p>Anglais &#8211; 3 ECTS<\/p>\n<p><strong>Choix d&rsquo;options (9 ECTS au total)<\/strong><\/p>\n<p>Transport optimal computationnel pour la science des donn\u00e9es &#8211; 3 ECTS<\/p>\n<p>Analyse de survie &#8211; 3 ECTS<\/p>\n<p>Mod\u00e8les lin\u00e9aires mixtes et applications en bio-statistique &#8211; 3 ECTS<\/p>\n<p>Optimisation en grande dimension &#8211; approches d\u00e9terministes et stochastiques &#8211; 3 ECTS<\/p>\n<p>Calcul stochastique &#8211; 3 ECTS<\/p>\n<h3><span style=\"text-decoration: underline;\">M2 &#8211; Deuxi\u00e8me\u00a0Semestre<\/span><\/h3>\n<p>Projet Donn\u00e9es Massives &#8211; 3 ECTS<\/p>\n<p>Stage long en entreprise ou laboratoire &#8211; 24 ECTS<\/p>\n<p><strong>Choix d&rsquo;options (3 ECTS au total)<\/strong><\/p>\n<p>Projet Open Data et Science des donn\u00e9es dans l&rsquo;entreprise &#8211; 3 ECTS<\/p>\n<p>Lecture et synth\u00e8se d&rsquo;articles de recherche &#8211; 3 ECTS<\/p>\n","protected":false},"excerpt":{"rendered":"<p>Les cours et l&rsquo;encadrement de projets sont principalement\u00a0assur\u00e9s par des enseignants-chercheurs de l&rsquo;UFMI et de l&rsquo;Institut de Math\u00e9matiques de Bordeaux. Des professionnels ext\u00e9rieurs \u00e0 l&rsquo;Universit\u00e9 de Bordeaux interviennent \u00e9galement sous la forme de conf\u00e9rences, cours ou encadrement de projets dans un but de formation \u00e0 la science des donn\u00e9es en entreprise. La maquette de la [&hellip;]<\/p>\n","protected":false},"author":1,"featured_media":0,"parent":0,"menu_order":1,"comment_status":"closed","ping_status":"closed","template":"","meta":{"footnotes":""},"class_list":["post-6","page","type-page","status-publish","hentry"],"_links":{"self":[{"href":"https:\/\/uf-mi.u-bordeaux.fr\/MSS\/wp-json\/wp\/v2\/pages\/6","targetHints":{"allow":["GET"]}}],"collection":[{"href":"https:\/\/uf-mi.u-bordeaux.fr\/MSS\/wp-json\/wp\/v2\/pages"}],"about":[{"href":"https:\/\/uf-mi.u-bordeaux.fr\/MSS\/wp-json\/wp\/v2\/types\/page"}],"author":[{"embeddable":true,"href":"https:\/\/uf-mi.u-bordeaux.fr\/MSS\/wp-json\/wp\/v2\/users\/1"}],"replies":[{"embeddable":true,"href":"https:\/\/uf-mi.u-bordeaux.fr\/MSS\/wp-json\/wp\/v2\/comments?post=6"}],"version-history":[{"count":33,"href":"https:\/\/uf-mi.u-bordeaux.fr\/MSS\/wp-json\/wp\/v2\/pages\/6\/revisions"}],"predecessor-version":[{"id":1282,"href":"https:\/\/uf-mi.u-bordeaux.fr\/MSS\/wp-json\/wp\/v2\/pages\/6\/revisions\/1282"}],"wp:attachment":[{"href":"https:\/\/uf-mi.u-bordeaux.fr\/MSS\/wp-json\/wp\/v2\/media?parent=6"}],"curies":[{"name":"wp","href":"https:\/\/api.w.org\/{rel}","templated":true}]}}