{"id":30,"date":"2016-06-28T23:10:24","date_gmt":"2016-06-28T21:10:24","guid":{"rendered":"http:\/\/mss.apps.math.cnrs.fr\/?page_id=30"},"modified":"2021-09-03T15:06:32","modified_gmt":"2021-09-03T13:06:32","slug":"projets-etudiants","status":"publish","type":"page","link":"https:\/\/uf-mi.u-bordeaux.fr\/MSS\/projets-etudiants\/","title":{"rendered":"Projets Etudiants"},"content":{"rendered":"<h3>Projets Open Data<\/h3>\n<p>La liste des projets Open Data r\u00e9alis\u00e9s par les \u00e9tudiants de M2 lors des ann\u00e9es pr\u00e9sentes est disponible ici :<\/p>\n<p style=\"text-align: center;\"><a href=\"https:\/\/www.math.u-bordeaux.fr\/~arichou\/site\/about\/index.html\" target=\"_blank\" rel=\"noopener\">Projets Open Data &#8211; Master MAS parcours MSS<\/a><\/p>\n<p>Un objectif important du parcours MSS est en effet de faire travailler (au travers d&rsquo;un projet) les \u00e9tudiants de M2\u00a0sur la\u00a0mise\u00a0en \u0153uvre de l\u2019ensemble des outils statistiques et informatiques acquis au cours de la formation, pour l&rsquo;extraction d&rsquo;information\u00a0de grandes bases de donn\u00e9es. Ce projet s\u2019articule autour des t\u00e2ches suivantes :<\/p>\n<ul>\n<li>\u00a0Traduire en terme math\u00e9matiques et statistique l\u2019objectif du projet.<\/li>\n<li>\u00a0D\u00e9terminer les sources de donn\u00e9es pertinentes pour ce projet.<\/li>\n<li>\u00a0Acquisition de ces donn\u00e9es et leur organisation\/stockage afin de pouvoir les exploiter.<\/li>\n<li>\u00a0Conception et mise en \u0153uvre d\u2019outils statistiques et informatiques pour l\u2019analyse de ces donn\u00e9es dans un but de d\u00e9cision et de valorisation.<\/li>\n<li>\u00a0Restitution du traitement des donn\u00e9es dans un syst\u00e8me d\u2019information.<\/li>\n<\/ul>\n<p style=\"text-align: center;\">\n<h3><\/h3>\n","protected":false},"excerpt":{"rendered":"<p>Projets Open Data La liste des projets Open Data r\u00e9alis\u00e9s par les \u00e9tudiants de M2 lors des ann\u00e9es pr\u00e9sentes est disponible ici : Projets Open Data &#8211; Master MAS parcours MSS Un objectif important du parcours MSS est en effet de faire travailler (au travers d&rsquo;un projet) les \u00e9tudiants de M2\u00a0sur la\u00a0mise\u00a0en \u0153uvre de l\u2019ensemble [&hellip;]<\/p>\n","protected":false},"author":2,"featured_media":0,"parent":0,"menu_order":0,"comment_status":"closed","ping_status":"closed","template":"","meta":{"footnotes":""},"class_list":["post-30","page","type-page","status-publish","hentry"],"_links":{"self":[{"href":"https:\/\/uf-mi.u-bordeaux.fr\/MSS\/wp-json\/wp\/v2\/pages\/30","targetHints":{"allow":["GET"]}}],"collection":[{"href":"https:\/\/uf-mi.u-bordeaux.fr\/MSS\/wp-json\/wp\/v2\/pages"}],"about":[{"href":"https:\/\/uf-mi.u-bordeaux.fr\/MSS\/wp-json\/wp\/v2\/types\/page"}],"author":[{"embeddable":true,"href":"https:\/\/uf-mi.u-bordeaux.fr\/MSS\/wp-json\/wp\/v2\/users\/2"}],"replies":[{"embeddable":true,"href":"https:\/\/uf-mi.u-bordeaux.fr\/MSS\/wp-json\/wp\/v2\/comments?post=30"}],"version-history":[{"count":15,"href":"https:\/\/uf-mi.u-bordeaux.fr\/MSS\/wp-json\/wp\/v2\/pages\/30\/revisions"}],"predecessor-version":[{"id":818,"href":"https:\/\/uf-mi.u-bordeaux.fr\/MSS\/wp-json\/wp\/v2\/pages\/30\/revisions\/818"}],"wp:attachment":[{"href":"https:\/\/uf-mi.u-bordeaux.fr\/MSS\/wp-json\/wp\/v2\/media?parent=30"}],"curies":[{"name":"wp","href":"https:\/\/api.w.org\/{rel}","templated":true}]}}